{"id":1539,"date":"2019-10-26T15:21:02","date_gmt":"2019-10-26T15:21:02","guid":{"rendered":"https:\/\/www.sv-boeblingen.de\/turnen\/?page_id=1539"},"modified":"2025-09-26T17:18:39","modified_gmt":"2025-09-26T17:18:39","slug":"angebote","status":"publish","type":"page","link":"https:\/\/www.sv-boeblingen.de\/turnen\/angebote\/","title":{"rendered":"Angebote"},"content":{"rendered":"<div id=\"pl-1539\"  class=\"panel-layout\" ><div id=\"pg-1539-0\"  class=\"panel-grid panel-has-style\" ><div class=\"siteorigin-panels-stretch panel-row-style panel-row-style-for-1539-0\" data-stretch-type=\"full-stretched\" ><div id=\"pgc-1539-0-0\"  class=\"panel-grid-cell panel-grid-cell-mobile-last\" ><div style=\"background-color: rgba(255,255,255,0);\" class=\"panel-cell-style panel-cell-style-for-1539-0-0\" ><div id=\"panel-1539-0-0-0\" class=\"so-panel widget widget_sow-headline panel-first-child panel-last-child\" data-index=\"0\" ><div\n\t\t\t\n\t\t\tclass=\"so-widget-sow-headline so-widget-sow-headline-default-1eb9d7cf073e-1539 so-widget-fittext-wrapper\"\n\t\t\t data-fit-text-compressor=\"0.85\"\n\t\t><div class=\"sow-headline-container \">\n\t<h1 class='sow-headline'>\t\t\t\t\t\t<a href=\"https:\/\/www.sv-boeblingen.de\/turnen\/maedchen\/\" >\n\t\t\t\t\tGer\u00e4tturnen M\u00e4dchen<\/a><\/h1>\t\t\t\t\t<div class=\"decoration\">\n\t\t\t\t\t\t<div class=\"decoration-inside\"><\/div>\n\t\t\t\t\t<\/div>\n\t\t\t\t\t<p class='sow-sub-headline'>Du willst mit Turnen anfangen oder suchst einen Verein? Dann findest Du hier unsere Gruppen. <\/p><\/div><\/div><\/div><\/div><\/div><div id=\"pgc-1539-0-1\"  class=\"panel-grid-cell panel-grid-cell-empty\" ><div style=\"background-color: rgba(255,255,255,0);\" class=\"panel-cell-style panel-cell-style-for-1539-0-1\" ><\/div><\/div><\/div><\/div><div id=\"pg-1539-1\"  class=\"panel-grid panel-has-style\" ><div class=\"siteorigin-panels-stretch panel-row-style panel-row-style-for-1539-1\" data-stretch-type=\"full-stretched\" ><div id=\"pgc-1539-1-0\"  class=\"panel-grid-cell panel-grid-cell-empty\" ><div style=\"background-color: rgba(221,51,51,0);\" class=\"panel-cell-style panel-cell-style-for-1539-1-0\" ><\/div><\/div><div id=\"pgc-1539-1-1\"  class=\"panel-grid-cell\" ><div style=\"background-color: rgba(255,255,255,0);\" class=\"panel-cell-style panel-cell-style-for-1539-1-1\" ><div id=\"panel-1539-1-1-0\" class=\"so-panel widget widget_sow-headline panel-first-child panel-last-child\" data-index=\"1\" ><div\n\t\t\t\n\t\t\tclass=\"so-widget-sow-headline so-widget-sow-headline-default-1eb9d7cf073e-1539 so-widget-fittext-wrapper\"\n\t\t\t data-fit-text-compressor=\"0.85\"\n\t\t><div class=\"sow-headline-container \">\n\t<h1 class='sow-headline'>\t\t\t\t\t\t<a href=\"https:\/\/www.sv-boeblingen.de\/turnen\/ligateam-weiblich\/\" >\n\t\t\t\t\tLigamannschaft weiblich<\/a><\/h1>\t\t\t\t\t<div class=\"decoration\">\n\t\t\t\t\t\t<div class=\"decoration-inside\"><\/div>\n\t\t\t\t\t<\/div>\n\t\t\t\t\t<p class='sow-sub-headline'>Du hast Kreisliga geturnt oder trainierst darauf hin? Dann finde hier mehr \u00fcber uns heraus!<\/p><\/div><\/div><\/div><\/div><\/div><\/div><\/div><div id=\"pg-1539-2\"  class=\"panel-grid panel-has-style\" ><div class=\"siteorigin-panels-stretch panel-row-style panel-row-style-for-1539-2\" data-stretch-type=\"full-stretched\" ><div id=\"pgc-1539-2-0\"  class=\"panel-grid-cell panel-grid-cell-mobile-last\" ><div style=\"background-color: rgba(255,255,255,0);\" class=\"panel-cell-style panel-cell-style-for-1539-2-0\" ><div id=\"panel-1539-2-0-0\" class=\"so-panel widget widget_sow-headline panel-first-child panel-last-child\" data-index=\"2\" ><div\n\t\t\t\n\t\t\tclass=\"so-widget-sow-headline so-widget-sow-headline-default-1eb9d7cf073e-1539 so-widget-fittext-wrapper\"\n\t\t\t data-fit-text-compressor=\"0.85\"\n\t\t><div class=\"sow-headline-container \">\n\t<h1 class='sow-headline'>\t\t\t\t\t\t<a href=\"https:\/\/www.sv-boeblingen.de\/turnen\/jungs\/\" >\n\t\t\t\t\tGer\u00e4tturnen Jungs<\/a><\/h1>\t\t\t\t\t<div class=\"decoration\">\n\t\t\t\t\t\t<div class=\"decoration-inside\"><\/div>\n\t\t\t\t\t<\/div>\n\t\t\t\t\t<p class='sow-sub-headline'>Du willst mit dem Turnen anfangen oder suchst einen Verein? Dann findest Du hier unsere Gruppen. <\/p><\/div><\/div><\/div><\/div><\/div><div id=\"pgc-1539-2-1\"  class=\"panel-grid-cell panel-grid-cell-empty\" ><div style=\"background-color: rgba(255,255,255,0);\" class=\"panel-cell-style panel-cell-style-for-1539-2-1\" ><\/div><\/div><\/div><\/div><div id=\"pg-1539-3\"  class=\"panel-grid panel-has-style\" ><div class=\"siteorigin-panels-stretch panel-row-style panel-row-style-for-1539-3\" data-stretch-type=\"full-stretched\" ><div id=\"pgc-1539-3-0\"  class=\"panel-grid-cell panel-grid-cell-empty\" ><div style=\"background-color: rgba(221,51,51,0);\" class=\"panel-cell-style panel-cell-style-for-1539-3-0\" ><\/div><\/div><div id=\"pgc-1539-3-1\"  class=\"panel-grid-cell\" ><div style=\"background-color: rgba(255,255,255,0);\" class=\"panel-cell-style panel-cell-style-for-1539-3-1\" ><div id=\"panel-1539-3-1-0\" class=\"so-panel widget widget_sow-headline panel-first-child panel-last-child\" data-index=\"3\" ><div\n\t\t\t\n\t\t\tclass=\"so-widget-sow-headline so-widget-sow-headline-default-1eb9d7cf073e-1539 so-widget-fittext-wrapper\"\n\t\t\t data-fit-text-compressor=\"0.85\"\n\t\t><div class=\"sow-headline-container \">\n\t<h1 class='sow-headline'>\t\t\t\t\t\t<a href=\"https:\/\/www.sv-boeblingen.de\/turnen\/ligateam-maennlich\/\" >\n\t\t\t\t\tLigateam m\u00e4nnlich<\/a><\/h1>\t\t\t\t\t<div class=\"decoration\">\n\t\t\t\t\t\t<div class=\"decoration-inside\"><\/div>\n\t\t\t\t\t<\/div>\n\t\t\t\t\t<p class='sow-sub-headline'>Du hast auf Bezirksliga-Niveau geturnt oder trainierst darauf hin? Dann finde hier mehr \u00fcber unsere Ligamannschaft heraus!<\/p><\/div><\/div><\/div><\/div><\/div><\/div><\/div><div id=\"pg-1539-4\"  class=\"panel-grid panel-has-style\" ><div class=\"siteorigin-panels-stretch panel-row-style panel-row-style-for-1539-4\" data-stretch-type=\"full-stretched\" ><div id=\"pgc-1539-4-0\"  class=\"panel-grid-cell panel-grid-cell-mobile-last\" ><div style=\"background-color: rgba(255,255,255,0);\" class=\"panel-cell-style panel-cell-style-for-1539-4-0\" ><div id=\"panel-1539-4-0-0\" class=\"so-panel widget widget_sow-headline panel-first-child panel-last-child\" data-index=\"4\" ><div\n\t\t\t\n\t\t\tclass=\"so-widget-sow-headline so-widget-sow-headline-default-1eb9d7cf073e-1539 so-widget-fittext-wrapper\"\n\t\t\t data-fit-text-compressor=\"0.85\"\n\t\t><div class=\"sow-headline-container \">\n\t<h1 class='sow-headline'>Senioren-Sport<\/h1>\t\t\t\t\t<div class=\"decoration\">\n\t\t\t\t\t\t<div class=\"decoration-inside\"><\/div>\n\t\t\t\t\t<\/div>\n\t\t\t\t\t<p class='sow-sub-headline'>Hier findest Du unsere Sport Angebote f\u00fcr \u00c4ltere.<\/p><\/div><\/div><\/div><\/div><\/div><div id=\"pgc-1539-4-1\"  class=\"panel-grid-cell panel-grid-cell-empty\" ><div style=\"background-color: rgba(255,255,255,0);\" class=\"panel-cell-style panel-cell-style-for-1539-4-1\" ><\/div><\/div><\/div><\/div><div id=\"pg-1539-5\"  class=\"panel-grid panel-has-style\" ><div class=\"lsow-dark-bg siteorigin-panels-stretch panel-row-style panel-row-style-for-1539-5\" id=\"statistics\" data-stretch-type=\"full\" ><div id=\"pgc-1539-5-0\"  class=\"panel-grid-cell\" ><div id=\"panel-1539-5-0-0\" class=\"so-panel widget widget_sow-headline panel-first-child\" data-index=\"5\" ><div\n\t\t\t\n\t\t\tclass=\"so-widget-sow-headline so-widget-sow-headline-default-de87b6a6bfc5-1539 so-widget-fittext-wrapper\"\n\t\t\t data-fit-text-compressor=\"0.85\"\n\t\t><div class=\"sow-headline-container \">\n\t<h1 class='sow-headline'><b>Interessiert?<\/b><\/h1><p class='sow-sub-headline'>Melde Dich bei uns!<\/p><\/div><\/div><\/div><div id=\"panel-1539-5-0-1\" class=\"so-panel widget widget_lsow-team-members panel-last-child\" data-index=\"6\" ><div class=\"panel-widget-style panel-widget-style-for-1539-5-0-1\" ><div\n\t\t\t\n\t\t\tclass=\"so-widget-lsow-team-members so-widget-lsow-team-members-style1-d75171398898-1539\"\n\t\t\t\n\t\t>\n<div class=\"lsow-team-members lsow-style1 lsow-grid-container  lsow-grid-desktop-1 lsow-grid-tablet-1 lsow-grid-mobile-1\"><div class=\"lsow-grid-item lsow-team-member-wrapper\"><div class=\"lsow-team-member \" ><div class=\"lsow-image-wrapper\"><img width=\"150\" height=\"150\" src=\"https:\/\/www.sv-boeblingen.de\/turnen\/wp-content\/uploads\/2020\/06\/cropped-Website_Icon-150x150.png\" class=\"lsow-image\" alt=\"\" loading=\"lazy\" srcset=\"https:\/\/www.sv-boeblingen.de\/turnen\/wp-content\/uploads\/2020\/06\/cropped-Website_Icon-150x150.png 150w, https:\/\/www.sv-boeblingen.de\/turnen\/wp-content\/uploads\/2020\/06\/cropped-Website_Icon-300x300.png 300w, https:\/\/www.sv-boeblingen.de\/turnen\/wp-content\/uploads\/2020\/06\/cropped-Website_Icon-500x500.png 500w, https:\/\/www.sv-boeblingen.de\/turnen\/wp-content\/uploads\/2020\/06\/cropped-Website_Icon-100x100.png 100w, https:\/\/www.sv-boeblingen.de\/turnen\/wp-content\/uploads\/2020\/06\/cropped-Website_Icon-270x270.png 270w, https:\/\/www.sv-boeblingen.de\/turnen\/wp-content\/uploads\/2020\/06\/cropped-Website_Icon-192x192.png 192w, https:\/\/www.sv-boeblingen.de\/turnen\/wp-content\/uploads\/2020\/06\/cropped-Website_Icon-180x180.png 180w, https:\/\/www.sv-boeblingen.de\/turnen\/wp-content\/uploads\/2020\/06\/cropped-Website_Icon-32x32.png 32w, https:\/\/www.sv-boeblingen.de\/turnen\/wp-content\/uploads\/2020\/06\/cropped-Website_Icon.png 512w\" sizes=\"(max-width: 150px) 100vw, 150px\" \/><div class=\"lsow-social-wrap\"><div class=\"lsow-social-list\"><div class=\"lsow-social-list-item\"><a class=\"lsow-email\" href=\"mailto:svbturnenichbindabei@gmx.de\" title=\"Send an email\"><i class=\"lsow-icon-email\"><\/i><\/a><\/div><\/div><!-- .lsow-social-list --><\/div><!-- .lsow-social-wrap --><\/div><!-- .lsow-image-wrapper --><div class=\"lsow-team-member-text\"><h3 class=\"lsow-title\">Nicole L\u00fcck<\/h3><div class=\"lsow-team-member-position\">Ansprechpartnerin Anfragen<\/div><div class=\"lsow-team-member-details\"><\/div><\/div><!-- .lsow-team-member-text --><\/div><!-- .lsow-team-member --><\/div><!-- .lsow-team-member-wrapper --><\/div><!-- .lsow-team-members --><div class=\"lsow-clear\"><\/div><\/div><\/div><\/div><\/div><\/div><\/div><\/div>","protected":false},"excerpt":{"rendered":"<p>Ger\u00e4tturnen M\u00e4dchen Du willst mit Turnen anfangen oder suchst einen Verein? Dann findest Du hier unsere Gruppen. Ligamannschaft weiblich Du hast Kreisliga geturnt oder trainierst darauf hin? Dann finde hier mehr \u00fcber uns heraus! Ger\u00e4tturnen Jungs Du willst mit dem<\/p>\n","protected":false},"author":1,"featured_media":0,"parent":0,"menu_order":0,"comment_status":"closed","ping_status":"closed","template":"page-templates\/page-builder.php","meta":{"_vp_format_video_url":"","_vp_image_focal_point":[]},"featured_image_urls":{"full":"","thumbnail":"","medium":"","medium_large":"","large":"","ESO-555x450-Crop":"","ESO-1280x720-Crop":"","ESO-1920x1080-Crop":"","ESO-360x450-Crop":"","ESO-720x900-Crop":"","ESO-360x450-Top":"","ESO-720x900-Top":"","thumblist":"","meccarouselthumb":"","gridsquare":"","tileview":"","timeline-express":"","timeline-express-thumbnail":"","folio":"","1536x1536":"","2048x2048":"","ab-block-post-grid-landscape":"","ab-block-post-grid-square":"","vp_sm":"","vp_md":"","vp_lg":"","vp_xl":"","vp_sm_popup":"","vp_md_popup":"","vp_xl_popup":"","suffice-thumbnail-grid":"","suffice-thumbnail-featured-one":"","suffice-thumbnail-featured-two":"","suffice-thumbnail-portfolio":"","suffice-thumbnail-portfolio-masonry":"","400x250-crop":"","woocommerce_thumbnail":"","woocommerce_single":"","woocommerce_gallery_thumbnail":"","shop_catalog":"","shop_single":"","shop_thumbnail":"","sow-carousel-default":""},"post_excerpt_stackable":"<p>Ger\u00e4tturnen M\u00e4dchen Du willst mit Turnen anfangen oder suchst einen Verein? Dann findest Du hier unsere Gruppen. Ligamannschaft weiblich Du hast Kreisliga geturnt oder trainierst darauf hin? Dann finde hier mehr \u00fcber uns heraus! Ger\u00e4tturnen Jungs Du willst mit dem Turnen anfangen oder suchst einen Verein? Dann findest Du hier unsere Gruppen. Ligateam m\u00e4nnlich Du hast auf Bezirksliga-Niveau geturnt oder trainierst darauf hin? Dann finde hier mehr \u00fcber unsere Ligamannschaft heraus! Senioren-Sport Hier findest Du unsere Sport Angebote f\u00fcr \u00c4ltere. Interessiert?Melde Dich bei uns! Nicole L\u00fcckAnsprechpartnerin Anfragen<\/p>\n","category_list":"","author_info":{"name":"Anna","url":"https:\/\/www.sv-boeblingen.de\/turnen\/author\/anna\/"},"comments_num":"0 comments","featured_image_urls_v2":{"full":"","thumbnail":"","medium":"","medium_large":"","large":"","ESO-555x450-Crop":"","ESO-1280x720-Crop":"","ESO-1920x1080-Crop":"","ESO-360x450-Crop":"","ESO-720x900-Crop":"","ESO-360x450-Top":"","ESO-720x900-Top":"","thumblist":"","meccarouselthumb":"","gridsquare":"","tileview":"","timeline-express":"","timeline-express-thumbnail":"","folio":"","1536x1536":"","2048x2048":"","ab-block-post-grid-landscape":"","ab-block-post-grid-square":"","vp_sm":"","vp_md":"","vp_lg":"","vp_xl":"","vp_sm_popup":"","vp_md_popup":"","vp_xl_popup":"","suffice-thumbnail-grid":"","suffice-thumbnail-featured-one":"","suffice-thumbnail-featured-two":"","suffice-thumbnail-portfolio":"","suffice-thumbnail-portfolio-masonry":"","400x250-crop":"","woocommerce_thumbnail":"","woocommerce_single":"","woocommerce_gallery_thumbnail":"","shop_catalog":"","shop_single":"","shop_thumbnail":"","sow-carousel-default":""},"post_excerpt_stackable_v2":"<p>Ger\u00e4tturnen M\u00e4dchen Du willst mit Turnen anfangen oder suchst einen Verein? Dann findest Du hier unsere Gruppen. Ligamannschaft weiblich Du hast Kreisliga geturnt oder trainierst darauf hin? Dann finde hier mehr \u00fcber uns heraus! Ger\u00e4tturnen Jungs Du willst mit dem Turnen anfangen oder suchst einen Verein? Dann findest Du hier unsere Gruppen. Ligateam m\u00e4nnlich Du hast auf Bezirksliga-Niveau geturnt oder trainierst darauf hin? Dann finde hier mehr \u00fcber unsere Ligamannschaft heraus! Senioren-Sport Hier findest Du unsere Sport Angebote f\u00fcr \u00c4ltere. Interessiert?Melde Dich bei uns! Nicole L\u00fcckAnsprechpartnerin Anfragen<\/p>\n","category_list_v2":"","author_info_v2":{"name":"Anna","url":"https:\/\/www.sv-boeblingen.de\/turnen\/author\/anna\/"},"comments_num_v2":"0 comments","featured_image_src":null,"featured_image_src_square":null,"_links":{"self":[{"href":"https:\/\/www.sv-boeblingen.de\/turnen\/wp-json\/wp\/v2\/pages\/1539"}],"collection":[{"href":"https:\/\/www.sv-boeblingen.de\/turnen\/wp-json\/wp\/v2\/pages"}],"about":[{"href":"https:\/\/www.sv-boeblingen.de\/turnen\/wp-json\/wp\/v2\/types\/page"}],"author":[{"embeddable":true,"href":"https:\/\/www.sv-boeblingen.de\/turnen\/wp-json\/wp\/v2\/users\/1"}],"replies":[{"embeddable":true,"href":"https:\/\/www.sv-boeblingen.de\/turnen\/wp-json\/wp\/v2\/comments?post=1539"}],"version-history":[{"count":17,"href":"https:\/\/www.sv-boeblingen.de\/turnen\/wp-json\/wp\/v2\/pages\/1539\/revisions"}],"predecessor-version":[{"id":5039,"href":"https:\/\/www.sv-boeblingen.de\/turnen\/wp-json\/wp\/v2\/pages\/1539\/revisions\/5039"}],"wp:attachment":[{"href":"https:\/\/www.sv-boeblingen.de\/turnen\/wp-json\/wp\/v2\/media?parent=1539"}],"curies":[{"name":"wp","href":"https:\/\/api.w.org\/{rel}","templated":true}]}}