{"id":341,"date":"2020-04-19T17:30:00","date_gmt":"2020-04-19T15:30:00","guid":{"rendered":"http:\/\/www.sv-boeblingen.de\/leichtathletikneu\/?page_id=341"},"modified":"2020-04-19T17:30:01","modified_gmt":"2020-04-19T15:30:01","slug":"schueler-a-mannschaftswettbewerbe","status":"publish","type":"page","link":"https:\/\/www.sv-boeblingen.de\/leichtathletik\/schueler-a-mannschaftswettbewerbe\/","title":{"rendered":"SCH\u00dcLER A &#8211; Mannschaftswettbewerbe"},"content":{"rendered":"\n<figure class=\"wp-block-table is-style-stripes\"><table class=\"has-fixed-layout\"><thead><tr><th>Disziplin<\/th><th>Wertung<\/th><th>Rekordhalter<\/th><th>Ort<\/th><th>Datum<\/th><\/tr><\/thead><tbody><tr><td>4 x 75 m Staffel<\/td><td>35,40<\/td><td>Wanner, Philipp (80)<br>Aufmuth, Robert (79)<br>Dengler, Andreas (80)<br>Niethammer, J\u00f6rg (79)<\/td><td>Stuttgart<\/td><td>25.09.1994<\/td><\/tr><tr><td>3 x 1000 m Staffel<\/td><td>9:18,10<\/td><td>Kr\u00e4mer, Oliver (73)<br>Reisch, Jan (74)<br>K\u00fchn, Adrian (74)<\/td><td>Nufringen<\/td><td>18.05.1988<\/td><\/tr><tr><td>Vierkampf Mannschaft<\/td><td>20260<\/td><td>K\u00fchn, Adrian (74)<br>Sch\u00f6ninger, Andr\u00e9 (74)<br>Dervishi, Murat (74)<br>Kr\u00e4mer, Oliver (73)<br>Dilling<\/td><td>Dagersheim<\/td><td>12.05.1988<\/td><\/tr><tr><td>Achtkampf Mannschaft<\/td><td>24658<\/td><td>Roth, Karsten (73)<br>Kr\u00e4mer, Oliver (73)<br>Sch\u00f6ninger, Andr\u00e9 (74)<\/td><td>Sindelfingen<\/td><td>02-03.10.1988<\/td><\/tr><\/tbody><\/table><\/figure>\n","protected":false},"excerpt":{"rendered":"<p>Disziplin Wertung Rekordhalter Ort Datum 4 x 75 m Staffel 35,40 Wanner, Philipp (80)Aufmuth, Robert (79)Dengler, Andreas (80)Niethammer, J\u00f6rg (79) Stuttgart 25.09.1994 3 x 1000 m Staffel 9:18,10 Kr\u00e4mer, Oliver (73)Reisch, Jan (74)K\u00fchn, Adrian (74) Nufringen 18.05.1988 Vierkampf Mannschaft 20260 K\u00fchn, Adrian (74)Sch\u00f6ninger, Andr\u00e9 (74)Dervishi, Murat (74)Kr\u00e4mer, Oliver (73)Dilling Dagersheim 12.05.1988 Achtkampf Mannschaft 24658 Roth, [&hellip;]<\/p>\n","protected":false},"author":3,"featured_media":0,"parent":0,"menu_order":0,"comment_status":"closed","ping_status":"closed","template":"","meta":{"footnotes":""},"class_list":["post-341","page","type-page","status-publish","hentry"],"yoast_head":"<!-- This site is optimized with the Yoast SEO plugin v22.2 - https:\/\/yoast.com\/wordpress\/plugins\/seo\/ -->\n<title>SCH\u00dcLER A - Mannschaftswettbewerbe - Leichtathletik - Sportvereinigung B\u00f6blingen e.V.<\/title>\n<meta name=\"robots\" content=\"index, follow, max-snippet:-1, max-image-preview:large, max-video-preview:-1\" \/>\n<link rel=\"canonical\" href=\"https:\/\/www.sv-boeblingen.de\/leichtathletik\/schueler-a-mannschaftswettbewerbe\/\" \/>\n<meta property=\"og:locale\" content=\"de_DE\" \/>\n<meta property=\"og:type\" content=\"article\" \/>\n<meta property=\"og:title\" content=\"SCH\u00dcLER A - Mannschaftswettbewerbe - Leichtathletik - Sportvereinigung B\u00f6blingen e.V.\" \/>\n<meta property=\"og:description\" content=\"Disziplin Wertung Rekordhalter Ort Datum 4 x 75 m Staffel 35,40 Wanner, Philipp (80)Aufmuth, Robert (79)Dengler, Andreas (80)Niethammer, J\u00f6rg (79) Stuttgart 25.09.1994 3 x 1000 m Staffel 9:18,10 Kr\u00e4mer, Oliver (73)Reisch, Jan (74)K\u00fchn, Adrian (74) Nufringen 18.05.1988 Vierkampf Mannschaft 20260 K\u00fchn, Adrian (74)Sch\u00f6ninger, Andr\u00e9 (74)Dervishi, Murat (74)Kr\u00e4mer, Oliver (73)Dilling Dagersheim 12.05.1988 Achtkampf Mannschaft 24658 Roth, [&hellip;]\" \/>\n<meta property=\"og:url\" content=\"https:\/\/www.sv-boeblingen.de\/leichtathletik\/schueler-a-mannschaftswettbewerbe\/\" \/>\n<meta property=\"og:site_name\" content=\"Leichtathletik - Sportvereinigung B\u00f6blingen e.V.\" \/>\n<meta property=\"article:modified_time\" content=\"2020-04-19T15:30:01+00:00\" \/>\n<meta name=\"twitter:card\" content=\"summary_large_image\" \/>\n<script type=\"application\/ld+json\" class=\"yoast-schema-graph\">{\"@context\":\"https:\/\/schema.org\",\"@graph\":[{\"@type\":\"WebPage\",\"@id\":\"https:\/\/www.sv-boeblingen.de\/leichtathletik\/schueler-a-mannschaftswettbewerbe\/\",\"url\":\"https:\/\/www.sv-boeblingen.de\/leichtathletik\/schueler-a-mannschaftswettbewerbe\/\",\"name\":\"SCH\u00dcLER A - Mannschaftswettbewerbe - Leichtathletik - Sportvereinigung B\u00f6blingen e.V.\",\"isPartOf\":{\"@id\":\"https:\/\/www.sv-boeblingen.de\/leichtathletik\/#website\"},\"datePublished\":\"2020-04-19T15:30:00+00:00\",\"dateModified\":\"2020-04-19T15:30:01+00:00\",\"breadcrumb\":{\"@id\":\"https:\/\/www.sv-boeblingen.de\/leichtathletik\/schueler-a-mannschaftswettbewerbe\/#breadcrumb\"},\"inLanguage\":\"de\",\"potentialAction\":[{\"@type\":\"ReadAction\",\"target\":[\"https:\/\/www.sv-boeblingen.de\/leichtathletik\/schueler-a-mannschaftswettbewerbe\/\"]}]},{\"@type\":\"BreadcrumbList\",\"@id\":\"https:\/\/www.sv-boeblingen.de\/leichtathletik\/schueler-a-mannschaftswettbewerbe\/#breadcrumb\",\"itemListElement\":[{\"@type\":\"ListItem\",\"position\":1,\"name\":\"Home\",\"item\":\"https:\/\/www.sv-boeblingen.de\/leichtathletik\/\"},{\"@type\":\"ListItem\",\"position\":2,\"name\":\"SCH\u00dcLER A &#8211; Mannschaftswettbewerbe\"}]},{\"@type\":\"WebSite\",\"@id\":\"https:\/\/www.sv-boeblingen.de\/leichtathletik\/#website\",\"url\":\"https:\/\/www.sv-boeblingen.de\/leichtathletik\/\",\"name\":\"Leichtathletik - Sportvereinigung B\u00f6blingen e.V.\",\"description\":\"Wir bewegen B\u00f6blingen.\",\"potentialAction\":[{\"@type\":\"SearchAction\",\"target\":{\"@type\":\"EntryPoint\",\"urlTemplate\":\"https:\/\/www.sv-boeblingen.de\/leichtathletik\/?s={search_term_string}\"},\"query-input\":\"required name=search_term_string\"}],\"inLanguage\":\"de\"}]}<\/script>\n<!-- \/ Yoast SEO plugin. -->","yoast_head_json":{"title":"SCH\u00dcLER A - Mannschaftswettbewerbe - Leichtathletik - Sportvereinigung B\u00f6blingen e.V.","robots":{"index":"index","follow":"follow","max-snippet":"max-snippet:-1","max-image-preview":"max-image-preview:large","max-video-preview":"max-video-preview:-1"},"canonical":"https:\/\/www.sv-boeblingen.de\/leichtathletik\/schueler-a-mannschaftswettbewerbe\/","og_locale":"de_DE","og_type":"article","og_title":"SCH\u00dcLER A - Mannschaftswettbewerbe - Leichtathletik - Sportvereinigung B\u00f6blingen e.V.","og_description":"Disziplin Wertung Rekordhalter Ort Datum 4 x 75 m Staffel 35,40 Wanner, Philipp (80)Aufmuth, Robert (79)Dengler, Andreas (80)Niethammer, J\u00f6rg (79) Stuttgart 25.09.1994 3 x 1000 m Staffel 9:18,10 Kr\u00e4mer, Oliver (73)Reisch, Jan (74)K\u00fchn, Adrian (74) Nufringen 18.05.1988 Vierkampf Mannschaft 20260 K\u00fchn, Adrian (74)Sch\u00f6ninger, Andr\u00e9 (74)Dervishi, Murat (74)Kr\u00e4mer, Oliver (73)Dilling Dagersheim 12.05.1988 Achtkampf Mannschaft 24658 Roth, [&hellip;]","og_url":"https:\/\/www.sv-boeblingen.de\/leichtathletik\/schueler-a-mannschaftswettbewerbe\/","og_site_name":"Leichtathletik - Sportvereinigung B\u00f6blingen e.V.","article_modified_time":"2020-04-19T15:30:01+00:00","twitter_card":"summary_large_image","schema":{"@context":"https:\/\/schema.org","@graph":[{"@type":"WebPage","@id":"https:\/\/www.sv-boeblingen.de\/leichtathletik\/schueler-a-mannschaftswettbewerbe\/","url":"https:\/\/www.sv-boeblingen.de\/leichtathletik\/schueler-a-mannschaftswettbewerbe\/","name":"SCH\u00dcLER A - Mannschaftswettbewerbe - Leichtathletik - Sportvereinigung B\u00f6blingen e.V.","isPartOf":{"@id":"https:\/\/www.sv-boeblingen.de\/leichtathletik\/#website"},"datePublished":"2020-04-19T15:30:00+00:00","dateModified":"2020-04-19T15:30:01+00:00","breadcrumb":{"@id":"https:\/\/www.sv-boeblingen.de\/leichtathletik\/schueler-a-mannschaftswettbewerbe\/#breadcrumb"},"inLanguage":"de","potentialAction":[{"@type":"ReadAction","target":["https:\/\/www.sv-boeblingen.de\/leichtathletik\/schueler-a-mannschaftswettbewerbe\/"]}]},{"@type":"BreadcrumbList","@id":"https:\/\/www.sv-boeblingen.de\/leichtathletik\/schueler-a-mannschaftswettbewerbe\/#breadcrumb","itemListElement":[{"@type":"ListItem","position":1,"name":"Home","item":"https:\/\/www.sv-boeblingen.de\/leichtathletik\/"},{"@type":"ListItem","position":2,"name":"SCH\u00dcLER A &#8211; Mannschaftswettbewerbe"}]},{"@type":"WebSite","@id":"https:\/\/www.sv-boeblingen.de\/leichtathletik\/#website","url":"https:\/\/www.sv-boeblingen.de\/leichtathletik\/","name":"Leichtathletik - Sportvereinigung B\u00f6blingen e.V.","description":"Wir bewegen B\u00f6blingen.","potentialAction":[{"@type":"SearchAction","target":{"@type":"EntryPoint","urlTemplate":"https:\/\/www.sv-boeblingen.de\/leichtathletik\/?s={search_term_string}"},"query-input":"required name=search_term_string"}],"inLanguage":"de"}]}},"_links":{"self":[{"href":"https:\/\/www.sv-boeblingen.de\/leichtathletik\/wp-json\/wp\/v2\/pages\/341","targetHints":{"allow":["GET"]}}],"collection":[{"href":"https:\/\/www.sv-boeblingen.de\/leichtathletik\/wp-json\/wp\/v2\/pages"}],"about":[{"href":"https:\/\/www.sv-boeblingen.de\/leichtathletik\/wp-json\/wp\/v2\/types\/page"}],"author":[{"embeddable":true,"href":"https:\/\/www.sv-boeblingen.de\/leichtathletik\/wp-json\/wp\/v2\/users\/3"}],"replies":[{"embeddable":true,"href":"https:\/\/www.sv-boeblingen.de\/leichtathletik\/wp-json\/wp\/v2\/comments?post=341"}],"version-history":[{"count":4,"href":"https:\/\/www.sv-boeblingen.de\/leichtathletik\/wp-json\/wp\/v2\/pages\/341\/revisions"}],"predecessor-version":[{"id":1219,"href":"https:\/\/www.sv-boeblingen.de\/leichtathletik\/wp-json\/wp\/v2\/pages\/341\/revisions\/1219"}],"wp:attachment":[{"href":"https:\/\/www.sv-boeblingen.de\/leichtathletik\/wp-json\/wp\/v2\/media?parent=341"}],"curies":[{"name":"wp","href":"https:\/\/api.w.org\/{rel}","templated":true}]}}