{"id":337,"date":"2020-04-19T17:12:56","date_gmt":"2020-04-19T15:12:56","guid":{"rendered":"http:\/\/www.sv-boeblingen.de\/leichtathletikneu\/?page_id=337"},"modified":"2026-05-06T19:09:14","modified_gmt":"2026-05-06T17:09:14","slug":"jugend-b-maennlich","status":"publish","type":"page","link":"https:\/\/www.sv-boeblingen.de\/leichtathletik\/jugend-b-maennlich\/","title":{"rendered":"JUGEND B m\u00e4nnlich"},"content":{"rendered":"\r\n<figure class=\"wp-block-table is-style-stripes\">\r\n<table class=\"has-fixed-layout\">\r\n<thead>\r\n<tr>\r\n<th>Disziplin<\/th>\r\n<th>Wertung<\/th>\r\n<th>Rekordhalter<\/th>\r\n<th>Ort<\/th>\r\n<th>Datum<\/th>\r\n<\/tr>\r\n<\/thead>\r\n<tbody>\r\n<tr>\r\n<td>100 m<\/td>\r\n<td>11,05<\/td>\r\n<td>Niethammer, J\u00f6rg (79)<\/td>\r\n<td>Weinstadt<\/td>\r\n<td>27.04.1996<\/td>\r\n<\/tr>\r\n<tr>\r\n<td>200 m<\/td>\r\n<td>22,14*<\/td>\r\n<td>Niethammer, J\u00f6rg (79)<\/td>\r\n<td>Riederich<\/td>\r\n<td>20.05.1995<\/td>\r\n<\/tr>\r\n<tr>\r\n<td>300 m<\/td>\r\n<td>34,58<\/td>\r\n<td>Niethammer, J\u00f6rg (79)<\/td>\r\n<td>Metzingen<\/td>\r\n<td>16.06.1996<\/td>\r\n<\/tr>\r\n<tr>\r\n<td>400 m<\/td>\r\n<td>50,19<\/td>\r\n<td>Niethammer, J\u00f6rg (79)<\/td>\r\n<td>Sparta (GRE)<\/td>\r\n<td>20.07.1996<\/td>\r\n<\/tr>\r\n<tr>\r\n<td>800 m<\/td>\r\n<td>01:59,65<\/td>\r\n<td>K\u00fchn, Adrian (74)<\/td>\r\n<td>Ludwigsburg<\/td>\r\n<td>07.09.1991<\/td>\r\n<\/tr>\r\n<tr>\r\n<td>1000 m<\/td>\r\n<td>02:37,03<\/td>\r\n<td>Reisch, Jan (74)<\/td>\r\n<td>Riederich<\/td>\r\n<td>25.05.1991<\/td>\r\n<\/tr>\r\n<tr>\r\n<td>1500 m<\/td>\r\n<td>04:05,61<\/td>\r\n<td>Reisch, Jan (74)<\/td>\r\n<td>Berlin<\/td>\r\n<td>21.07.1991<\/td>\r\n<\/tr>\r\n<tr>\r\n<td>3000 m<\/td>\r\n<td>08:53,17<\/td>\r\n<td>Kr\u00e4mer, Oliver (73)<\/td>\r\n<td>Bruchk\u00f6bel<\/td>\r\n<td>14.07.1990<\/td>\r\n<\/tr>\r\n<tr>\r\n<td>5000 m<\/td>\r\n<td>15:36,81<\/td>\r\n<td>Kr\u00e4mer, Oliver (73)<\/td>\r\n<td>Flein<\/td>\r\n<td>14.08.1990<\/td>\r\n<\/tr>\r\n<tr>\r\n<td>110 m H\u00fcrden<\/td>\r\n<td>13,72*<\/td>\r\n<td>Dengler, Andreas (80)<\/td>\r\n<td>Thonon (FRA)<\/td>\r\n<td>02.08.1997<\/td>\r\n<\/tr>\r\n<tr>\r\n<td>300 m H\u00fcrden<\/td>\r\n<td>40,73<\/td>\r\n<td>Dengler, Andreas (80)<\/td>\r\n<td>B\u00f6blingen<\/td>\r\n<td>04.05.1996<\/td>\r\n<\/tr>\r\n<tr>\r\n<td>4 x 100 m Staffel<\/td>\r\n<td>42,71<\/td>\r\n<td>Bialkowski, Andreas (78) Weimper, Jens-Uwe (78) Aufmuth, Robert (79)<\/td>\r\n<td>B\u00f6blingen<\/td>\r\n<td>30.07.1995<\/td>\r\n<\/tr>\r\n<tr>\r\n<td>3 x 1000 m Staffel<\/td>\r\n<td>08:08,70<\/td>\r\n<td>Kr\u00e4mer, Oliver (73) Reisch, Jan (74) K\u00fchn, Adrian (74)<\/td>\r\n<td>Waiblingen<\/td>\r\n<td>14.06.1990<\/td>\r\n<\/tr>\r\n<tr>\r\n<td>Hochsprung<\/td>\r\n<td>1,94 m<\/td>\r\n<td>K\u00f6hler, Maximilian<\/td>\r\n<td>Renningen<\/td>\r\n<td>01.05.2026<\/td>\r\n<\/tr>\r\n<tr>\r\n<td>Stabhochsprung<\/td>\r\n<td>3.80 m<\/td>\r\n<td>Rzepka, Frank<\/td>\r\n<td>Crailsheim<\/td>\r\n<td>08.07.1979<\/td>\r\n<\/tr>\r\n<tr>\r\n<td>Weitsprung<\/td>\r\n<td>6.99 m<\/td>\r\n<td>Roth, Karsten (73)<\/td>\r\n<td>Sindelfingen<\/td>\r\n<td>05.08.1990<\/td>\r\n<\/tr>\r\n<tr>\r\n<td>Dreisprung<\/td>\r\n<td>12.41 m<\/td>\r\n<td>Sprenger, Peter<\/td>\r\n<td>Sindelfingen<\/td>\r\n<td>13.05.1990<\/td>\r\n<\/tr>\r\n<tr>\r\n<td>Kugelstoss<\/td>\r\n<td>13.84 m<\/td>\r\n<td>Pantel, Volker<\/td>\r\n<td>B\u00f6blingen<\/td>\r\n<td>26.09.1984<\/td>\r\n<\/tr>\r\n<tr>\r\n<td>Diskuswurf<\/td>\r\n<td>32.35 m<\/td>\r\n<td>Mayer, Bastian<\/td>\r\n<td>K\u00f6ngen<\/td>\r\n<td>24.04.2010<\/td>\r\n<\/tr>\r\n<tr>\r\n<td>Hammerwurf<\/td>\r\n<td>15.56 m<\/td>\r\n<td>Hanka, Michael<\/td>\r\n<td>Dagersheim<\/td>\r\n<td>22.09.1985<\/td>\r\n<\/tr>\r\n<tr>\r\n<td>Sperrwurf<\/td>\r\n<td>49.20 m<\/td>\r\n<td>Eisenhardt, Ralf<\/td>\r\n<td>Sindelfingen<\/td>\r\n<td>11.06.1978<\/td>\r\n<\/tr>\r\n<tr>\r\n<td>F\u00fcnfkampf<\/td>\r\n<td>2728<\/td>\r\n<td>Weimper, Jens (78)<\/td>\r\n<td>Sindelfingen<\/td>\r\n<td>20.05.1995<\/td>\r\n<\/tr>\r\n<tr>\r\n<td>Zehnkampf<\/td>\r\n<td>10081<\/td>\r\n<td>Kr\u00e4mer, Oliver (73)<\/td>\r\n<td>Sindelfingen<\/td>\r\n<td>01.-02.05.1989<\/td>\r\n<\/tr>\r\n<\/tbody>\r\n<\/table>\r\n<\/figure>\r\n","protected":false},"excerpt":{"rendered":"<p>Disziplin Wertung Rekordhalter Ort Datum 100 m 11,05 Niethammer, J\u00f6rg (79) Weinstadt 27.04.1996 200 m 22,14* Niethammer, J\u00f6rg (79) Riederich 20.05.1995 300 m 34,58 Niethammer, J\u00f6rg (79) Metzingen 16.06.1996 400 m 50,19 Niethammer, J\u00f6rg (79) Sparta (GRE) 20.07.1996 800 m 01:59,65 K\u00fchn, Adrian (74) Ludwigsburg 07.09.1991 1000 m 02:37,03 Reisch, Jan (74) Riederich 25.05.1991 1500 [&hellip;]<\/p>\n","protected":false},"author":3,"featured_media":0,"parent":0,"menu_order":0,"comment_status":"closed","ping_status":"closed","template":"","meta":{"footnotes":""},"class_list":["post-337","page","type-page","status-publish","hentry"],"yoast_head":"<!-- This site is optimized with the Yoast SEO plugin v22.2 - https:\/\/yoast.com\/wordpress\/plugins\/seo\/ -->\n<title>JUGEND B m\u00e4nnlich - Leichtathletik - Sportvereinigung B\u00f6blingen e.V.<\/title>\n<meta name=\"robots\" content=\"index, follow, max-snippet:-1, max-image-preview:large, max-video-preview:-1\" \/>\n<link rel=\"canonical\" href=\"https:\/\/www.sv-boeblingen.de\/leichtathletik\/jugend-b-maennlich\/\" \/>\n<meta property=\"og:locale\" content=\"de_DE\" \/>\n<meta property=\"og:type\" content=\"article\" \/>\n<meta property=\"og:title\" content=\"JUGEND B m\u00e4nnlich - Leichtathletik - Sportvereinigung B\u00f6blingen e.V.\" \/>\n<meta property=\"og:description\" content=\"Disziplin Wertung Rekordhalter Ort Datum 100 m 11,05 Niethammer, J\u00f6rg (79) Weinstadt 27.04.1996 200 m 22,14* Niethammer, J\u00f6rg (79) Riederich 20.05.1995 300 m 34,58 Niethammer, J\u00f6rg (79) Metzingen 16.06.1996 400 m 50,19 Niethammer, J\u00f6rg (79) Sparta (GRE) 20.07.1996 800 m 01:59,65 K\u00fchn, Adrian (74) Ludwigsburg 07.09.1991 1000 m 02:37,03 Reisch, Jan (74) Riederich 25.05.1991 1500 [&hellip;]\" \/>\n<meta property=\"og:url\" content=\"https:\/\/www.sv-boeblingen.de\/leichtathletik\/jugend-b-maennlich\/\" \/>\n<meta property=\"og:site_name\" content=\"Leichtathletik - Sportvereinigung B\u00f6blingen e.V.\" \/>\n<meta property=\"article:modified_time\" content=\"2026-05-06T17:09:14+00:00\" \/>\n<meta name=\"twitter:card\" content=\"summary_large_image\" \/>\n<meta name=\"twitter:label1\" content=\"Gesch\u00e4tzte Lesezeit\" \/>\n\t<meta name=\"twitter:data1\" content=\"2\u00a0Minuten\" \/>\n<script type=\"application\/ld+json\" class=\"yoast-schema-graph\">{\"@context\":\"https:\/\/schema.org\",\"@graph\":[{\"@type\":\"WebPage\",\"@id\":\"https:\/\/www.sv-boeblingen.de\/leichtathletik\/jugend-b-maennlich\/\",\"url\":\"https:\/\/www.sv-boeblingen.de\/leichtathletik\/jugend-b-maennlich\/\",\"name\":\"JUGEND B m\u00e4nnlich - Leichtathletik - Sportvereinigung B\u00f6blingen e.V.\",\"isPartOf\":{\"@id\":\"https:\/\/www.sv-boeblingen.de\/leichtathletik\/#website\"},\"datePublished\":\"2020-04-19T15:12:56+00:00\",\"dateModified\":\"2026-05-06T17:09:14+00:00\",\"breadcrumb\":{\"@id\":\"https:\/\/www.sv-boeblingen.de\/leichtathletik\/jugend-b-maennlich\/#breadcrumb\"},\"inLanguage\":\"de\",\"potentialAction\":[{\"@type\":\"ReadAction\",\"target\":[\"https:\/\/www.sv-boeblingen.de\/leichtathletik\/jugend-b-maennlich\/\"]}]},{\"@type\":\"BreadcrumbList\",\"@id\":\"https:\/\/www.sv-boeblingen.de\/leichtathletik\/jugend-b-maennlich\/#breadcrumb\",\"itemListElement\":[{\"@type\":\"ListItem\",\"position\":1,\"name\":\"Home\",\"item\":\"https:\/\/www.sv-boeblingen.de\/leichtathletik\/\"},{\"@type\":\"ListItem\",\"position\":2,\"name\":\"JUGEND B m\u00e4nnlich\"}]},{\"@type\":\"WebSite\",\"@id\":\"https:\/\/www.sv-boeblingen.de\/leichtathletik\/#website\",\"url\":\"https:\/\/www.sv-boeblingen.de\/leichtathletik\/\",\"name\":\"Leichtathletik - Sportvereinigung B\u00f6blingen e.V.\",\"description\":\"Wir bewegen B\u00f6blingen.\",\"potentialAction\":[{\"@type\":\"SearchAction\",\"target\":{\"@type\":\"EntryPoint\",\"urlTemplate\":\"https:\/\/www.sv-boeblingen.de\/leichtathletik\/?s={search_term_string}\"},\"query-input\":\"required name=search_term_string\"}],\"inLanguage\":\"de\"}]}<\/script>\n<!-- \/ Yoast SEO plugin. -->","yoast_head_json":{"title":"JUGEND B m\u00e4nnlich - Leichtathletik - Sportvereinigung B\u00f6blingen e.V.","robots":{"index":"index","follow":"follow","max-snippet":"max-snippet:-1","max-image-preview":"max-image-preview:large","max-video-preview":"max-video-preview:-1"},"canonical":"https:\/\/www.sv-boeblingen.de\/leichtathletik\/jugend-b-maennlich\/","og_locale":"de_DE","og_type":"article","og_title":"JUGEND B m\u00e4nnlich - Leichtathletik - Sportvereinigung B\u00f6blingen e.V.","og_description":"Disziplin Wertung Rekordhalter Ort Datum 100 m 11,05 Niethammer, J\u00f6rg (79) Weinstadt 27.04.1996 200 m 22,14* Niethammer, J\u00f6rg (79) Riederich 20.05.1995 300 m 34,58 Niethammer, J\u00f6rg (79) Metzingen 16.06.1996 400 m 50,19 Niethammer, J\u00f6rg (79) Sparta (GRE) 20.07.1996 800 m 01:59,65 K\u00fchn, Adrian (74) Ludwigsburg 07.09.1991 1000 m 02:37,03 Reisch, Jan (74) Riederich 25.05.1991 1500 [&hellip;]","og_url":"https:\/\/www.sv-boeblingen.de\/leichtathletik\/jugend-b-maennlich\/","og_site_name":"Leichtathletik - Sportvereinigung B\u00f6blingen e.V.","article_modified_time":"2026-05-06T17:09:14+00:00","twitter_card":"summary_large_image","twitter_misc":{"Gesch\u00e4tzte Lesezeit":"2\u00a0Minuten"},"schema":{"@context":"https:\/\/schema.org","@graph":[{"@type":"WebPage","@id":"https:\/\/www.sv-boeblingen.de\/leichtathletik\/jugend-b-maennlich\/","url":"https:\/\/www.sv-boeblingen.de\/leichtathletik\/jugend-b-maennlich\/","name":"JUGEND B m\u00e4nnlich - Leichtathletik - Sportvereinigung B\u00f6blingen e.V.","isPartOf":{"@id":"https:\/\/www.sv-boeblingen.de\/leichtathletik\/#website"},"datePublished":"2020-04-19T15:12:56+00:00","dateModified":"2026-05-06T17:09:14+00:00","breadcrumb":{"@id":"https:\/\/www.sv-boeblingen.de\/leichtathletik\/jugend-b-maennlich\/#breadcrumb"},"inLanguage":"de","potentialAction":[{"@type":"ReadAction","target":["https:\/\/www.sv-boeblingen.de\/leichtathletik\/jugend-b-maennlich\/"]}]},{"@type":"BreadcrumbList","@id":"https:\/\/www.sv-boeblingen.de\/leichtathletik\/jugend-b-maennlich\/#breadcrumb","itemListElement":[{"@type":"ListItem","position":1,"name":"Home","item":"https:\/\/www.sv-boeblingen.de\/leichtathletik\/"},{"@type":"ListItem","position":2,"name":"JUGEND B m\u00e4nnlich"}]},{"@type":"WebSite","@id":"https:\/\/www.sv-boeblingen.de\/leichtathletik\/#website","url":"https:\/\/www.sv-boeblingen.de\/leichtathletik\/","name":"Leichtathletik - Sportvereinigung B\u00f6blingen e.V.","description":"Wir bewegen B\u00f6blingen.","potentialAction":[{"@type":"SearchAction","target":{"@type":"EntryPoint","urlTemplate":"https:\/\/www.sv-boeblingen.de\/leichtathletik\/?s={search_term_string}"},"query-input":"required name=search_term_string"}],"inLanguage":"de"}]}},"_links":{"self":[{"href":"https:\/\/www.sv-boeblingen.de\/leichtathletik\/wp-json\/wp\/v2\/pages\/337","targetHints":{"allow":["GET"]}}],"collection":[{"href":"https:\/\/www.sv-boeblingen.de\/leichtathletik\/wp-json\/wp\/v2\/pages"}],"about":[{"href":"https:\/\/www.sv-boeblingen.de\/leichtathletik\/wp-json\/wp\/v2\/types\/page"}],"author":[{"embeddable":true,"href":"https:\/\/www.sv-boeblingen.de\/leichtathletik\/wp-json\/wp\/v2\/users\/3"}],"replies":[{"embeddable":true,"href":"https:\/\/www.sv-boeblingen.de\/leichtathletik\/wp-json\/wp\/v2\/comments?post=337"}],"version-history":[{"count":4,"href":"https:\/\/www.sv-boeblingen.de\/leichtathletik\/wp-json\/wp\/v2\/pages\/337\/revisions"}],"predecessor-version":[{"id":1268,"href":"https:\/\/www.sv-boeblingen.de\/leichtathletik\/wp-json\/wp\/v2\/pages\/337\/revisions\/1268"}],"wp:attachment":[{"href":"https:\/\/www.sv-boeblingen.de\/leichtathletik\/wp-json\/wp\/v2\/media?parent=337"}],"curies":[{"name":"wp","href":"https:\/\/api.w.org\/{rel}","templated":true}]}}