{"id":329,"date":"2020-04-18T17:49:29","date_gmt":"2020-04-18T15:49:29","guid":{"rendered":"http:\/\/www.sv-boeblingen.de\/leichtathletikneu\/?page_id=329"},"modified":"2020-07-13T21:18:05","modified_gmt":"2020-07-13T19:18:05","slug":"maenner","status":"publish","type":"page","link":"https:\/\/www.sv-boeblingen.de\/leichtathletik\/maenner\/","title":{"rendered":"M\u00c4NNER"},"content":{"rendered":"\n<figure class=\"wp-block-table is-style-stripes\"><table class=\"has-fixed-layout\"><thead><tr><th>Disziplin<\/th><th>Wertung<\/th><th>Rekordhalter<\/th><th>Ort<\/th><th>Datum<\/th><\/tr><\/thead><tbody><tr><td>100 m<br>100 m<\/td><td>10,3<br>10,61*<\/td><td>Mautsch, Heinz-J\u00fcrgen (44)<br>Gruber, Boris A. (70)<\/td><td>B\u00f6blingen<br>Nu\u00dfloch<\/td><td>01.07.1968<br>05.08.1990<\/td><\/tr><tr><td>200 m<\/td><td>21,77*<\/td><td>Reinicke, Till <\/td><td>Sindelfingen<\/td><td>25.07.1987<\/td><\/tr><tr><td>400 m<\/td><td>47,94<\/td><td>Niethammer, J\u00f6rg (79)<\/td><td>Mosbach<\/td><td>23.07.2000<\/td><\/tr><tr><td>800 m<\/td><td>01:55,40<\/td><td>Reisch, Jochen (48)<\/td><td>Wetzlar<\/td><td>11.09.1966<\/td><\/tr><tr><td>1000 m<\/td><td>02:28,05<\/td><td>Zeuch, Philipp (73)<\/td><td>Riederich<\/td><td>15.05.1999<\/td><\/tr><tr><td>1500 m<\/td><td>04:04,00<\/td><td>Hanke, Hartmut<\/td><td>Nufringen<\/td><td>03.06.1981<\/td><\/tr><tr><td>3000 m<\/td><td>08:37,42<\/td><td>Kr\u00e4mer, Oliver (73)<\/td><td>Berlin<\/td><td>21.07.1991<\/td><\/tr><tr><td>5000 m<\/td><td>15:20,35<\/td><td>W\u00f6rn, Frank (67)<\/td><td>B\u00f6blingen<\/td><td>16.05.1998<\/td><\/tr><tr><td>10000 m<\/td><td>32:34,10<\/td><td>Kr\u00e4mer, Oliver (73)<\/td><td>Stuttgart<\/td><td>06.10.1991<\/td><\/tr><tr><td>Halbmarathon<\/td><td>01:11:45<\/td><td>Kr\u00e4mer, Oliver (73)<\/td><td>Karlsruhe<\/td><td>21.09.1997<\/td><\/tr><tr><td>Marathonlauf<\/td><td>02:32:01<\/td><td>Hasler, Werner (60)<\/td><td>Frankfurt<\/td><td>28.10.2001<\/td><\/tr><tr><td>Mannschaftswertung Marathonlauf<\/td><td>08:24:15<\/td><td>Forstroehr, Stefan Hasler, Werner Ulmer, Konrad<\/td><td>Frankfurt<\/td><td>28.10.2001<\/td><\/tr><tr><td>110 m H\u00fcrden<\/td><td>14,14*<\/td><td>Dengler, Andreas (80)<\/td><td>Hamburg<\/td><td>28.07.1999<\/td><\/tr><tr><td>400 m H\u00fcrden<\/td><td>53,22<\/td><td>Zeuch, Philipp (73)<\/td><td>Sindelfingen<\/td><td>14.06.1998<\/td><\/tr><tr><td>3000 m Hindernis<\/td><td>09:24,50<\/td><td>Wiedenhorn, Gerhard<\/td><td>Berlin<\/td><td>18.08.1956<\/td><\/tr><tr><td>4 x 100 m Staffel<\/td><td>42,45<\/td><td>W\u00f6rner, Steffen (69) Gruber, Boris A. (70) Roth, Karsten (73) G\u00fcnther, Olaf (67)<\/td><td>B\u00f6blingen<\/td><td>07.05.1994<\/td><\/tr><tr><td>4 x 400 m Staffel<\/td><td>03:25,30<\/td><td>Niethammer, Hans-Joachim (48) Bauerle, Rolf (47) Wiesmann, Winfried Sch\u00f6nherr, Martin (47)<\/td><td>Esslingen<\/td><td>27.06.1971<\/td><\/tr><tr><td>4 x 800 m Staffel<\/td><td>07:56,20<\/td><td>Hanke, Hartmut Nemet, Dunkle, Eiler, William<\/td><td>Leinfelden<\/td><td>05.06.1980<\/td><\/tr><tr><td>4 x 1500 m Staffel<\/td><td>18:21,10<\/td><td>Schmidt, Kopony, Kammerhoff, Kammer, Rochus<\/td><td>Pliezhausen<\/td><td>29.05.1986<\/td><\/tr><tr><td>Hochsprung<\/td><td>2.06 m<\/td><td>Schuszter, Michael<\/td><td>Saulgau<\/td><td>13.09.1986<\/td><\/tr><tr><td>Stabhochsprung<\/td><td>5.00 m<\/td><td>Rzepka, Frank<\/td><td>Danzig<\/td><td>17.06.1983<\/td><\/tr><tr><td>Weitsprung<\/td><td>7.55*<\/td><td>G\u00fcnther, Olaf (67)<\/td><td>Riederich<\/td><td>24.05.1997<\/td><\/tr><tr><td>Dreisprung<\/td><td>15.53*<\/td><td>P\u00f6ss, Tobias (76)<\/td><td>K\u00fcnzelsau<\/td><td>07.09.1996<\/td><\/tr><tr><td>Kugelstoss<\/td><td>12.99 m<\/td><td>Walentin, Helmut<\/td><td>Sindelfingen<\/td><td>11.06.1972<\/td><\/tr><tr><td>Diskuswurf<\/td><td>47.98 m<\/td><td>Kley, Horst<\/td><td>B\u00f6blingen<\/td><td>23.06.1986<\/td><\/tr><tr><td>Hammerwurf<\/td><td>52.00 m<\/td><td>Salonen, Pekka<\/td><td>Stuttgart<\/td><td>18.06.1960<\/td><\/tr><tr><td>Sperrwurf<\/td><td>50.50 m<\/td><td>Nies, Ralph<\/td><td>Sindelfingen<\/td><td>10.05.1986<\/td><\/tr><tr><td>Zehnkampf<\/td><td>6371<\/td><td>Rzepka, Frank<\/td><td>Sindelfingen<\/td><td>11.-12.09.1982<\/td><\/tr><tr><td>Zehnkampf Mannschaft<\/td><td>16449<\/td><td>Niethammer, Hans.-J.(48) Bauerle, Rolf (47) Brechtel, Manfred<\/td><td>B\u00f6blingen<\/td><td>26.-27.09.1971<\/td><\/tr><\/tbody><\/table><\/figure>\n","protected":false},"excerpt":{"rendered":"<p>Disziplin Wertung Rekordhalter Ort Datum 100 m100 m 10,310,61* Mautsch, Heinz-J\u00fcrgen (44)Gruber, Boris A. (70) B\u00f6blingenNu\u00dfloch 01.07.196805.08.1990 200 m 21,77* Reinicke, Till Sindelfingen 25.07.1987 400 m 47,94 Niethammer, J\u00f6rg (79) Mosbach 23.07.2000 800 m 01:55,40 Reisch, Jochen (48) Wetzlar 11.09.1966 1000 m 02:28,05 Zeuch, Philipp (73) Riederich 15.05.1999 1500 m 04:04,00 Hanke, Hartmut Nufringen 03.06.1981 [&hellip;]<\/p>\n","protected":false},"author":3,"featured_media":0,"parent":0,"menu_order":0,"comment_status":"closed","ping_status":"closed","template":"","meta":{"footnotes":""},"class_list":["post-329","page","type-page","status-publish","hentry"],"yoast_head":"<!-- This site is optimized with the Yoast SEO plugin v22.2 - https:\/\/yoast.com\/wordpress\/plugins\/seo\/ -->\n<title>M\u00c4NNER - Leichtathletik - Sportvereinigung B\u00f6blingen e.V.<\/title>\n<meta name=\"robots\" content=\"index, follow, max-snippet:-1, max-image-preview:large, max-video-preview:-1\" \/>\n<link rel=\"canonical\" href=\"https:\/\/www.sv-boeblingen.de\/leichtathletik\/maenner\/\" \/>\n<meta property=\"og:locale\" content=\"de_DE\" \/>\n<meta property=\"og:type\" content=\"article\" \/>\n<meta property=\"og:title\" content=\"M\u00c4NNER - Leichtathletik - Sportvereinigung B\u00f6blingen e.V.\" \/>\n<meta property=\"og:description\" content=\"Disziplin Wertung Rekordhalter Ort Datum 100 m100 m 10,310,61* Mautsch, Heinz-J\u00fcrgen (44)Gruber, Boris A. (70) B\u00f6blingenNu\u00dfloch 01.07.196805.08.1990 200 m 21,77* Reinicke, Till Sindelfingen 25.07.1987 400 m 47,94 Niethammer, J\u00f6rg (79) Mosbach 23.07.2000 800 m 01:55,40 Reisch, Jochen (48) Wetzlar 11.09.1966 1000 m 02:28,05 Zeuch, Philipp (73) Riederich 15.05.1999 1500 m 04:04,00 Hanke, Hartmut Nufringen 03.06.1981 [&hellip;]\" \/>\n<meta property=\"og:url\" content=\"https:\/\/www.sv-boeblingen.de\/leichtathletik\/maenner\/\" \/>\n<meta property=\"og:site_name\" content=\"Leichtathletik - Sportvereinigung B\u00f6blingen e.V.\" \/>\n<meta property=\"article:modified_time\" content=\"2020-07-13T19:18:05+00:00\" \/>\n<meta name=\"twitter:card\" content=\"summary_large_image\" \/>\n<meta name=\"twitter:label1\" content=\"Gesch\u00e4tzte Lesezeit\" \/>\n\t<meta name=\"twitter:data1\" content=\"1\u00a0Minute\" \/>\n<script type=\"application\/ld+json\" class=\"yoast-schema-graph\">{\"@context\":\"https:\/\/schema.org\",\"@graph\":[{\"@type\":\"WebPage\",\"@id\":\"https:\/\/www.sv-boeblingen.de\/leichtathletik\/maenner\/\",\"url\":\"https:\/\/www.sv-boeblingen.de\/leichtathletik\/maenner\/\",\"name\":\"M\u00c4NNER - Leichtathletik - Sportvereinigung B\u00f6blingen e.V.\",\"isPartOf\":{\"@id\":\"https:\/\/www.sv-boeblingen.de\/leichtathletik\/#website\"},\"datePublished\":\"2020-04-18T15:49:29+00:00\",\"dateModified\":\"2020-07-13T19:18:05+00:00\",\"breadcrumb\":{\"@id\":\"https:\/\/www.sv-boeblingen.de\/leichtathletik\/maenner\/#breadcrumb\"},\"inLanguage\":\"de\",\"potentialAction\":[{\"@type\":\"ReadAction\",\"target\":[\"https:\/\/www.sv-boeblingen.de\/leichtathletik\/maenner\/\"]}]},{\"@type\":\"BreadcrumbList\",\"@id\":\"https:\/\/www.sv-boeblingen.de\/leichtathletik\/maenner\/#breadcrumb\",\"itemListElement\":[{\"@type\":\"ListItem\",\"position\":1,\"name\":\"Home\",\"item\":\"https:\/\/www.sv-boeblingen.de\/leichtathletik\/\"},{\"@type\":\"ListItem\",\"position\":2,\"name\":\"M\u00c4NNER\"}]},{\"@type\":\"WebSite\",\"@id\":\"https:\/\/www.sv-boeblingen.de\/leichtathletik\/#website\",\"url\":\"https:\/\/www.sv-boeblingen.de\/leichtathletik\/\",\"name\":\"Leichtathletik - Sportvereinigung B\u00f6blingen e.V.\",\"description\":\"Wir bewegen B\u00f6blingen.\",\"potentialAction\":[{\"@type\":\"SearchAction\",\"target\":{\"@type\":\"EntryPoint\",\"urlTemplate\":\"https:\/\/www.sv-boeblingen.de\/leichtathletik\/?s={search_term_string}\"},\"query-input\":\"required name=search_term_string\"}],\"inLanguage\":\"de\"}]}<\/script>\n<!-- \/ Yoast SEO plugin. -->","yoast_head_json":{"title":"M\u00c4NNER - Leichtathletik - Sportvereinigung B\u00f6blingen e.V.","robots":{"index":"index","follow":"follow","max-snippet":"max-snippet:-1","max-image-preview":"max-image-preview:large","max-video-preview":"max-video-preview:-1"},"canonical":"https:\/\/www.sv-boeblingen.de\/leichtathletik\/maenner\/","og_locale":"de_DE","og_type":"article","og_title":"M\u00c4NNER - Leichtathletik - Sportvereinigung B\u00f6blingen e.V.","og_description":"Disziplin Wertung Rekordhalter Ort Datum 100 m100 m 10,310,61* Mautsch, Heinz-J\u00fcrgen (44)Gruber, Boris A. (70) B\u00f6blingenNu\u00dfloch 01.07.196805.08.1990 200 m 21,77* Reinicke, Till Sindelfingen 25.07.1987 400 m 47,94 Niethammer, J\u00f6rg (79) Mosbach 23.07.2000 800 m 01:55,40 Reisch, Jochen (48) Wetzlar 11.09.1966 1000 m 02:28,05 Zeuch, Philipp (73) Riederich 15.05.1999 1500 m 04:04,00 Hanke, Hartmut Nufringen 03.06.1981 [&hellip;]","og_url":"https:\/\/www.sv-boeblingen.de\/leichtathletik\/maenner\/","og_site_name":"Leichtathletik - Sportvereinigung B\u00f6blingen e.V.","article_modified_time":"2020-07-13T19:18:05+00:00","twitter_card":"summary_large_image","twitter_misc":{"Gesch\u00e4tzte Lesezeit":"1\u00a0Minute"},"schema":{"@context":"https:\/\/schema.org","@graph":[{"@type":"WebPage","@id":"https:\/\/www.sv-boeblingen.de\/leichtathletik\/maenner\/","url":"https:\/\/www.sv-boeblingen.de\/leichtathletik\/maenner\/","name":"M\u00c4NNER - Leichtathletik - Sportvereinigung B\u00f6blingen e.V.","isPartOf":{"@id":"https:\/\/www.sv-boeblingen.de\/leichtathletik\/#website"},"datePublished":"2020-04-18T15:49:29+00:00","dateModified":"2020-07-13T19:18:05+00:00","breadcrumb":{"@id":"https:\/\/www.sv-boeblingen.de\/leichtathletik\/maenner\/#breadcrumb"},"inLanguage":"de","potentialAction":[{"@type":"ReadAction","target":["https:\/\/www.sv-boeblingen.de\/leichtathletik\/maenner\/"]}]},{"@type":"BreadcrumbList","@id":"https:\/\/www.sv-boeblingen.de\/leichtathletik\/maenner\/#breadcrumb","itemListElement":[{"@type":"ListItem","position":1,"name":"Home","item":"https:\/\/www.sv-boeblingen.de\/leichtathletik\/"},{"@type":"ListItem","position":2,"name":"M\u00c4NNER"}]},{"@type":"WebSite","@id":"https:\/\/www.sv-boeblingen.de\/leichtathletik\/#website","url":"https:\/\/www.sv-boeblingen.de\/leichtathletik\/","name":"Leichtathletik - Sportvereinigung B\u00f6blingen e.V.","description":"Wir bewegen B\u00f6blingen.","potentialAction":[{"@type":"SearchAction","target":{"@type":"EntryPoint","urlTemplate":"https:\/\/www.sv-boeblingen.de\/leichtathletik\/?s={search_term_string}"},"query-input":"required name=search_term_string"}],"inLanguage":"de"}]}},"_links":{"self":[{"href":"https:\/\/www.sv-boeblingen.de\/leichtathletik\/wp-json\/wp\/v2\/pages\/329","targetHints":{"allow":["GET"]}}],"collection":[{"href":"https:\/\/www.sv-boeblingen.de\/leichtathletik\/wp-json\/wp\/v2\/pages"}],"about":[{"href":"https:\/\/www.sv-boeblingen.de\/leichtathletik\/wp-json\/wp\/v2\/types\/page"}],"author":[{"embeddable":true,"href":"https:\/\/www.sv-boeblingen.de\/leichtathletik\/wp-json\/wp\/v2\/users\/3"}],"replies":[{"embeddable":true,"href":"https:\/\/www.sv-boeblingen.de\/leichtathletik\/wp-json\/wp\/v2\/comments?post=329"}],"version-history":[{"count":8,"href":"https:\/\/www.sv-boeblingen.de\/leichtathletik\/wp-json\/wp\/v2\/pages\/329\/revisions"}],"predecessor-version":[{"id":543,"href":"https:\/\/www.sv-boeblingen.de\/leichtathletik\/wp-json\/wp\/v2\/pages\/329\/revisions\/543"}],"wp:attachment":[{"href":"https:\/\/www.sv-boeblingen.de\/leichtathletik\/wp-json\/wp\/v2\/media?parent=329"}],"curies":[{"name":"wp","href":"https:\/\/api.w.org\/{rel}","templated":true}]}}