{"id":324,"date":"2020-04-18T17:23:36","date_gmt":"2020-04-18T15:23:36","guid":{"rendered":"http:\/\/www.sv-boeblingen.de\/leichtathletikneu\/?page_id=324"},"modified":"2021-03-01T10:49:06","modified_gmt":"2021-03-01T09:49:06","slug":"vereinsrekorde","status":"publish","type":"page","link":"https:\/\/www.sv-boeblingen.de\/leichtathletik\/vereinsrekorde\/","title":{"rendered":"VEREINSREKORDE"},"content":{"rendered":"<h2>Vereinsrekorde<\/h2>\n<p>Nachfolgend die Besten der Besten &#8211; also im Verein. Unsere Rekorde. Die Aufstellung ist ohne Gew\u00e4hrleistung, aber mit bestem Wissen erstellt. Wer eine Korrektur w\u00fcnscht bringt bitte auch den Beleg mit. Und nun viel Spa\u00df beim st\u00f6bern&#8230; <\/p>\n","protected":false},"excerpt":{"rendered":"<p>Vereinsrekorde Nachfolgend die Besten der Besten &#8211; also im Verein. Unsere Rekorde. Die Aufstellung ist ohne Gew\u00e4hrleistung, aber mit bestem Wissen erstellt. Wer eine Korrektur w\u00fcnscht bringt bitte auch den Beleg mit. Und nun viel Spa\u00df beim st\u00f6bern&#8230;<\/p>\n","protected":false},"author":3,"featured_media":0,"parent":0,"menu_order":0,"comment_status":"closed","ping_status":"closed","template":"","meta":{"footnotes":""},"class_list":["post-324","page","type-page","status-publish","hentry"],"yoast_head":"<!-- This site is optimized with the Yoast SEO plugin v22.2 - https:\/\/yoast.com\/wordpress\/plugins\/seo\/ -->\n<title>VEREINSREKORDE - Leichtathletik - Sportvereinigung B\u00f6blingen e.V.<\/title>\n<meta name=\"robots\" content=\"index, follow, max-snippet:-1, max-image-preview:large, max-video-preview:-1\" \/>\n<link rel=\"canonical\" href=\"https:\/\/www.sv-boeblingen.de\/leichtathletik\/vereinsrekorde\/\" \/>\n<meta property=\"og:locale\" content=\"de_DE\" \/>\n<meta property=\"og:type\" content=\"article\" \/>\n<meta property=\"og:title\" content=\"VEREINSREKORDE - Leichtathletik - Sportvereinigung B\u00f6blingen e.V.\" \/>\n<meta property=\"og:description\" content=\"Vereinsrekorde Nachfolgend die Besten der Besten &#8211; also im Verein. Unsere Rekorde. Die Aufstellung ist ohne Gew\u00e4hrleistung, aber mit bestem Wissen erstellt. Wer eine Korrektur w\u00fcnscht bringt bitte auch den Beleg mit. Und nun viel Spa\u00df beim st\u00f6bern&#8230;\" \/>\n<meta property=\"og:url\" content=\"https:\/\/www.sv-boeblingen.de\/leichtathletik\/vereinsrekorde\/\" \/>\n<meta property=\"og:site_name\" content=\"Leichtathletik - Sportvereinigung B\u00f6blingen e.V.\" \/>\n<meta property=\"article:modified_time\" content=\"2021-03-01T09:49:06+00:00\" \/>\n<meta name=\"twitter:card\" content=\"summary_large_image\" \/>\n<script type=\"application\/ld+json\" class=\"yoast-schema-graph\">{\"@context\":\"https:\/\/schema.org\",\"@graph\":[{\"@type\":\"WebPage\",\"@id\":\"https:\/\/www.sv-boeblingen.de\/leichtathletik\/vereinsrekorde\/\",\"url\":\"https:\/\/www.sv-boeblingen.de\/leichtathletik\/vereinsrekorde\/\",\"name\":\"VEREINSREKORDE - Leichtathletik - Sportvereinigung B\u00f6blingen e.V.\",\"isPartOf\":{\"@id\":\"https:\/\/www.sv-boeblingen.de\/leichtathletik\/#website\"},\"datePublished\":\"2020-04-18T15:23:36+00:00\",\"dateModified\":\"2021-03-01T09:49:06+00:00\",\"breadcrumb\":{\"@id\":\"https:\/\/www.sv-boeblingen.de\/leichtathletik\/vereinsrekorde\/#breadcrumb\"},\"inLanguage\":\"de\",\"potentialAction\":[{\"@type\":\"ReadAction\",\"target\":[\"https:\/\/www.sv-boeblingen.de\/leichtathletik\/vereinsrekorde\/\"]}]},{\"@type\":\"BreadcrumbList\",\"@id\":\"https:\/\/www.sv-boeblingen.de\/leichtathletik\/vereinsrekorde\/#breadcrumb\",\"itemListElement\":[{\"@type\":\"ListItem\",\"position\":1,\"name\":\"Home\",\"item\":\"https:\/\/www.sv-boeblingen.de\/leichtathletik\/\"},{\"@type\":\"ListItem\",\"position\":2,\"name\":\"VEREINSREKORDE\"}]},{\"@type\":\"WebSite\",\"@id\":\"https:\/\/www.sv-boeblingen.de\/leichtathletik\/#website\",\"url\":\"https:\/\/www.sv-boeblingen.de\/leichtathletik\/\",\"name\":\"Leichtathletik - Sportvereinigung B\u00f6blingen e.V.\",\"description\":\"Wir bewegen B\u00f6blingen.\",\"potentialAction\":[{\"@type\":\"SearchAction\",\"target\":{\"@type\":\"EntryPoint\",\"urlTemplate\":\"https:\/\/www.sv-boeblingen.de\/leichtathletik\/?s={search_term_string}\"},\"query-input\":\"required name=search_term_string\"}],\"inLanguage\":\"de\"}]}<\/script>\n<!-- \/ Yoast SEO plugin. -->","yoast_head_json":{"title":"VEREINSREKORDE - Leichtathletik - Sportvereinigung B\u00f6blingen e.V.","robots":{"index":"index","follow":"follow","max-snippet":"max-snippet:-1","max-image-preview":"max-image-preview:large","max-video-preview":"max-video-preview:-1"},"canonical":"https:\/\/www.sv-boeblingen.de\/leichtathletik\/vereinsrekorde\/","og_locale":"de_DE","og_type":"article","og_title":"VEREINSREKORDE - Leichtathletik - Sportvereinigung B\u00f6blingen e.V.","og_description":"Vereinsrekorde Nachfolgend die Besten der Besten &#8211; also im Verein. Unsere Rekorde. Die Aufstellung ist ohne Gew\u00e4hrleistung, aber mit bestem Wissen erstellt. Wer eine Korrektur w\u00fcnscht bringt bitte auch den Beleg mit. Und nun viel Spa\u00df beim st\u00f6bern&#8230;","og_url":"https:\/\/www.sv-boeblingen.de\/leichtathletik\/vereinsrekorde\/","og_site_name":"Leichtathletik - Sportvereinigung B\u00f6blingen e.V.","article_modified_time":"2021-03-01T09:49:06+00:00","twitter_card":"summary_large_image","schema":{"@context":"https:\/\/schema.org","@graph":[{"@type":"WebPage","@id":"https:\/\/www.sv-boeblingen.de\/leichtathletik\/vereinsrekorde\/","url":"https:\/\/www.sv-boeblingen.de\/leichtathletik\/vereinsrekorde\/","name":"VEREINSREKORDE - Leichtathletik - Sportvereinigung B\u00f6blingen e.V.","isPartOf":{"@id":"https:\/\/www.sv-boeblingen.de\/leichtathletik\/#website"},"datePublished":"2020-04-18T15:23:36+00:00","dateModified":"2021-03-01T09:49:06+00:00","breadcrumb":{"@id":"https:\/\/www.sv-boeblingen.de\/leichtathletik\/vereinsrekorde\/#breadcrumb"},"inLanguage":"de","potentialAction":[{"@type":"ReadAction","target":["https:\/\/www.sv-boeblingen.de\/leichtathletik\/vereinsrekorde\/"]}]},{"@type":"BreadcrumbList","@id":"https:\/\/www.sv-boeblingen.de\/leichtathletik\/vereinsrekorde\/#breadcrumb","itemListElement":[{"@type":"ListItem","position":1,"name":"Home","item":"https:\/\/www.sv-boeblingen.de\/leichtathletik\/"},{"@type":"ListItem","position":2,"name":"VEREINSREKORDE"}]},{"@type":"WebSite","@id":"https:\/\/www.sv-boeblingen.de\/leichtathletik\/#website","url":"https:\/\/www.sv-boeblingen.de\/leichtathletik\/","name":"Leichtathletik - Sportvereinigung B\u00f6blingen e.V.","description":"Wir bewegen B\u00f6blingen.","potentialAction":[{"@type":"SearchAction","target":{"@type":"EntryPoint","urlTemplate":"https:\/\/www.sv-boeblingen.de\/leichtathletik\/?s={search_term_string}"},"query-input":"required name=search_term_string"}],"inLanguage":"de"}]}},"_links":{"self":[{"href":"https:\/\/www.sv-boeblingen.de\/leichtathletik\/wp-json\/wp\/v2\/pages\/324","targetHints":{"allow":["GET"]}}],"collection":[{"href":"https:\/\/www.sv-boeblingen.de\/leichtathletik\/wp-json\/wp\/v2\/pages"}],"about":[{"href":"https:\/\/www.sv-boeblingen.de\/leichtathletik\/wp-json\/wp\/v2\/types\/page"}],"author":[{"embeddable":true,"href":"https:\/\/www.sv-boeblingen.de\/leichtathletik\/wp-json\/wp\/v2\/users\/3"}],"replies":[{"embeddable":true,"href":"https:\/\/www.sv-boeblingen.de\/leichtathletik\/wp-json\/wp\/v2\/comments?post=324"}],"version-history":[{"count":3,"href":"https:\/\/www.sv-boeblingen.de\/leichtathletik\/wp-json\/wp\/v2\/pages\/324\/revisions"}],"predecessor-version":[{"id":1256,"href":"https:\/\/www.sv-boeblingen.de\/leichtathletik\/wp-json\/wp\/v2\/pages\/324\/revisions\/1256"}],"wp:attachment":[{"href":"https:\/\/www.sv-boeblingen.de\/leichtathletik\/wp-json\/wp\/v2\/media?parent=324"}],"curies":[{"name":"wp","href":"https:\/\/api.w.org\/{rel}","templated":true}]}}