{"id":310,"date":"2020-04-18T14:29:19","date_gmt":"2020-04-18T12:29:19","guid":{"rendered":"http:\/\/www.sv-boeblingen.de\/leichtathletikneu\/?page_id=310"},"modified":"2024-12-07T22:01:21","modified_gmt":"2024-12-07T21:01:21","slug":"unsere-partner-die-wir-gerne-weiter-empfehlen","status":"publish","type":"page","link":"https:\/\/www.sv-boeblingen.de\/leichtathletik\/unsere-partner-die-wir-gerne-weiter-empfehlen\/","title":{"rendered":"Unsere PARTNER &#8211; die wir gerne weiter empfehlen"},"content":{"rendered":"\r\n<figure class=\"wp-block-table\">\r\n<table>\r\n<tbody>\r\n<tr>\r\n<td><a href=\"https:\/\/bankingportal.kskbb.de\/portal\/portal\/StartenIPSTANDARD\" target=\"_blank\" rel=\"noreferrer noopener\"><strong><em>Kreissparkasse B\u00f6blingen<\/em><\/strong><\/a> &#8211; gro\u00dfartiger und zuverl\u00e4ssiger Unterst\u00fctzer der Leichtathletik in B\u00f6blingen. <strong><em>Partner f\u00fcr B\u00f6blingen<\/em><\/strong>.<br \/><img loading=\"lazy\" decoding=\"async\" width=\"450\" height=\"85\" class=\"wp-image-306\" style=\"width: 450px;\" src=\"http:\/\/www.sv-boeblingen.de\/leichtathletikneu\/wp-content\/uploads\/2020\/04\/KSKBB-Logo-Olympia-quer.jpg\" alt=\"\" srcset=\"https:\/\/www.sv-boeblingen.de\/leichtathletik\/wp-content\/uploads\/2020\/04\/KSKBB-Logo-Olympia-quer.jpg 1801w, https:\/\/www.sv-boeblingen.de\/leichtathletik\/wp-content\/uploads\/2020\/04\/KSKBB-Logo-Olympia-quer-300x57.jpg 300w, https:\/\/www.sv-boeblingen.de\/leichtathletik\/wp-content\/uploads\/2020\/04\/KSKBB-Logo-Olympia-quer-1030x196.jpg 1030w, https:\/\/www.sv-boeblingen.de\/leichtathletik\/wp-content\/uploads\/2020\/04\/KSKBB-Logo-Olympia-quer-768x146.jpg 768w, https:\/\/www.sv-boeblingen.de\/leichtathletik\/wp-content\/uploads\/2020\/04\/KSKBB-Logo-Olympia-quer-1536x292.jpg 1536w, https:\/\/www.sv-boeblingen.de\/leichtathletik\/wp-content\/uploads\/2020\/04\/KSKBB-Logo-Olympia-quer-1500x285.jpg 1500w, https:\/\/www.sv-boeblingen.de\/leichtathletik\/wp-content\/uploads\/2020\/04\/KSKBB-Logo-Olympia-quer-705x134.jpg 705w, https:\/\/www.sv-boeblingen.de\/leichtathletik\/wp-content\/uploads\/2020\/04\/KSKBB-Logo-Olympia-quer-450x85.jpg 450w\" sizes=\"auto, (max-width: 450px) 100vw, 450px\" \/><\/td>\r\n<\/tr>\r\n<tr>\r\n<td>\u00a0<\/td>\r\n<\/tr>\r\n<tr>\r\n<td><a href=\"http:\/\/www.treffpunkt-fahrschule.biz\/\" target=\"_blank\" rel=\"noreferrer noopener\"><strong><em>Treffpunkt &#8211; Fahrschule <\/em><\/strong><\/a>&#8211; wir freuen uns sehr mit dem Treffpunkt &#8211; Fahrschule (B\u00f6blingen, Sch\u00f6naich, Steinenbronn und Waldenbuch) einen weiteren Partner unserer B\u00f6blinger Leichtathleten gefunden zu haben! Herzlichen Dank f\u00fcr Ihr Engagement!<br \/><img decoding=\"async\" style=\"width: 150px;\" src=\"http:\/\/www.sv-boeblingen.de\/leichtathletikneu\/wp-content\/uploads\/2020\/04\/Logo_TF_2C.jpg\" alt=\"\" \/><\/td>\r\n<\/tr>\r\n<tr>\r\n<td><a href=\"https:\/\/bw.aok.de\/\" target=\"_blank\" rel=\"noreferrer noopener\"><strong><em>Die AOK Stuttgart B\u00f6blingen <\/em><\/strong><\/a>&#8211; unser Kooperationspartner f\u00fcr den Sch\u00fclersport im AOK-KIDS-CUP. Kompetenz in Gesundheitspr\u00e4vention und Ratgeber f\u00fcr gesunden Sport.<br \/><img loading=\"lazy\" decoding=\"async\" class=\"alignnone size-medium wp-image-1016\" src=\"https:\/\/www.sv-boeblingen.de\/leichtathletik\/wp-content\/uploads\/2024\/01\/AOK-2021-300x105.jpg\" alt=\"\" width=\"300\" height=\"105\" srcset=\"https:\/\/www.sv-boeblingen.de\/leichtathletik\/wp-content\/uploads\/2024\/01\/AOK-2021-300x105.jpg 300w, https:\/\/www.sv-boeblingen.de\/leichtathletik\/wp-content\/uploads\/2024\/01\/AOK-2021-1030x359.jpg 1030w, https:\/\/www.sv-boeblingen.de\/leichtathletik\/wp-content\/uploads\/2024\/01\/AOK-2021-768x268.jpg 768w, https:\/\/www.sv-boeblingen.de\/leichtathletik\/wp-content\/uploads\/2024\/01\/AOK-2021-705x246.jpg 705w, https:\/\/www.sv-boeblingen.de\/leichtathletik\/wp-content\/uploads\/2024\/01\/AOK-2021-1210x423.jpg 1210w, https:\/\/www.sv-boeblingen.de\/leichtathletik\/wp-content\/uploads\/2024\/01\/AOK-2021.jpg 1291w\" sizes=\"auto, (max-width: 300px) 100vw, 300px\" \/><\/td>\r\n<\/tr>\r\n<tr>\r\n<td>\u00a0<\/td>\r\n<\/tr>\r\n<tr>\r\n<td>\u00a0<\/td>\r\n<\/tr>\r\n<tr>\r\n<td>\u00a0<\/td>\r\n<\/tr>\r\n<tr>\r\n<td>\u00a0<\/td>\r\n<\/tr>\r\n<tr>\r\n<td>\u00a0<\/td>\r\n<\/tr>\r\n<tr>\r\n<td>\u00a0<\/td>\r\n<\/tr>\r\n<tr>\r\n<td><strong>Wichtige Hinweise \/ Nutzungsbedingungen<\/strong> <strong>Alle Informationen wurden von uns mit Sorgfalt erstellt und ausgew\u00e4hlt. Soweit wir mittels so genannter Links auf Angebote Dritter verweisen, \u00fcbernehmen wir keine Haftung f\u00fcr die Inhalte dieser Informationsanbieter. Dort ver\u00f6ffentlichte Meinungen oder Tatsachenbehauptungen machen wir uns durch die Schaltung eines Links nicht zu eigen, falls durch uns nicht ausdr\u00fccklich etwas anderes zu dem Link erkl\u00e4rt wird.<\/strong><\/td>\r\n<\/tr>\r\n<\/tbody>\r\n<\/table>\r\n<p>&nbsp;<\/p>\r\n<\/figure>\r\n","protected":false},"excerpt":{"rendered":"<p>Kreissparkasse B\u00f6blingen &#8211; gro\u00dfartiger und zuverl\u00e4ssiger Unterst\u00fctzer der Leichtathletik in B\u00f6blingen. Partner f\u00fcr B\u00f6blingen. \u00a0 Treffpunkt &#8211; Fahrschule &#8211; wir freuen uns sehr mit dem Treffpunkt &#8211; Fahrschule (B\u00f6blingen, Sch\u00f6naich, Steinenbronn und Waldenbuch) einen weiteren Partner unserer B\u00f6blinger Leichtathleten gefunden zu haben! Herzlichen Dank f\u00fcr Ihr Engagement! Die AOK Stuttgart B\u00f6blingen &#8211; unser Kooperationspartner f\u00fcr [&hellip;]<\/p>\n","protected":false},"author":3,"featured_media":0,"parent":0,"menu_order":0,"comment_status":"closed","ping_status":"closed","template":"","meta":{"footnotes":""},"class_list":["post-310","page","type-page","status-publish","hentry"],"yoast_head":"<!-- This site is optimized with the Yoast SEO plugin v22.2 - https:\/\/yoast.com\/wordpress\/plugins\/seo\/ -->\n<title>Unsere PARTNER - die wir gerne weiter empfehlen - Leichtathletik - Sportvereinigung B\u00f6blingen e.V.<\/title>\n<meta name=\"robots\" content=\"index, follow, max-snippet:-1, max-image-preview:large, max-video-preview:-1\" \/>\n<link rel=\"canonical\" href=\"https:\/\/www.sv-boeblingen.de\/leichtathletik\/unsere-partner-die-wir-gerne-weiter-empfehlen\/\" \/>\n<meta property=\"og:locale\" content=\"de_DE\" \/>\n<meta property=\"og:type\" content=\"article\" \/>\n<meta property=\"og:title\" content=\"Unsere PARTNER - die wir gerne weiter empfehlen - Leichtathletik - Sportvereinigung B\u00f6blingen e.V.\" \/>\n<meta property=\"og:description\" content=\"Kreissparkasse B\u00f6blingen &#8211; gro\u00dfartiger und zuverl\u00e4ssiger Unterst\u00fctzer der Leichtathletik in B\u00f6blingen. Partner f\u00fcr B\u00f6blingen. \u00a0 Treffpunkt &#8211; Fahrschule &#8211; wir freuen uns sehr mit dem Treffpunkt &#8211; Fahrschule (B\u00f6blingen, Sch\u00f6naich, Steinenbronn und Waldenbuch) einen weiteren Partner unserer B\u00f6blinger Leichtathleten gefunden zu haben! Herzlichen Dank f\u00fcr Ihr Engagement! Die AOK Stuttgart B\u00f6blingen &#8211; unser Kooperationspartner f\u00fcr [&hellip;]\" \/>\n<meta property=\"og:url\" content=\"https:\/\/www.sv-boeblingen.de\/leichtathletik\/unsere-partner-die-wir-gerne-weiter-empfehlen\/\" \/>\n<meta property=\"og:site_name\" content=\"Leichtathletik - Sportvereinigung B\u00f6blingen e.V.\" \/>\n<meta property=\"article:modified_time\" content=\"2024-12-07T21:01:21+00:00\" \/>\n<meta property=\"og:image\" content=\"http:\/\/www.sv-boeblingen.de\/leichtathletikneu\/wp-content\/uploads\/2020\/04\/KSKBB-Logo-Olympia-quer.jpg\" \/>\n<meta name=\"twitter:card\" content=\"summary_large_image\" \/>\n<meta name=\"twitter:label1\" content=\"Gesch\u00e4tzte Lesezeit\" \/>\n\t<meta name=\"twitter:data1\" content=\"2\u00a0Minuten\" \/>\n<script type=\"application\/ld+json\" class=\"yoast-schema-graph\">{\"@context\":\"https:\/\/schema.org\",\"@graph\":[{\"@type\":\"WebPage\",\"@id\":\"https:\/\/www.sv-boeblingen.de\/leichtathletik\/unsere-partner-die-wir-gerne-weiter-empfehlen\/\",\"url\":\"https:\/\/www.sv-boeblingen.de\/leichtathletik\/unsere-partner-die-wir-gerne-weiter-empfehlen\/\",\"name\":\"Unsere PARTNER - die wir gerne weiter empfehlen - Leichtathletik - Sportvereinigung B\u00f6blingen e.V.\",\"isPartOf\":{\"@id\":\"https:\/\/www.sv-boeblingen.de\/leichtathletik\/#website\"},\"primaryImageOfPage\":{\"@id\":\"https:\/\/www.sv-boeblingen.de\/leichtathletik\/unsere-partner-die-wir-gerne-weiter-empfehlen\/#primaryimage\"},\"image\":{\"@id\":\"https:\/\/www.sv-boeblingen.de\/leichtathletik\/unsere-partner-die-wir-gerne-weiter-empfehlen\/#primaryimage\"},\"thumbnailUrl\":\"http:\/\/www.sv-boeblingen.de\/leichtathletikneu\/wp-content\/uploads\/2020\/04\/KSKBB-Logo-Olympia-quer.jpg\",\"datePublished\":\"2020-04-18T12:29:19+00:00\",\"dateModified\":\"2024-12-07T21:01:21+00:00\",\"breadcrumb\":{\"@id\":\"https:\/\/www.sv-boeblingen.de\/leichtathletik\/unsere-partner-die-wir-gerne-weiter-empfehlen\/#breadcrumb\"},\"inLanguage\":\"de\",\"potentialAction\":[{\"@type\":\"ReadAction\",\"target\":[\"https:\/\/www.sv-boeblingen.de\/leichtathletik\/unsere-partner-die-wir-gerne-weiter-empfehlen\/\"]}]},{\"@type\":\"ImageObject\",\"inLanguage\":\"de\",\"@id\":\"https:\/\/www.sv-boeblingen.de\/leichtathletik\/unsere-partner-die-wir-gerne-weiter-empfehlen\/#primaryimage\",\"url\":\"http:\/\/www.sv-boeblingen.de\/leichtathletikneu\/wp-content\/uploads\/2020\/04\/KSKBB-Logo-Olympia-quer.jpg\",\"contentUrl\":\"http:\/\/www.sv-boeblingen.de\/leichtathletikneu\/wp-content\/uploads\/2020\/04\/KSKBB-Logo-Olympia-quer.jpg\"},{\"@type\":\"BreadcrumbList\",\"@id\":\"https:\/\/www.sv-boeblingen.de\/leichtathletik\/unsere-partner-die-wir-gerne-weiter-empfehlen\/#breadcrumb\",\"itemListElement\":[{\"@type\":\"ListItem\",\"position\":1,\"name\":\"Home\",\"item\":\"https:\/\/www.sv-boeblingen.de\/leichtathletik\/\"},{\"@type\":\"ListItem\",\"position\":2,\"name\":\"Unsere PARTNER &#8211; die wir gerne weiter empfehlen\"}]},{\"@type\":\"WebSite\",\"@id\":\"https:\/\/www.sv-boeblingen.de\/leichtathletik\/#website\",\"url\":\"https:\/\/www.sv-boeblingen.de\/leichtathletik\/\",\"name\":\"Leichtathletik - Sportvereinigung B\u00f6blingen e.V.\",\"description\":\"Wir bewegen B\u00f6blingen.\",\"potentialAction\":[{\"@type\":\"SearchAction\",\"target\":{\"@type\":\"EntryPoint\",\"urlTemplate\":\"https:\/\/www.sv-boeblingen.de\/leichtathletik\/?s={search_term_string}\"},\"query-input\":\"required name=search_term_string\"}],\"inLanguage\":\"de\"}]}<\/script>\n<!-- \/ Yoast SEO plugin. -->","yoast_head_json":{"title":"Unsere PARTNER - die wir gerne weiter empfehlen - Leichtathletik - Sportvereinigung B\u00f6blingen e.V.","robots":{"index":"index","follow":"follow","max-snippet":"max-snippet:-1","max-image-preview":"max-image-preview:large","max-video-preview":"max-video-preview:-1"},"canonical":"https:\/\/www.sv-boeblingen.de\/leichtathletik\/unsere-partner-die-wir-gerne-weiter-empfehlen\/","og_locale":"de_DE","og_type":"article","og_title":"Unsere PARTNER - die wir gerne weiter empfehlen - Leichtathletik - Sportvereinigung B\u00f6blingen e.V.","og_description":"Kreissparkasse B\u00f6blingen &#8211; gro\u00dfartiger und zuverl\u00e4ssiger Unterst\u00fctzer der Leichtathletik in B\u00f6blingen. Partner f\u00fcr B\u00f6blingen. \u00a0 Treffpunkt &#8211; Fahrschule &#8211; wir freuen uns sehr mit dem Treffpunkt &#8211; Fahrschule (B\u00f6blingen, Sch\u00f6naich, Steinenbronn und Waldenbuch) einen weiteren Partner unserer B\u00f6blinger Leichtathleten gefunden zu haben! Herzlichen Dank f\u00fcr Ihr Engagement! Die AOK Stuttgart B\u00f6blingen &#8211; unser Kooperationspartner f\u00fcr [&hellip;]","og_url":"https:\/\/www.sv-boeblingen.de\/leichtathletik\/unsere-partner-die-wir-gerne-weiter-empfehlen\/","og_site_name":"Leichtathletik - Sportvereinigung B\u00f6blingen e.V.","article_modified_time":"2024-12-07T21:01:21+00:00","og_image":[{"url":"http:\/\/www.sv-boeblingen.de\/leichtathletikneu\/wp-content\/uploads\/2020\/04\/KSKBB-Logo-Olympia-quer.jpg"}],"twitter_card":"summary_large_image","twitter_misc":{"Gesch\u00e4tzte Lesezeit":"2\u00a0Minuten"},"schema":{"@context":"https:\/\/schema.org","@graph":[{"@type":"WebPage","@id":"https:\/\/www.sv-boeblingen.de\/leichtathletik\/unsere-partner-die-wir-gerne-weiter-empfehlen\/","url":"https:\/\/www.sv-boeblingen.de\/leichtathletik\/unsere-partner-die-wir-gerne-weiter-empfehlen\/","name":"Unsere PARTNER - die wir gerne weiter empfehlen - Leichtathletik - Sportvereinigung B\u00f6blingen e.V.","isPartOf":{"@id":"https:\/\/www.sv-boeblingen.de\/leichtathletik\/#website"},"primaryImageOfPage":{"@id":"https:\/\/www.sv-boeblingen.de\/leichtathletik\/unsere-partner-die-wir-gerne-weiter-empfehlen\/#primaryimage"},"image":{"@id":"https:\/\/www.sv-boeblingen.de\/leichtathletik\/unsere-partner-die-wir-gerne-weiter-empfehlen\/#primaryimage"},"thumbnailUrl":"http:\/\/www.sv-boeblingen.de\/leichtathletikneu\/wp-content\/uploads\/2020\/04\/KSKBB-Logo-Olympia-quer.jpg","datePublished":"2020-04-18T12:29:19+00:00","dateModified":"2024-12-07T21:01:21+00:00","breadcrumb":{"@id":"https:\/\/www.sv-boeblingen.de\/leichtathletik\/unsere-partner-die-wir-gerne-weiter-empfehlen\/#breadcrumb"},"inLanguage":"de","potentialAction":[{"@type":"ReadAction","target":["https:\/\/www.sv-boeblingen.de\/leichtathletik\/unsere-partner-die-wir-gerne-weiter-empfehlen\/"]}]},{"@type":"ImageObject","inLanguage":"de","@id":"https:\/\/www.sv-boeblingen.de\/leichtathletik\/unsere-partner-die-wir-gerne-weiter-empfehlen\/#primaryimage","url":"http:\/\/www.sv-boeblingen.de\/leichtathletikneu\/wp-content\/uploads\/2020\/04\/KSKBB-Logo-Olympia-quer.jpg","contentUrl":"http:\/\/www.sv-boeblingen.de\/leichtathletikneu\/wp-content\/uploads\/2020\/04\/KSKBB-Logo-Olympia-quer.jpg"},{"@type":"BreadcrumbList","@id":"https:\/\/www.sv-boeblingen.de\/leichtathletik\/unsere-partner-die-wir-gerne-weiter-empfehlen\/#breadcrumb","itemListElement":[{"@type":"ListItem","position":1,"name":"Home","item":"https:\/\/www.sv-boeblingen.de\/leichtathletik\/"},{"@type":"ListItem","position":2,"name":"Unsere PARTNER &#8211; die wir gerne weiter empfehlen"}]},{"@type":"WebSite","@id":"https:\/\/www.sv-boeblingen.de\/leichtathletik\/#website","url":"https:\/\/www.sv-boeblingen.de\/leichtathletik\/","name":"Leichtathletik - Sportvereinigung B\u00f6blingen e.V.","description":"Wir bewegen B\u00f6blingen.","potentialAction":[{"@type":"SearchAction","target":{"@type":"EntryPoint","urlTemplate":"https:\/\/www.sv-boeblingen.de\/leichtathletik\/?s={search_term_string}"},"query-input":"required name=search_term_string"}],"inLanguage":"de"}]}},"_links":{"self":[{"href":"https:\/\/www.sv-boeblingen.de\/leichtathletik\/wp-json\/wp\/v2\/pages\/310","targetHints":{"allow":["GET"]}}],"collection":[{"href":"https:\/\/www.sv-boeblingen.de\/leichtathletik\/wp-json\/wp\/v2\/pages"}],"about":[{"href":"https:\/\/www.sv-boeblingen.de\/leichtathletik\/wp-json\/wp\/v2\/types\/page"}],"author":[{"embeddable":true,"href":"https:\/\/www.sv-boeblingen.de\/leichtathletik\/wp-json\/wp\/v2\/users\/3"}],"replies":[{"embeddable":true,"href":"https:\/\/www.sv-boeblingen.de\/leichtathletik\/wp-json\/wp\/v2\/comments?post=310"}],"version-history":[{"count":9,"href":"https:\/\/www.sv-boeblingen.de\/leichtathletik\/wp-json\/wp\/v2\/pages\/310\/revisions"}],"predecessor-version":[{"id":1164,"href":"https:\/\/www.sv-boeblingen.de\/leichtathletik\/wp-json\/wp\/v2\/pages\/310\/revisions\/1164"}],"wp:attachment":[{"href":"https:\/\/www.sv-boeblingen.de\/leichtathletik\/wp-json\/wp\/v2\/media?parent=310"}],"curies":[{"name":"wp","href":"https:\/\/api.w.org\/{rel}","templated":true}]}}