{"id":22,"date":"2018-01-30T22:11:33","date_gmt":"2018-01-30T21:11:33","guid":{"rendered":"http:\/\/www.sv-boeblingen.de\/leichtathletikneu\/?page_id=22"},"modified":"2025-07-14T21:20:21","modified_gmt":"2025-07-14T19:20:21","slug":"vorstand","status":"publish","type":"page","link":"https:\/\/www.sv-boeblingen.de\/leichtathletik\/vorstand\/","title":{"rendered":"VORSTAND"},"content":{"rendered":"<p>Die Leichtathletik wird als Abteilung im Verein der Sportvereinigung B\u00f6blingen gef\u00fchrt. Der Vorstand setzt sich aus sechs Mitgliedern und Funktionen zusammen, die alle zwei Jahre zur Wahl gestellt werden. Alle Entscheidungen f\u00fcr die Abteilung werden mit einfachem Mehrheitsbeschluss gefasst.<\/p>\n<p><strong>&#8211; Abteilungsleiter*in &#8211; <\/strong><strong>unbesetzt<\/strong><br \/>\nTelefon:<br \/>\nTelefax:<br \/>\ne-mail: Leichtathletik-AL(at)sv-boeblingen.de<\/p>\n<p>Die Abteilungsleiter*in leitet die Abteilung und repr\u00e4sentiert diese nach Au\u00dfen. Er\/Sie ist erster Ansprechpartner*in f\u00fcr die Stadt, den Hauptverein und Verb\u00e4nde. Er\/Sie vertritt die Abteilung aktiv im Leichtathletik-Kreisverband B\u00f6blingen.<\/p>\n<p><strong>&#8211; Stellvertretende Abteilungsleiterin und Gesch\u00e4ftsstelle &#8211; <img loading=\"lazy\" decoding=\"async\" class=\"wp-image-472 alignright\" src=\"http:\/\/www.sv-boeblingen.de\/leichtathletikneu\/wp-content\/uploads\/2020\/04\/P1080070-300x169.jpg\" alt=\"\" width=\"213\" height=\"120\" srcset=\"https:\/\/www.sv-boeblingen.de\/leichtathletik\/wp-content\/uploads\/2020\/04\/P1080070-300x169.jpg 300w, https:\/\/www.sv-boeblingen.de\/leichtathletik\/wp-content\/uploads\/2020\/04\/P1080070-1030x580.jpg 1030w, https:\/\/www.sv-boeblingen.de\/leichtathletik\/wp-content\/uploads\/2020\/04\/P1080070-768x432.jpg 768w, https:\/\/www.sv-boeblingen.de\/leichtathletik\/wp-content\/uploads\/2020\/04\/P1080070-1536x865.jpg 1536w, https:\/\/www.sv-boeblingen.de\/leichtathletik\/wp-content\/uploads\/2020\/04\/P1080070-2048x1153.jpg 2048w, https:\/\/www.sv-boeblingen.de\/leichtathletik\/wp-content\/uploads\/2020\/04\/P1080070-1500x844.jpg 1500w, https:\/\/www.sv-boeblingen.de\/leichtathletik\/wp-content\/uploads\/2020\/04\/P1080070-705x397.jpg 705w, https:\/\/www.sv-boeblingen.de\/leichtathletik\/wp-content\/uploads\/2020\/04\/P1080070-450x253.jpg 450w\" sizes=\"auto, (max-width: 213px) 100vw, 213px\" \/><\/strong><br \/>\n<strong>Claudia &#8218;Clautsch&#8216; Meyer<\/strong><br \/>\nTelefon: 07031\/223919<br \/>\nTelefax: 07031\/236707<br \/>\ne-mail: Leichtathletik-AL(at)sv-boeblingen.de<\/p>\n<p>Die Gesch\u00e4ftsstelle &#8218;verwaltet&#8216; die Abteilung. Hier laufen alle F\u00e4den der Abteilung zusammen von A wie Ausschreibungen bis Z wie Zusch\u00fcsse. Wer nicht sicher wei\u00df wer Ansprechpartner in der Abteilung ist -extern wie intern- kann sich \u00fcber die Gesch\u00e4ftsstelle informieren.<\/p>\n<p><strong>&#8211; Sportliche Leitung und Stellvertretender Abteilungsleiter &#8211;\u00a0\u00a0\u00a0\u00a0\u00a0\u00a0\u00a0\u00a0\u00a0\u00a0\u00a0\u00a0\u00a0\u00a0\u00a0\u00a0\u00a0\u00a0\u00a0\u00a0\u00a0\u00a0\u00a0\u00a0\u00a0\u00a0\u00a0\u00a0\u00a0\u00a0\u00a0\u00a0\u00a0\u00a0\u00a0\u00a0\u00a0\u00a0\u00a0\u00a0\u00a0\u00a0\u00a0\u00a0\u00a0\u00a0\u00a0\u00a0\u00a0\u00a0\u00a0\u00a0\u00a0\u00a0\u00a0\u00a0\u00a0\u00a0\u00a0\u00a0\u00a0\u00a0\u00a0\u00a0\u00a0\u00a0\u00a0\u00a0\u00a0\u00a0\u00a0\u00a0\u00a0\u00a0\u00a0\u00a0\u00a0\u00a0\u00a0\u00a0\u00a0\u00a0\u00a0\u00a0\u00a0\u00a0\u00a0\u00a0 <img loading=\"lazy\" decoding=\"async\" class=\"wp-image-879 alignright\" src=\"https:\/\/www.sv-boeblingen.de\/leichtathletik\/wp-content\/uploads\/2023\/05\/Pauline-Portraet-209x300.jpg\" alt=\"\" width=\"137\" height=\"197\" srcset=\"https:\/\/www.sv-boeblingen.de\/leichtathletik\/wp-content\/uploads\/2023\/05\/Pauline-Portraet-209x300.jpg 209w, https:\/\/www.sv-boeblingen.de\/leichtathletik\/wp-content\/uploads\/2023\/05\/Pauline-Portraet.jpg 300w\" sizes=\"auto, (max-width: 137px) 100vw, 137px\" \/><\/strong><br \/>\n<strong>Pauline Helber<br \/>\n<\/strong>e-mail: Leichtathletik-SAL(at)sv-boeblingen.de<\/p>\n<p>Als sportliche Leiterin ist sie f\u00fcr die Trainingskonzeption und den Sportbetrieb der Abteilung verantwortlich. Sie ist Koordinatorin und Ansprechpartnerin f\u00fcr die TrainerInnen und Trainingsgruppen und ist das Bindeglied zwischen den Gruppen,seinen Athleten und dem Vorstand.<\/p>\n<p><strong>&#8211; Jugendsprecher und Technische Leitung &#8211; <\/strong><br \/>\n<strong>Luca Gaeta<br \/>\n<\/strong>e-mail: Leichtathletik-JL(at)sv-boeblingen.de\u00a0\u00a0\u00a0\u00a0\u00a0\u00a0\u00a0\u00a0\u00a0\u00a0\u00a0\u00a0\u00a0\u00a0\u00a0\u00a0\u00a0\u00a0\u00a0\u00a0\u00a0\u00a0\u00a0\u00a0\u00a0\u00a0\u00a0\u00a0\u00a0\u00a0\u00a0\u00a0\u00a0\u00a0\u00a0\u00a0\u00a0\u00a0\u00a0\u00a0\u00a0\u00a0\u00a0\u00a0\u00a0\u00a0\u00a0\u00a0\u00a0\u00a0\u00a0\u00a0\u00a0\u00a0\u00a0\u00a0\u00a0\u00a0\u00a0\u00a0\u00a0\u00a0\u00a0\u00a0\u00a0\u00a0\u00a0\u00a0\u00a0\u00a0\u00a0\u00a0\u00a0\u00a0\u00a0\u00a0\u00a0\u00a0\u00a0\u00a0\u00a0\u00a0\u00a0\u00a0\u00a0\u00a0\u00a0\u00a0\u00a0\u00a0\u00a0\u00a0\u00a0\u00a0\u00a0\u00a0\u00a0\u00a0\u00a0\u00a0\u00a0\u00a0\u00a0\u00a0\u00a0\u00a0\u00a0\u00a0\u00a0\u00a0\u00a0\u00a0\u00a0\u00a0\u00a0\u00a0\u00a0\u00a0\u00a0\u00a0\u00a0\u00a0\u00a0\u00a0\u00a0\u00a0\u00a0\u00a0\u00a0\u00a0\u00a0\u00a0\u00a0\u00a0\u00a0 <img loading=\"lazy\" decoding=\"async\" class=\"wp-image-898 alignright\" src=\"https:\/\/www.sv-boeblingen.de\/leichtathletik\/wp-content\/uploads\/2023\/05\/Luca-Portraet-251x300.jpg\" alt=\"\" width=\"158\" height=\"188\" srcset=\"https:\/\/www.sv-boeblingen.de\/leichtathletik\/wp-content\/uploads\/2023\/05\/Luca-Portraet-251x300.jpg 251w, https:\/\/www.sv-boeblingen.de\/leichtathletik\/wp-content\/uploads\/2023\/05\/Luca-Portraet.jpg 300w\" sizes=\"auto, (max-width: 158px) 100vw, 158px\" \/><\/p>\n<p>Der Jugendsprecher ist Sprachrohr der jugendlichen Athleten gegen\u00fcber dem Vorstand und dem Hauptverein. Um dem Jugendsprecher Gewicht zu geben, ist er im Vorstand der Abteilung integriert. Umgekehrt sollte der Jugendsprecher auch zu Themen die die jungen Athleten angehen, vom Vorstand geh\u00f6rt werden. Ein wichtiges Bindeglied der Abteilung&#8230;<br \/>\nAls technischer Leiter koordiniert der die technischen Einrichtungen im Stadion und auch w\u00e4hrend der Wettk\u00e4mpfe. Generell ist er auch Ansprechpartner f\u00fcr alle Anfragen des Hauptvereins und der Stadt im Hinblick auf technische Einrichtungen f\u00fcr das Stadion.<\/p>\n<p><strong>&#8211; Wettkampfkoordination und Sonderaufgaben &#8211;<\/strong><br \/>\n<strong>Thorsten Weimper<\/strong><\/p>\n<p>Verantwortlich f\u00fcr die Koordinierung aller Aktivit\u00e4ten um die Austragung von Wettk\u00e4mpfen. <img loading=\"lazy\" decoding=\"async\" class=\"wp-image-473 alignright\" src=\"https:\/\/www.sv-boeblingen.de\/leichtathletik\/wp-content\/uploads\/2020\/04\/Weimper-Thorsten-2013-300x232.jpg\" alt=\"\" width=\"159\" height=\"123\" srcset=\"https:\/\/www.sv-boeblingen.de\/leichtathletik\/wp-content\/uploads\/2020\/04\/Weimper-Thorsten-2013-300x232.jpg 300w, https:\/\/www.sv-boeblingen.de\/leichtathletik\/wp-content\/uploads\/2020\/04\/Weimper-Thorsten-2013-1030x798.jpg 1030w, https:\/\/www.sv-boeblingen.de\/leichtathletik\/wp-content\/uploads\/2020\/04\/Weimper-Thorsten-2013-768x595.jpg 768w, https:\/\/www.sv-boeblingen.de\/leichtathletik\/wp-content\/uploads\/2020\/04\/Weimper-Thorsten-2013-1536x1190.jpg 1536w, https:\/\/www.sv-boeblingen.de\/leichtathletik\/wp-content\/uploads\/2020\/04\/Weimper-Thorsten-2013-2048x1587.jpg 2048w, https:\/\/www.sv-boeblingen.de\/leichtathletik\/wp-content\/uploads\/2020\/04\/Weimper-Thorsten-2013-1500x1162.jpg 1500w, https:\/\/www.sv-boeblingen.de\/leichtathletik\/wp-content\/uploads\/2020\/04\/Weimper-Thorsten-2013-705x546.jpg 705w, https:\/\/www.sv-boeblingen.de\/leichtathletik\/wp-content\/uploads\/2020\/04\/Weimper-Thorsten-2013-450x349.jpg 450w\" sizes=\"auto, (max-width: 159px) 100vw, 159px\" \/><\/p>\n<p><strong>&#8211; Kassenwart &#8211; <img loading=\"lazy\" decoding=\"async\" class=\"wp-image-597 alignright\" src=\"https:\/\/www.sv-boeblingen.de\/leichtathletik\/wp-content\/uploads\/2021\/03\/j_weimper-300x200.jpg\" alt=\"\" width=\"167\" height=\"111\" srcset=\"https:\/\/www.sv-boeblingen.de\/leichtathletik\/wp-content\/uploads\/2021\/03\/j_weimper-300x200.jpg 300w, https:\/\/www.sv-boeblingen.de\/leichtathletik\/wp-content\/uploads\/2021\/03\/j_weimper.jpg 450w\" sizes=\"auto, (max-width: 167px) 100vw, 167px\" \/><\/strong><br \/>\n<strong>Jens Weimper\u00a0\u00a0 <\/strong>Der Kassier ist mehr als der Kassierer der Abteilung. Seine Wichtigkeit liegt aber nicht nur in der quasi &#8222;st\u00e4ndigen Verf\u00fcgbarkeit&#8220;, damit Athleten und Trainer nicht lange auf die Erstattung von Auslagen warten m\u00fcssen. Vielmehr legt er die Gelder, die nicht fl\u00fcssig vorliegen m\u00fcssen um den Betrieb am laufen zu halten an und sorgt so daf\u00fcr, da\u00df auch wenn m\u00f6glich noch ein kleines Plus f\u00fcr weitergehende Investitionen herausspringt. Und diese Arbeiten tut er &#8211; wie die j\u00e4hrlichen Hauptversammlungen zeigen &#8211; mit vollster Zufriedenheit unserer Kassenpr\u00fcfer, die die Entlastung vorzuschlagen haben.<\/p>\n<p><strong>&#8211; Vorstand ohne zugewiesene Funktion &#8211; <\/strong><br \/>\n<strong>Kaja Frommer<br \/>\n<\/strong><\/p>\n<p>Bewu\u00dft ohne eine zugewiesene Funktion darf sich Kaja bei uns einbringen, welche uns bereits vielf\u00e4ltig im Train<strong><img loading=\"lazy\" decoding=\"async\" class=\"wp-image-897 alignright\" src=\"https:\/\/www.sv-boeblingen.de\/leichtathletik\/wp-content\/uploads\/2023\/05\/Kaja-Portraet-241x300.jpg\" alt=\"\" width=\"157\" height=\"196\" srcset=\"https:\/\/www.sv-boeblingen.de\/leichtathletik\/wp-content\/uploads\/2023\/05\/Kaja-Portraet-241x300.jpg 241w, https:\/\/www.sv-boeblingen.de\/leichtathletik\/wp-content\/uploads\/2023\/05\/Kaja-Portraet.jpg 300w\" sizes=\"auto, (max-width: 157px) 100vw, 157px\" \/><\/strong>ing unterst\u00e4tzt.<br \/>\nDabei ist die Sicht und ein Neues Denken von Au\u00dfen f\u00fcr uns in der jetzigen Phase sehr wichtig.<\/p>\n<p><em>Zur Vermeidung von SPAM haben wir die konkreten Email-Adressen unserer Vorstandsmitglieder herausgenommen. Bitte kopieren sie die gesamte Adresse und ersetzen das (at) mit @.<\/em><\/p>\n","protected":false},"excerpt":{"rendered":"<p>Die Leichtathletik wird als Abteilung im Verein der Sportvereinigung B\u00f6blingen gef\u00fchrt. Der Vorstand setzt sich aus sechs Mitgliedern und Funktionen zusammen, die alle zwei Jahre zur Wahl gestellt werden. Alle Entscheidungen f\u00fcr die Abteilung werden mit einfachem Mehrheitsbeschluss gefasst. &#8211; Abteilungsleiter*in &#8211; unbesetzt Telefon: Telefax: e-mail: Leichtathletik-AL(at)sv-boeblingen.de Die Abteilungsleiter*in leitet die Abteilung und repr\u00e4sentiert diese [&hellip;]<\/p>\n","protected":false},"author":2,"featured_media":0,"parent":0,"menu_order":0,"comment_status":"closed","ping_status":"closed","template":"","meta":{"footnotes":""},"class_list":["post-22","page","type-page","status-publish","hentry"],"yoast_head":"<!-- This site is optimized with the Yoast SEO plugin v22.2 - https:\/\/yoast.com\/wordpress\/plugins\/seo\/ -->\n<title>VORSTAND - Leichtathletik - Sportvereinigung B\u00f6blingen e.V.<\/title>\n<meta name=\"robots\" content=\"index, follow, max-snippet:-1, max-image-preview:large, max-video-preview:-1\" \/>\n<link rel=\"canonical\" href=\"https:\/\/www.sv-boeblingen.de\/leichtathletik\/vorstand\/\" \/>\n<meta property=\"og:locale\" content=\"de_DE\" \/>\n<meta property=\"og:type\" content=\"article\" \/>\n<meta property=\"og:title\" content=\"VORSTAND - Leichtathletik - Sportvereinigung B\u00f6blingen e.V.\" \/>\n<meta property=\"og:description\" content=\"Die Leichtathletik wird als Abteilung im Verein der Sportvereinigung B\u00f6blingen gef\u00fchrt. Der Vorstand setzt sich aus sechs Mitgliedern und Funktionen zusammen, die alle zwei Jahre zur Wahl gestellt werden. Alle Entscheidungen f\u00fcr die Abteilung werden mit einfachem Mehrheitsbeschluss gefasst. &#8211; Abteilungsleiter*in &#8211; unbesetzt Telefon: Telefax: e-mail: Leichtathletik-AL(at)sv-boeblingen.de Die Abteilungsleiter*in leitet die Abteilung und repr\u00e4sentiert diese [&hellip;]\" \/>\n<meta property=\"og:url\" content=\"https:\/\/www.sv-boeblingen.de\/leichtathletik\/vorstand\/\" \/>\n<meta property=\"og:site_name\" content=\"Leichtathletik - Sportvereinigung B\u00f6blingen e.V.\" \/>\n<meta property=\"article:modified_time\" content=\"2025-07-14T19:20:21+00:00\" \/>\n<meta property=\"og:image\" content=\"http:\/\/www.sv-boeblingen.de\/leichtathletikneu\/wp-content\/uploads\/2020\/04\/P1080070-300x169.jpg\" \/>\n<meta name=\"twitter:card\" content=\"summary_large_image\" \/>\n<meta name=\"twitter:label1\" content=\"Gesch\u00e4tzte Lesezeit\" \/>\n\t<meta name=\"twitter:data1\" content=\"4\u00a0Minuten\" \/>\n<script type=\"application\/ld+json\" class=\"yoast-schema-graph\">{\"@context\":\"https:\/\/schema.org\",\"@graph\":[{\"@type\":\"WebPage\",\"@id\":\"https:\/\/www.sv-boeblingen.de\/leichtathletik\/vorstand\/\",\"url\":\"https:\/\/www.sv-boeblingen.de\/leichtathletik\/vorstand\/\",\"name\":\"VORSTAND - Leichtathletik - Sportvereinigung B\u00f6blingen e.V.\",\"isPartOf\":{\"@id\":\"https:\/\/www.sv-boeblingen.de\/leichtathletik\/#website\"},\"primaryImageOfPage\":{\"@id\":\"https:\/\/www.sv-boeblingen.de\/leichtathletik\/vorstand\/#primaryimage\"},\"image\":{\"@id\":\"https:\/\/www.sv-boeblingen.de\/leichtathletik\/vorstand\/#primaryimage\"},\"thumbnailUrl\":\"http:\/\/www.sv-boeblingen.de\/leichtathletikneu\/wp-content\/uploads\/2020\/04\/P1080070-300x169.jpg\",\"datePublished\":\"2018-01-30T21:11:33+00:00\",\"dateModified\":\"2025-07-14T19:20:21+00:00\",\"breadcrumb\":{\"@id\":\"https:\/\/www.sv-boeblingen.de\/leichtathletik\/vorstand\/#breadcrumb\"},\"inLanguage\":\"de\",\"potentialAction\":[{\"@type\":\"ReadAction\",\"target\":[\"https:\/\/www.sv-boeblingen.de\/leichtathletik\/vorstand\/\"]}]},{\"@type\":\"ImageObject\",\"inLanguage\":\"de\",\"@id\":\"https:\/\/www.sv-boeblingen.de\/leichtathletik\/vorstand\/#primaryimage\",\"url\":\"http:\/\/www.sv-boeblingen.de\/leichtathletikneu\/wp-content\/uploads\/2020\/04\/P1080070-300x169.jpg\",\"contentUrl\":\"http:\/\/www.sv-boeblingen.de\/leichtathletikneu\/wp-content\/uploads\/2020\/04\/P1080070-300x169.jpg\"},{\"@type\":\"BreadcrumbList\",\"@id\":\"https:\/\/www.sv-boeblingen.de\/leichtathletik\/vorstand\/#breadcrumb\",\"itemListElement\":[{\"@type\":\"ListItem\",\"position\":1,\"name\":\"Home\",\"item\":\"https:\/\/www.sv-boeblingen.de\/leichtathletik\/\"},{\"@type\":\"ListItem\",\"position\":2,\"name\":\"VORSTAND\"}]},{\"@type\":\"WebSite\",\"@id\":\"https:\/\/www.sv-boeblingen.de\/leichtathletik\/#website\",\"url\":\"https:\/\/www.sv-boeblingen.de\/leichtathletik\/\",\"name\":\"Leichtathletik - Sportvereinigung B\u00f6blingen e.V.\",\"description\":\"Wir bewegen B\u00f6blingen.\",\"potentialAction\":[{\"@type\":\"SearchAction\",\"target\":{\"@type\":\"EntryPoint\",\"urlTemplate\":\"https:\/\/www.sv-boeblingen.de\/leichtathletik\/?s={search_term_string}\"},\"query-input\":\"required name=search_term_string\"}],\"inLanguage\":\"de\"}]}<\/script>\n<!-- \/ Yoast SEO plugin. -->","yoast_head_json":{"title":"VORSTAND - Leichtathletik - Sportvereinigung B\u00f6blingen e.V.","robots":{"index":"index","follow":"follow","max-snippet":"max-snippet:-1","max-image-preview":"max-image-preview:large","max-video-preview":"max-video-preview:-1"},"canonical":"https:\/\/www.sv-boeblingen.de\/leichtathletik\/vorstand\/","og_locale":"de_DE","og_type":"article","og_title":"VORSTAND - Leichtathletik - Sportvereinigung B\u00f6blingen e.V.","og_description":"Die Leichtathletik wird als Abteilung im Verein der Sportvereinigung B\u00f6blingen gef\u00fchrt. Der Vorstand setzt sich aus sechs Mitgliedern und Funktionen zusammen, die alle zwei Jahre zur Wahl gestellt werden. Alle Entscheidungen f\u00fcr die Abteilung werden mit einfachem Mehrheitsbeschluss gefasst. &#8211; Abteilungsleiter*in &#8211; unbesetzt Telefon: Telefax: e-mail: Leichtathletik-AL(at)sv-boeblingen.de Die Abteilungsleiter*in leitet die Abteilung und repr\u00e4sentiert diese [&hellip;]","og_url":"https:\/\/www.sv-boeblingen.de\/leichtathletik\/vorstand\/","og_site_name":"Leichtathletik - Sportvereinigung B\u00f6blingen e.V.","article_modified_time":"2025-07-14T19:20:21+00:00","og_image":[{"url":"http:\/\/www.sv-boeblingen.de\/leichtathletikneu\/wp-content\/uploads\/2020\/04\/P1080070-300x169.jpg"}],"twitter_card":"summary_large_image","twitter_misc":{"Gesch\u00e4tzte Lesezeit":"4\u00a0Minuten"},"schema":{"@context":"https:\/\/schema.org","@graph":[{"@type":"WebPage","@id":"https:\/\/www.sv-boeblingen.de\/leichtathletik\/vorstand\/","url":"https:\/\/www.sv-boeblingen.de\/leichtathletik\/vorstand\/","name":"VORSTAND - Leichtathletik - Sportvereinigung B\u00f6blingen e.V.","isPartOf":{"@id":"https:\/\/www.sv-boeblingen.de\/leichtathletik\/#website"},"primaryImageOfPage":{"@id":"https:\/\/www.sv-boeblingen.de\/leichtathletik\/vorstand\/#primaryimage"},"image":{"@id":"https:\/\/www.sv-boeblingen.de\/leichtathletik\/vorstand\/#primaryimage"},"thumbnailUrl":"http:\/\/www.sv-boeblingen.de\/leichtathletikneu\/wp-content\/uploads\/2020\/04\/P1080070-300x169.jpg","datePublished":"2018-01-30T21:11:33+00:00","dateModified":"2025-07-14T19:20:21+00:00","breadcrumb":{"@id":"https:\/\/www.sv-boeblingen.de\/leichtathletik\/vorstand\/#breadcrumb"},"inLanguage":"de","potentialAction":[{"@type":"ReadAction","target":["https:\/\/www.sv-boeblingen.de\/leichtathletik\/vorstand\/"]}]},{"@type":"ImageObject","inLanguage":"de","@id":"https:\/\/www.sv-boeblingen.de\/leichtathletik\/vorstand\/#primaryimage","url":"http:\/\/www.sv-boeblingen.de\/leichtathletikneu\/wp-content\/uploads\/2020\/04\/P1080070-300x169.jpg","contentUrl":"http:\/\/www.sv-boeblingen.de\/leichtathletikneu\/wp-content\/uploads\/2020\/04\/P1080070-300x169.jpg"},{"@type":"BreadcrumbList","@id":"https:\/\/www.sv-boeblingen.de\/leichtathletik\/vorstand\/#breadcrumb","itemListElement":[{"@type":"ListItem","position":1,"name":"Home","item":"https:\/\/www.sv-boeblingen.de\/leichtathletik\/"},{"@type":"ListItem","position":2,"name":"VORSTAND"}]},{"@type":"WebSite","@id":"https:\/\/www.sv-boeblingen.de\/leichtathletik\/#website","url":"https:\/\/www.sv-boeblingen.de\/leichtathletik\/","name":"Leichtathletik - Sportvereinigung B\u00f6blingen e.V.","description":"Wir bewegen B\u00f6blingen.","potentialAction":[{"@type":"SearchAction","target":{"@type":"EntryPoint","urlTemplate":"https:\/\/www.sv-boeblingen.de\/leichtathletik\/?s={search_term_string}"},"query-input":"required name=search_term_string"}],"inLanguage":"de"}]}},"_links":{"self":[{"href":"https:\/\/www.sv-boeblingen.de\/leichtathletik\/wp-json\/wp\/v2\/pages\/22","targetHints":{"allow":["GET"]}}],"collection":[{"href":"https:\/\/www.sv-boeblingen.de\/leichtathletik\/wp-json\/wp\/v2\/pages"}],"about":[{"href":"https:\/\/www.sv-boeblingen.de\/leichtathletik\/wp-json\/wp\/v2\/types\/page"}],"author":[{"embeddable":true,"href":"https:\/\/www.sv-boeblingen.de\/leichtathletik\/wp-json\/wp\/v2\/users\/2"}],"replies":[{"embeddable":true,"href":"https:\/\/www.sv-boeblingen.de\/leichtathletik\/wp-json\/wp\/v2\/comments?post=22"}],"version-history":[{"count":14,"href":"https:\/\/www.sv-boeblingen.de\/leichtathletik\/wp-json\/wp\/v2\/pages\/22\/revisions"}],"predecessor-version":[{"id":1207,"href":"https:\/\/www.sv-boeblingen.de\/leichtathletik\/wp-json\/wp\/v2\/pages\/22\/revisions\/1207"}],"wp:attachment":[{"href":"https:\/\/www.sv-boeblingen.de\/leichtathletik\/wp-json\/wp\/v2\/media?parent=22"}],"curies":[{"name":"wp","href":"https:\/\/api.w.org\/{rel}","templated":true}]}}