{"id":215,"date":"2020-04-16T21:10:39","date_gmt":"2020-04-16T19:10:39","guid":{"rendered":"http:\/\/www.sv-boeblingen.de\/leichtathletikneu\/?page_id=215"},"modified":"2026-02-03T22:26:29","modified_gmt":"2026-02-03T21:26:29","slug":"erfolge","status":"publish","type":"page","link":"https:\/\/www.sv-boeblingen.de\/leichtathletik\/erfolge\/","title":{"rendered":"ERFOLGE"},"content":{"rendered":"<h2>Erfolge<\/h2>\r\n<h3>Die aktuellen Zwischenst\u00e4nde im AOK Kids-Cup<\/h3>\r\n<h2>Aktuelle Zwischenst\u00e4nde AOK KidsCup:<\/h2>\r\n<div>\r\n<ul>\r\n \t<li><a href=\"https:\/\/svb-la.de\/kidscup\/U08\/aktuellerStand\" target=\"_blank\" rel=\"noopener\" data-saferedirecturl=\"https:\/\/www.google.com\/url?q=https:\/\/svb-la.de\/kidscup\/U08\/aktuellerStand&amp;source=gmail&amp;ust=1675354472357000&amp;usg=AOvVaw3R5SfvbS8kuMNN0IYGTnVz\">https:\/\/svb-la.de\/kidscup\/U08\/aktuellerStand<\/a><\/li>\r\n \t<li><a href=\"https:\/\/svb-la.de\/kidscup\/U10\/aktuellerStand\" target=\"_blank\" rel=\"noopener\" data-saferedirecturl=\"https:\/\/www.google.com\/url?q=https:\/\/svb-la.de\/kidscup\/U10\/aktuellerStand&amp;source=gmail&amp;ust=1675354472357000&amp;usg=AOvVaw1jvnbagXEPXAUaniQ-rFof\">https:\/\/svb-la.de\/kidscup\/U10\/aktuellerStand<\/a><\/li>\r\n \t<li><a href=\"https:\/\/svb-la.de\/kidscup\/U12\/aktuellerStand\" target=\"_blank\" rel=\"noopener\" data-saferedirecturl=\"https:\/\/www.google.com\/url?q=https:\/\/svb-la.de\/kidscup\/U12\/aktuellerStand&amp;source=gmail&amp;ust=1675354472357000&amp;usg=AOvVaw1R1IjoSedqCmHavs7PXCkz\">https:\/\/svb-la.de\/kidscup\/U12\/aktuellerStand<\/a><\/li>\r\n<\/ul>\r\n<\/div>\r\n<h3>2026<\/h3>\r\n<b>BaW\u00fc Hallen-Meisterschaften U18, Sindelfingen:<\/b> Maximilian K\u00f6hler meisterte im Hochsprung 1,84 Meter und holte aufgrund weniger Fehlversuche als zwei h\u00f6hengleiche Kontrahenten Gold.\r\n<h3>2025<\/h3>\r\n<strong>WLV Team-Meisterschaften Jugend U16\/U14, Sindelfingen (27.09.):<\/strong> Bei den WLV Team-Meisterschaften gingen unsere Athletinnen und Athleten aus der U14 gemeinsam mit Holzgerlingen und Dagersheim als Startgemeinschaft Sch\u00f6nbuch-Nord an den Start. Die Stimmung im Team war mindestens genauso gut wie das Wetter, was allen Teilnehmenden einen sch\u00f6nen Wettkampftag bescherte:\r\n\u2022 In der weiblichen Jugend U14 waren f\u00fcr B\u00f6blingen Mila Saida und Lina Kurz am Start. Mila lief \u00fcber 75 m eine Zeit von 11,29 Sek. und sprang im Weitsprung 3,75 m. Lina \u00fcbersprang im Hochsprung 1,20 m und erreichte im Ballwurf eine Weite von 24,00 m. Gemeinsam liefen sie in\r\nder 4&#215;75 m Staffel eine Zeit von 44,16 Sek. In der Gesamtwertung landete das Team der StG Sch\u00f6nbuch-Nord auf dem 9. Platz.\r\n\u2022 Das Team der m\u00e4nnlichen Jugend U14 mit Lars St\u00fcve und Mirza Corbic belegte in der Gesamtwertung den 4. Platz. Mirza lief die 800 m in 2:54,93 Min. Lars erreichte im Hochsprung eine H\u00f6he von 1,24 m und im Weitsprung 4,26 m. Im Ballwurf warf er 35,50 m weit.\r\n\r\n<strong>KidsCup, Weil der Stadt (27.09.):<\/strong> Traditionell fand das Finale des diesj\u00e4hrigen KidsCup in Weil der Stadt statt. Neben der Tageswertung werden alle Mannschaften, die an mindestens vier Wettk\u00e4mpfen teilgenommen haben, auch in der Gesamtwertung geehrt. Trotz des bereits herbstlichen Wetters waren unsere B\u00f6blinger B\u00e4ren aus den Altersklassen U8 und U10 zahlreich am Start und hoch motiviert:\r\n\u2022 U8: Die B\u00f6blinger B\u00e4ren 4 mit Mailyn, Luca, Mia, Emil und Niyat belegten in der Tageswertung den 7. Platz. Die B\u00f6blinger B\u00e4ren 2 mit Milo, Malia, Jule, Kabir und Juliana landeten in der Tageswertung auf dem 4. Platz und durften sich \u00fcber den 5. Platz in der Gesamtwertung freuen,\r\nsehr gut!\r\n\u2022 U10: F\u00fcr die B\u00f6blinger B\u00e4ren 1 ging es in Weil der Stadt um einen Podestplatz in der Gesamtwertung. Mit tollem Teamgeist gelang es den B\u00f6blinger B\u00e4ren 1 auf den 2. Platz in der Tageswertung zu klettern und sich damit auch den 2. Platz in der Gesamtwertung zu sichern. Herzlichen Gl\u00fcckwunsch an Lotte, Klara, Nico, Merle, Max, Hannes, Juna, Talea, Fynn, Linnja und Mattis\r\n\r\n<strong>U16 L\u00e4ndervergleichskampf (BY-HE-W\u00dc), Frankfurt am Main (20.09.):<\/strong> Maximilian K\u00f6hler (U16) durfte f\u00fcr das Team W\u00fcrttemberg zum L\u00e4ndervergleichskampf nach Frankfurt fahren, bei dem Mannschaften aus W\u00fcrttemberg, Bayern und Hessen gegeneinander antreten. Maximilian lieferte einen \u00fcberragenden Wettkampf ab und knackte mit einer \u00fcbersprungenen H\u00f6he von 1,84 m zun\u00e4chst die Kadernorm f\u00fcr den Landeskader. Doch dabei blieb es nicht. Auch die 1,86 m meisterte Maximilian, die ihm eine neue pers\u00f6nliche Bestleistung und den souver\u00e4nen 1. Platz einbrachten\r\n\r\n<strong>Baden-W\u00fcrttembergische Meisterschaften in Stuttgart (19.\/20.7.2025):<\/strong> Nichts anbrennen lie\u00df Maximilian K\u00f6hler von der SV B\u00f6blingen im Hochsprung. Nachdem er bereits bei 1,74 Metern als Sieger feststand, meisterte er auch noch 1,78 und seine pers\u00f6nliche Besth\u00f6he von 1,82. \u00dcber 300 Meter spurtete er in 38,84 Sekunden knapp am Treppchen vorbei (aus der KRZ).\r\n\r\n<strong>Deutsche Meisterschaften der U16-Leichtathleten in Ulm (5.\/6.7.2025):<\/strong> Im Hochsprung meisterte <b>Maximilian K\u00f6hler<\/b>\u00a0mit 1,79 Metern dieselbe H\u00f6he wie der Bronzemedaillengewinner, musste aber aufgrund von deutlich mehr Fehlversuchen mit dem siebten Platz vorlieb nehmen.\r\n\r\n<strong>Kids-Cup in B\u00f6blingen (17.5.):<\/strong> unsere U10 wird zweite im heimischen Stadion.\u00a0<strong>\r\nKids-Cup in Nagold (4.5.):<\/strong>\u00a0unsere U10 gewinnt den dortigen Wettkampf.\r\n\r\n<strong>34. Internationales L\u00e4ufermeeting, Pliezhausen (18.05.):<\/strong> In der U16 und der U18 starteten drei unserer Athlet:innen:\r\n\u2022 Jugend W14: Mia Maglica lief zum ersten Mal \u00fcber 1.500 m Hindernis. In einer Zeit von 6:19,33 Min. wurde sie Baden-W\u00fcrttembergische Meisterin in der W14, Gl\u00fcckwunsch!\r\n\u2022 Aurelia Habermann lief in der weiblichen Jugend U18 \u00fcber 300 m in einer guten Zeit von 46,98 Sek. ins Ziel.\r\n\u2022 Maximilian K\u00f6hler startete in der m\u00e4nnlichen Jugend U18 ebenfalls \u00fcber 300 m, die er in 38,76 Sek. lief.\r\n\r\n<strong>Landesoffener Block-Mehrkampf, Eppingen (09.05.):<\/strong>\r\n\u2022 Jugend W14: Mia Maglica startete im Block Lauf (100 m: 14,99 Sek., 80 m H\u00fcrd.: 15,59 Sek.,\r\nWeit: 3,84 m, Ball: 23,50 m, 2.000 m: 7:45,86 Min.), den sie souver\u00e4n f\u00fcr sich entscheiden konnte.\r\nBesonders ihre Leistung \u00fcber die 2.000 m in 7:45,86 Min. stach hervor, mit der sie sich f\u00fcr die\r\nS\u00fcddeutschen Meisterschaften qualifizierte.\r\n\u2022 Auch Maximilian K\u00f6hler (Jugend M15) zeigte im Block Sprint\/Sprung (100 m: 12,52 Sek.,\r\n80 m H\u00fcrd.: 12,24 Sek., Weit: 5,09 m, Hoch: 1,60 m, Speer: 21,88 m) gute Leistungen.\r\n\r\n<strong>Sportfest in Renningen (1.5.):<\/strong> Beim Leichtathletik-Sportfest in Renningen sorgen die Sportler aus dem Kreis B\u00f6blingen f\u00fcr Furore. &#8230; \u00dcber <strong>100 Meter<\/strong> gewann die Sindelfingerin Julia R\u00f6hl in 13,25 Sekunden vor ihrer Vereinskameradin Lara Huber (13,42 Sekunden) und Aurelia Habermann (13,60 Sekunden) von der SV B\u00f6blingen. Im <strong>Hochsprung<\/strong> der M15-Jungs steigerte sich Maximilian K\u00f6hler von der SV B\u00f6blingen um zehn Zentimeter auf 1,80 Meter. Dies bedeutet auch die Qualifikation zu den Deutschen Meisterschaften. Zudem sprintete er \u00fcber<strong> 100 Meter in 12,43 Sekunden<\/strong> den anderen Jungs auf und davon.\r\n\r\n<strong>Kreis-Crossmeisterschaften, Altdorf (22.03.):<\/strong> Max Steffen erreichte in der Altersklasse Kinder M9 in 3:59 Min. einen sehr guten 8. Platz.\r\n\r\n<strong>Region Stuttgart Jugendhallenmeisterschaften U16\/U14, Sindelfingen (16.03.):<\/strong>\u00a0 Den letzten Wettkampf der Hallensaison bestritten einige Athlet:innen aus unserem Jugendbereich:\r\n\u2022 Paula B\u00e4nsch (Weibliche Kinder U12) kam im 50 m Sprint mit einer Zeit von 8,91 Sek. ins Ziel, \u00fcber\r\n50 m Hindernis mit 10,48 Sek.\r\n\u2022 M\u00e4nnliche Kinder U12: Vincent Egger absolvierte die 50 m in 9,06 Sek. Die 800 m lief er in\r\n3:22,10 Min. Im Kugelsto\u00dfen erreichte er eine Weite von 5,20 m. Lars St\u00fcve stie\u00df 7,30 m\r\n\u2022 In der Jugend W14 starteten Mia Maglica und Angelina Carvalho. \u00dcber 60 m lief Mia 9,36 Sek.,\r\nAngelina konnte sich mit einer Zeit von 8,73 Sek. f\u00fcr das Finale qualifizieren, das sie auf dem\r\n6. Platz abschloss. Mia landete \u00fcber 800 m in 2:45,60 Min. auf einem guten 7. Platz. Im\r\nHochsprung \u00fcbersprang sie 1,35 m.\r\n\u2022 Johannes Hipp absolvierte in der Jugend M14 die 60 m in 9,10 Sek., \u00fcber die 800 m erreichte\r\ner in 2:47,05 Min. den 5. Platz.\r\n\u2022 Jugend W15: Aurelia Habermann lief die 60 m in 8,60 Sek.\r\n\r\n<strong>Internationales Stadtwerke Sindelfingen Hallenmeeting, Sindelfingen (18.01.): <\/strong>Chiara Winz startete bei den Frauen \u00fcber 60 m. Sie durfte sich mit 8,29 Sek. \u00fcber eine neue pers\u00f6nliche Bestleistung freuen, Gl\u00fcckwunsch.<strong>\r\nWLV Halle Jugend U16, Ulm (01.02.): <\/strong>Maximilian K\u00f6hler (M15) verzeichnete bei den w\u00fcrttembergischen Landesmeisterschaften der Jugend U16 in der Halle in Ulm gleich zwei neue pers\u00f6nliche Bestleistungen. \u00dcber die 60 m gelang ihm im Vorlauf mit 8,07 Sek. der Sprung ins B-Finale, das er in 8,08 Sek. auf dem 5. Platz beendete. Im Hochsprung \u00fcberflog er erstmals eine H\u00f6he von 1,75 m, die ihm den 2. Platz einbrachte. Herzlichen Gl\u00fcckwunsch!<strong> Dies ist erneut Vereinsrekord!\r\nNationales Jugendhallensportfest, Sindelfingen (09.02.):<\/strong> In der Jugend M15 dominierte Maximilian K\u00f6hler den Hochsprung mit einer H\u00f6he von 1,74 m knapp vor seinem zweitplatzierten Konkurrenten, der die gleiche H\u00f6he \u00fcberwund. Im Lauf \u00fcber 300 m durfte er sich in einer Zeit von 40,27 Sek. \u00fcber den 2. Platz freuen\r\n\r\n<strong>KidsCup, Calw (16.02.):<\/strong> Der Auftakt der diesj\u00e4hrigen KidsCup Saison fand f\u00fcr unsere beiden Mannschaften aus den Altersklassen U8 und U10 in Calw statt. Die B\u00f6blinger B\u00e4ren 2 (U8) mit Jule, Emma, Luca, Kabir, Malia und Niyat landeten nach vier absolvierten Disziplinen auf dem 8. Platz. Die B\u00f6blinger B\u00e4ren 1 (U10) mit Lotte, Ole, Nico, Max, Magnus, Hannes, Linnja, Fynn und Emma belegten einen super 2. Platz. Au\u00dferdem landeten Lotte und Hannes unter den schnellsten Sprintern ihres Jahrgangs, Gl\u00fcckwunsch!\r\n<strong>Stadtwerke Sindelfingen Nachwuchsmeeting, Sindelfingen (22.02.):<\/strong> Am Nachwuchsmeeting im Sindelfinger Glaspalast nahmen f\u00fcnf unserer Athlet*innen in verschiedensten Disziplinen teil:\r\n\u2022 In der Jugend W14 ging Mia Maglica im Hochsprung und Kugelsto\u00dfen an den Start. Im Hochsprung erreichte sie eine H\u00f6he von 1,25 m. Im Kugelsto\u00dfen hat sie 6,08 m weit gesto\u00dfen.\r\n\u2022 Johannes Hipp startete in der Jugend M14. \u00dcber 60 m kam er in einer Zeit von 9,24 Sek. ins Ziel. Die 800 m lief er in einer Zeit von 2:46,20 Min.\r\n\u2022 Jugend W15: Victoria Kenneweg und Aurelia Habermann starteten beide \u00fcber 60 m. Aurelia durfte sich mit einer Vorlaufzeit von 8,64 Sek. \u00fcber den Einzug ins Finale freuen, das sie in 8,65 Sek. auf dem 6. Platz abschloss. Victoria beendete ihren Vorlauf in 9,07 Sek. Au\u00dferdem erreichte Victoria beim Kugelsto\u00dfen eine Weite von 6,79 m.\r\n\u2022 Maximilian K\u00f6hler (Jugend M15) gewann das Finale \u00fcber die 60 m in 8,11 Sek. Den Hochsprung gewann er ebenfalls mit einer \u00fcbersprungenen H\u00f6he von 1,70 m, Gl\u00fcckwunsch!\r\n<h3>2024<\/h3>\r\n<strong>Kids Cup Finale, Weil der Stadt (21.09.):<\/strong> Traditionell ging es f\u00fcr unsere KiLa-Mannschaften bei sch\u00f6nstem Sp\u00e4tsommerwetter zum Finale des diesj\u00e4hrigen Kids Cup nach Weil der Stadt. Zum Abschluss der j\u00e4hrlichen Kids Cup Reihe werden alle Mannschaften, die an mindestens vier\r\nWettk\u00e4mpfen teilgenommen haben, in der Gesamtwertung geehrt. Aus B\u00f6blingen waren in diesem Jahr die B\u00f6blinger B\u00e4ren 1 (U10) und die B\u00f6blinger B\u00e4ren 2 (U8) mit ihren Trainern Anna Lena, Chiara, Kaja und Luca flei\u00dfig auf den Wettk\u00e4mpfen dabei.\r\n\u2022 In Weil der Stadt landeten die B\u00f6blinger B\u00e4ren 1 (U10) mit Lotte, Felix, Vincent, Juna, Hannes und Ole in der Tageswertung auf dem 5. Platz. In der Gesamtwertung durften sie sich \u00fcber einen super 8. Platz von 21 Mannschaften freuen!\r\n\u2022 In der U8 belegten die B\u00f6blinger B\u00e4ren 2 mit Niklas, Kabir, Linnja, Juliana, Milo und Luca den 8. Platz. In der Gesamtwertung landete die Mannschaft auf einem guten 10. Platz.\r\n\r\n<strong>Hochsprung im Landeskader:<\/strong> Maximilian K\u00f6hler (Jugend M14) durfte am 13.10. an der Sichtung f\u00fcr den Landeskader Baden-W\u00fcrttemberg teilnehmen. Nachdem er Ende September erneut seine pers\u00f6nliche Bestleistung im Hochsprung \u00fcberbot und mit 1,70 m H\u00f6he sogar den Vereinsrekord einstellte, wurde er in den Landeskader Hochsprung aufgenommen. Seither steht einmal in der Woche das Kadertraining in Stuttgart auf dem Programm.\r\n\r\n<span class=\"x1lliihq x1plvlek xryxfnj x1n2onr6 x193iq5w xeuugli x1fj9vlw x13faqbe x1vvkbs x1s928wv xhkezso x1gmr53x x1cpjm7i x1fgarty x1943h6x x1i0vuye xvs91rp xo1l8bm x5n08af x10wh9bi x1wdrske x8viiok x18hxmgj\" dir=\"auto\"><span class=\"x193iq5w xeuugli x1fj9vlw x13faqbe x1vvkbs xt0psk2 x1i0vuye xvs91rp xo1l8bm x5n08af x10wh9bi x1wdrske x8viiok x18hxmgj\"><strong>Platz 1 bei den Baden-W\u00fcrttembergischen Meisterschaften im Hochsprung<\/strong>\r\nUnd erneut pr\u00e4sentiert sich Maximilian K\u00f6hler stark und in Topform. Mit 1,63m sichert er sich den Meistertitel im Hochsprung der M14.\r\n<\/span><\/span>\r\n\r\n<strong>Platz 3 bei den S\u00fcddeutschen Meisterschaften (22.06.24): Maximilian K\u00f6hler fliegt zu n\u00e4chster Bestmarke\r\n<\/strong>Bei den S\u00fcddeutschen Meisterschaften der Jugend U16 in Koblenz verbesserte sich der Athlet der SV B\u00f6blingen im Hochsprung auf 1,64m und sicherte sich damit einen starken 3. Platz in der Altersklasse M14.\r\nDamit steigerte Maximilian seine pers\u00f6nliche Bestleistung erneut um 2cm und profitierte dabei von einer geringeren Anzahl an Fehlversuchen im Wettbewerb gegen\u00fcber zwei anderen Konkurrenten mit derselben H\u00f6he. Er f\u00fchrt nun mit einem weiteren Athleten aus Ulm die W\u00fcrttembergische Jahresbestenliste im Hochsprung an und hat somit beste Chancen auf den Landesmeistertitel Mitte Juli.\r\n\r\n&nbsp;\r\n\r\n<strong>LAV &amp; Friends-Sportfest in T\u00fcbingen (15.06.24):<\/strong> Am Samstagnachmittag nahmen vier Athleten am LAV &amp; Friends-Sportfest in T\u00fcbingen teil.\r\nBei den Frauen \u00fcberzeugte <strong>Chiara Winz<\/strong> mit einer neuen pers\u00f6nlichen Bestleistung \u00fcber 100 Meter. Sie sprintete die Strecke in starken 13,13 Sekunden und verpasste damit nur knapp den Einzug in den Endlauf.\r\nEbenfalls \u00fcber die 100m unterwegs war<strong> Anna Lena Wanner<\/strong> (Altersklasse U20), die mit 13,78 Sekunden nicht ganz an ihre Bestleistung aus dem vorherigen Monat ankn\u00fcpfen konnte. \u00a0(Anna-Lena (l.) und Chiara (r.))\r\n<strong>Maximilian K\u00f6hler<\/strong> (Altersklasse M14) konnte in mehreren Disziplinen sein K\u00f6nnen unter Beweis stellen. Eine Woche vor den S\u00fcddeutschen Meisterschaften bewies er seine Top-Form im Hochsprung mit einer neuen Bestleistung von 1,62m. Solide Leistungen gab es zudem \u00fcber\r\ndie 100 Meter (13,20 Sekunden) und im Weitsprung (4,72 Meter).\r\nNach l\u00e4ngerer Verletzungspause trat <strong>Victoria Kenneweg<\/strong> (Altersklasse W14) zu ihrem ersten Wettkampf der Saison an und lief die 100m in 15,12 Sekunden.\r\n\r\n<strong>Kreismeisterschaften Mehrkampf, Geislingen (Steige) (09.06.):<\/strong> Johannes Hipp (Jugend M13) absolvierte den Blockwettkampf Lauf (75 m: 11,76 Sek., 60 m H\u00fcrden: 11,85 Sek. Weit: 4,08 m, Ball: 34,00 m, 800 m: 2:49,48 Min.). Nach durchweg guten Leistungen durfte er sich \u00fcber die Qualifikation f\u00fcr die W\u00fcrttembergischen Meisterschaften freuen.\r\n\r\n<strong>KidsCup, Renningen (09.06.):<\/strong> Bei strahlendem Sonnenschein hatten unsere beiden Kids Cup Mannschaften aus den Altersklassen U8 und U10 einen tollen Tag im Renninger Stadion. Die B\u00f6blinger B\u00e4ren 2 (U8) belegten in ihrer Altersklasse den 11. Platz. Die B\u00f6blinger B\u00e4ren 1 (U10) durften sich \u00fcber den 7. Platz von 22 Mannschaften freuen.\r\n\r\n<strong>SPRINT-Meeting der TSG Niefern, Niefern-\u00d6schelbronn (01.06.)<\/strong>: Chiara Winz (Frauen) erreichte in einer Zeit von 13,18 Sek. in ihrem Vorlauf \u00fcber 100 m das B-Finale, in welchem sie in 13,20 Sek. auf den 3. Platz lief.\r\n\r\n<strong>WLV-Hallenmeisterschaften Jugend U16 Teil 1 in Ulm (03.02.24):<\/strong> Maximilian K\u00f6hler startete in der Jugend M14 \u00fcber 60 m, im Weitsprung und im Hochsprung. \u00dcber die 60 m qualifizierte er sich mit einer Vorlaufzeit von 8,38 Sek. f\u00fcr das Finale, in dem er den 7. Platz belegte. Im Hochsprung dufte er sich mit einer \u00fcbersprungenen H\u00f6he von 1,56 m \u00fcber den 2. Platz und eine neue pers\u00f6nliche Bestleistung freuen, super! Den Weitsprung beendete Maximilian mit einer Weite von 4,82 m auf dem 6. Platz.\r\n\r\n<!-- \/wp:post-content -->","protected":false},"excerpt":{"rendered":"<p>Erfolge Die aktuellen Zwischenst\u00e4nde im AOK Kids-Cup Aktuelle Zwischenst\u00e4nde AOK KidsCup: https:\/\/svb-la.de\/kidscup\/U08\/aktuellerStand https:\/\/svb-la.de\/kidscup\/U10\/aktuellerStand https:\/\/svb-la.de\/kidscup\/U12\/aktuellerStand 2026 BaW\u00fc Hallen-Meisterschaften U18, Sindelfingen: Maximilian K\u00f6hler meisterte im Hochsprung 1,84 Meter und holte aufgrund weniger Fehlversuche als zwei h\u00f6hengleiche Kontrahenten Gold. 2025 WLV Team-Meisterschaften Jugend U16\/U14, Sindelfingen (27.09.): Bei den WLV Team-Meisterschaften gingen unsere Athletinnen und Athleten aus der U14 [&hellip;]<\/p>\n","protected":false},"author":3,"featured_media":0,"parent":0,"menu_order":0,"comment_status":"closed","ping_status":"closed","template":"","meta":{"footnotes":""},"class_list":["post-215","page","type-page","status-publish","hentry"],"yoast_head":"<!-- This site is optimized with the Yoast SEO plugin v22.2 - https:\/\/yoast.com\/wordpress\/plugins\/seo\/ -->\n<title>ERFOLGE - Leichtathletik - Sportvereinigung B\u00f6blingen e.V.<\/title>\n<meta name=\"robots\" content=\"index, follow, max-snippet:-1, max-image-preview:large, max-video-preview:-1\" \/>\n<link rel=\"canonical\" href=\"https:\/\/www.sv-boeblingen.de\/leichtathletik\/erfolge\/\" \/>\n<meta property=\"og:locale\" content=\"de_DE\" \/>\n<meta property=\"og:type\" content=\"article\" \/>\n<meta property=\"og:title\" content=\"ERFOLGE - Leichtathletik - Sportvereinigung B\u00f6blingen e.V.\" \/>\n<meta property=\"og:description\" content=\"Erfolge Die aktuellen Zwischenst\u00e4nde im AOK Kids-Cup Aktuelle Zwischenst\u00e4nde AOK KidsCup: https:\/\/svb-la.de\/kidscup\/U08\/aktuellerStand https:\/\/svb-la.de\/kidscup\/U10\/aktuellerStand https:\/\/svb-la.de\/kidscup\/U12\/aktuellerStand 2026 BaW\u00fc Hallen-Meisterschaften U18, Sindelfingen: Maximilian K\u00f6hler meisterte im Hochsprung 1,84 Meter und holte aufgrund weniger Fehlversuche als zwei h\u00f6hengleiche Kontrahenten Gold. 2025 WLV Team-Meisterschaften Jugend U16\/U14, Sindelfingen (27.09.): Bei den WLV Team-Meisterschaften gingen unsere Athletinnen und Athleten aus der U14 [&hellip;]\" \/>\n<meta property=\"og:url\" content=\"https:\/\/www.sv-boeblingen.de\/leichtathletik\/erfolge\/\" \/>\n<meta property=\"og:site_name\" content=\"Leichtathletik - Sportvereinigung B\u00f6blingen e.V.\" \/>\n<meta property=\"article:modified_time\" content=\"2026-02-03T21:26:29+00:00\" \/>\n<meta name=\"twitter:card\" content=\"summary_large_image\" \/>\n<meta name=\"twitter:label1\" content=\"Gesch\u00e4tzte Lesezeit\" \/>\n\t<meta name=\"twitter:data1\" content=\"12\u00a0Minuten\" \/>\n<script type=\"application\/ld+json\" class=\"yoast-schema-graph\">{\"@context\":\"https:\/\/schema.org\",\"@graph\":[{\"@type\":\"WebPage\",\"@id\":\"https:\/\/www.sv-boeblingen.de\/leichtathletik\/erfolge\/\",\"url\":\"https:\/\/www.sv-boeblingen.de\/leichtathletik\/erfolge\/\",\"name\":\"ERFOLGE - Leichtathletik - Sportvereinigung B\u00f6blingen e.V.\",\"isPartOf\":{\"@id\":\"https:\/\/www.sv-boeblingen.de\/leichtathletik\/#website\"},\"datePublished\":\"2020-04-16T19:10:39+00:00\",\"dateModified\":\"2026-02-03T21:26:29+00:00\",\"breadcrumb\":{\"@id\":\"https:\/\/www.sv-boeblingen.de\/leichtathletik\/erfolge\/#breadcrumb\"},\"inLanguage\":\"de\",\"potentialAction\":[{\"@type\":\"ReadAction\",\"target\":[\"https:\/\/www.sv-boeblingen.de\/leichtathletik\/erfolge\/\"]}]},{\"@type\":\"BreadcrumbList\",\"@id\":\"https:\/\/www.sv-boeblingen.de\/leichtathletik\/erfolge\/#breadcrumb\",\"itemListElement\":[{\"@type\":\"ListItem\",\"position\":1,\"name\":\"Home\",\"item\":\"https:\/\/www.sv-boeblingen.de\/leichtathletik\/\"},{\"@type\":\"ListItem\",\"position\":2,\"name\":\"ERFOLGE\"}]},{\"@type\":\"WebSite\",\"@id\":\"https:\/\/www.sv-boeblingen.de\/leichtathletik\/#website\",\"url\":\"https:\/\/www.sv-boeblingen.de\/leichtathletik\/\",\"name\":\"Leichtathletik - Sportvereinigung B\u00f6blingen e.V.\",\"description\":\"Wir bewegen B\u00f6blingen.\",\"potentialAction\":[{\"@type\":\"SearchAction\",\"target\":{\"@type\":\"EntryPoint\",\"urlTemplate\":\"https:\/\/www.sv-boeblingen.de\/leichtathletik\/?s={search_term_string}\"},\"query-input\":\"required name=search_term_string\"}],\"inLanguage\":\"de\"}]}<\/script>\n<!-- \/ Yoast SEO plugin. -->","yoast_head_json":{"title":"ERFOLGE - Leichtathletik - Sportvereinigung B\u00f6blingen e.V.","robots":{"index":"index","follow":"follow","max-snippet":"max-snippet:-1","max-image-preview":"max-image-preview:large","max-video-preview":"max-video-preview:-1"},"canonical":"https:\/\/www.sv-boeblingen.de\/leichtathletik\/erfolge\/","og_locale":"de_DE","og_type":"article","og_title":"ERFOLGE - Leichtathletik - Sportvereinigung B\u00f6blingen e.V.","og_description":"Erfolge Die aktuellen Zwischenst\u00e4nde im AOK Kids-Cup Aktuelle Zwischenst\u00e4nde AOK KidsCup: https:\/\/svb-la.de\/kidscup\/U08\/aktuellerStand https:\/\/svb-la.de\/kidscup\/U10\/aktuellerStand https:\/\/svb-la.de\/kidscup\/U12\/aktuellerStand 2026 BaW\u00fc Hallen-Meisterschaften U18, Sindelfingen: Maximilian K\u00f6hler meisterte im Hochsprung 1,84 Meter und holte aufgrund weniger Fehlversuche als zwei h\u00f6hengleiche Kontrahenten Gold. 2025 WLV Team-Meisterschaften Jugend U16\/U14, Sindelfingen (27.09.): Bei den WLV Team-Meisterschaften gingen unsere Athletinnen und Athleten aus der U14 [&hellip;]","og_url":"https:\/\/www.sv-boeblingen.de\/leichtathletik\/erfolge\/","og_site_name":"Leichtathletik - Sportvereinigung B\u00f6blingen e.V.","article_modified_time":"2026-02-03T21:26:29+00:00","twitter_card":"summary_large_image","twitter_misc":{"Gesch\u00e4tzte Lesezeit":"12\u00a0Minuten"},"schema":{"@context":"https:\/\/schema.org","@graph":[{"@type":"WebPage","@id":"https:\/\/www.sv-boeblingen.de\/leichtathletik\/erfolge\/","url":"https:\/\/www.sv-boeblingen.de\/leichtathletik\/erfolge\/","name":"ERFOLGE - Leichtathletik - Sportvereinigung B\u00f6blingen e.V.","isPartOf":{"@id":"https:\/\/www.sv-boeblingen.de\/leichtathletik\/#website"},"datePublished":"2020-04-16T19:10:39+00:00","dateModified":"2026-02-03T21:26:29+00:00","breadcrumb":{"@id":"https:\/\/www.sv-boeblingen.de\/leichtathletik\/erfolge\/#breadcrumb"},"inLanguage":"de","potentialAction":[{"@type":"ReadAction","target":["https:\/\/www.sv-boeblingen.de\/leichtathletik\/erfolge\/"]}]},{"@type":"BreadcrumbList","@id":"https:\/\/www.sv-boeblingen.de\/leichtathletik\/erfolge\/#breadcrumb","itemListElement":[{"@type":"ListItem","position":1,"name":"Home","item":"https:\/\/www.sv-boeblingen.de\/leichtathletik\/"},{"@type":"ListItem","position":2,"name":"ERFOLGE"}]},{"@type":"WebSite","@id":"https:\/\/www.sv-boeblingen.de\/leichtathletik\/#website","url":"https:\/\/www.sv-boeblingen.de\/leichtathletik\/","name":"Leichtathletik - Sportvereinigung B\u00f6blingen e.V.","description":"Wir bewegen B\u00f6blingen.","potentialAction":[{"@type":"SearchAction","target":{"@type":"EntryPoint","urlTemplate":"https:\/\/www.sv-boeblingen.de\/leichtathletik\/?s={search_term_string}"},"query-input":"required name=search_term_string"}],"inLanguage":"de"}]}},"_links":{"self":[{"href":"https:\/\/www.sv-boeblingen.de\/leichtathletik\/wp-json\/wp\/v2\/pages\/215","targetHints":{"allow":["GET"]}}],"collection":[{"href":"https:\/\/www.sv-boeblingen.de\/leichtathletik\/wp-json\/wp\/v2\/pages"}],"about":[{"href":"https:\/\/www.sv-boeblingen.de\/leichtathletik\/wp-json\/wp\/v2\/types\/page"}],"author":[{"embeddable":true,"href":"https:\/\/www.sv-boeblingen.de\/leichtathletik\/wp-json\/wp\/v2\/users\/3"}],"replies":[{"embeddable":true,"href":"https:\/\/www.sv-boeblingen.de\/leichtathletik\/wp-json\/wp\/v2\/comments?post=215"}],"version-history":[{"count":43,"href":"https:\/\/www.sv-boeblingen.de\/leichtathletik\/wp-json\/wp\/v2\/pages\/215\/revisions"}],"predecessor-version":[{"id":1247,"href":"https:\/\/www.sv-boeblingen.de\/leichtathletik\/wp-json\/wp\/v2\/pages\/215\/revisions\/1247"}],"wp:attachment":[{"href":"https:\/\/www.sv-boeblingen.de\/leichtathletik\/wp-json\/wp\/v2\/media?parent=215"}],"curies":[{"name":"wp","href":"https:\/\/api.w.org\/{rel}","templated":true}]}}