{"id":2,"date":"2017-12-20T17:03:17","date_gmt":"2017-12-20T17:03:17","guid":{"rendered":"http:\/\/www.sv-boeblingen.de\/leichtathletikneu\/?page_id=2"},"modified":"2026-02-24T20:45:14","modified_gmt":"2026-02-24T19:45:14","slug":"sample-page","status":"publish","type":"page","link":"https:\/\/www.sv-boeblingen.de\/leichtathletik\/","title":{"rendered":"NEWS"},"content":{"rendered":"<h2>News<\/h2>\r\n<div class=\"\" dir=\"auto\">\r\n<div id=\":r5u:\" class=\"x1iorvi4 x1pi30zi x1swvt13 x1l90r2v\" data-ad-comet-preview=\"message\" data-ad-preview=\"message\">\r\n<div class=\"x78zum5 xdt5ytf xz62fqu x16ldp7u\">\r\n<div class=\"xu06os2 x1ok221b\">\r\n<div class=\"x11i5rnm xat24cr x1mh8g0r x1vvkbs xdj266r x126k92a\"><header class=\"max-w-2xl mx-auto mb-10\"><\/header>\r\n<h4>Jahreshauptversammlung 2026<\/h4>\r\n<p>Wir laden Euch\/Sie recht herzlich zu unserer Jahreshauptversammlung ein.\u00a0<br \/><strong>Wann: Freitag, den 17. April 2026 um 19 Uhr<\/strong><br \/><strong>Wo: Restaurant S\u00fcdlicht Paladion (Nebenraum)<\/strong><br \/>Tagesordnung:<br \/>1. Begr\u00fc\u00dfung und Bericht der stellvertretenden Abteilungsleiter\/innen<br \/>2. Bericht sportliche Leitung<br \/>3. Kassenbericht 2025<br \/>4. Bericht des Rechnungs- und Kassenpr\u00fcfungsausschusses und<br \/>Beschlussfassung \u00fcber die Entlastung des Vorstandes und der<br \/>Gesch\u00e4ftsstelle f\u00fcr das Rechnungsjahr 2025<br \/>5. Neuwahlen Delegierte<br \/>6. Verschiedenes<br \/>Wir freuen uns Euch\/Sie zahlreich begr\u00fc\u00dfen zu d\u00fcrfen \u2013 es ist Eure\/Ihre Abteilung! Antr\u00e4ge auf \u00c4nderung der Tagesordnung m\u00fcssen rechtzeitig eine Woche vor der Versammlung bei der Gesch\u00e4ftsstelle eingegangen sein. Wenn jemand Interesse an der Mitarbeit im Vorstand hat oder an einer projektgebundenen Mitarbeit, dann sprecht uns vor der Versammlung an.<\/p>\r\n<p>gez. Claudia Meyer, stellv. Vorsitzende<br \/>gez. Pauline Helber, stellv. Vorsitzende<br \/>gez. Thorsten Weimper, stellv. Vorsitzender<\/p>\r\n<h4>Neue Trainer-C im Leistungssport f\u00fcr die SV B\u00f6blingen<\/h4>\r\n<p>Chiara Winz, Anna-Lena Wanner, Kaja Frommer und Luca Gaeta haben am 15.1.2026 die Pr\u00fcfung zur C-Lizenz im Leistungssport in der Leichtathletik erfolgreich abgeschlossen! Damit liegen seit November 2024 insgesamt drei interessante Wochen an der Landessportschule in Albstadt hinter den vier immer noch aktiven Athleten und \u00dcbungsleitern der U10.\u00a0Die Ausbildung findet nicht am St\u00fcck statt, sondern ist in drei Etappen gegliedert damit das jeweils erworbene Wissen in allen Leichtathletik Disziplinen im heimischen Stadion auch in der Praxis zur Anwendung und Vertiefung kommt. Wir gratulieren zum erfolgreichen Abschluss!\u00a0<\/p>\r\n<p dir=\"auto\"><img loading=\"lazy\" decoding=\"async\" class=\"\" src=\"https:\/\/www.sv-boeblingen.de\/leichtathletik\/wp-content\/uploads\/2026\/01\/Screenshot_20260117-1659032.jpg\" width=\"498\" height=\"515\" \/><\/p>\r\n<h4 dir=\"auto\">Trainingslager in Sonnenb\u00fchl:<\/h4>\r\n<p dir=\"auto\">Unsere Jugendtrainer Timo und Kathi nutzten die Herbstferien, um mit ihren Athletinnen und Athleten ins Trainingslager zu gehen. Ziel war ein Selbstversorgerhaus in Sonnenb\u00fchl auf der Alb, in dem selbst f\u00fcr alle gekocht wurde. Das Wetter spielte f\u00fcr die Jahreszeit gut mit und nach einigen erfolgreichen Trainingseinheiten kehrten alle nach vier Tagen verletzungsfrei zur\u00fcck.<\/p>\r\n<h4 dir=\"auto\">Sportlerehrung durch die Stadt B\u00f6blingen (14.07.):<\/h4>\r\n<p dir=\"auto\">Mit dabei unser Talent Maximilian K\u00f6hler f\u00fcr seine Platzierung und Leitungen im Hochsprung aus dem Jahr 2024. <img loading=\"lazy\" decoding=\"async\" class=\"alignnone size-medium wp-image-1213\" src=\"https:\/\/www.sv-boeblingen.de\/leichtathletik\/wp-content\/uploads\/2025\/07\/Maxi-Kohler-bei-der-Sportlerehrung-162x300.png\" alt=\"\" width=\"162\" height=\"300\" srcset=\"https:\/\/www.sv-boeblingen.de\/leichtathletik\/wp-content\/uploads\/2025\/07\/Maxi-Kohler-bei-der-Sportlerehrung-162x300.png 162w, https:\/\/www.sv-boeblingen.de\/leichtathletik\/wp-content\/uploads\/2025\/07\/Maxi-Kohler-bei-der-Sportlerehrung-557x1030.png 557w, https:\/\/www.sv-boeblingen.de\/leichtathletik\/wp-content\/uploads\/2025\/07\/Maxi-Kohler-bei-der-Sportlerehrung-768x1421.png 768w, https:\/\/www.sv-boeblingen.de\/leichtathletik\/wp-content\/uploads\/2025\/07\/Maxi-Kohler-bei-der-Sportlerehrung-830x1536.png 830w, https:\/\/www.sv-boeblingen.de\/leichtathletik\/wp-content\/uploads\/2025\/07\/Maxi-Kohler-bei-der-Sportlerehrung-811x1500.png 811w, https:\/\/www.sv-boeblingen.de\/leichtathletik\/wp-content\/uploads\/2025\/07\/Maxi-Kohler-bei-der-Sportlerehrung-381x705.png 381w, https:\/\/www.sv-boeblingen.de\/leichtathletik\/wp-content\/uploads\/2025\/07\/Maxi-Kohler-bei-der-Sportlerehrung.png 865w\" sizes=\"auto, (max-width: 162px) 100vw, 162px\" \/><\/p>\r\n<h4 dir=\"auto\">Zehntes B\u00f6blinger Kinderleichtathletik Sch\u00fclersportfest (17.05.):<\/h4>\r\n<p dir=\"auto\">Im Rahmen des 80-j\u00e4hrigen SVB Jubil\u00e4ums durfte dieses Jahr auch das B\u00f6blinger Kinderleichtathletik Sch\u00fclersportfest ein Jubil\u00e4um<br \/>feiern. Bereits zum zehnten Mal lud die Leichtathletikabteilung der SVB Mannschaften aus den Altersklassen U8, U10 und U12 in das heimische Stadion ein. Bei sonnigem Wetter kamen knapp 400 Kinder mit ihren Trainer:innen zusammen nach B\u00f6blingen, ein Teilnehmerrekord! Am Ende des Tages gab es f\u00fcr alle Teilnerhmer:innen eine Jubil\u00e4umsmedaille, die stolz aus dem Stadion getragen wurde.<br \/>Insgesamt eine sehr gelungene Veranstaltung, an der viele mit Freude teilgenommen haben. Ein gro\u00dfes Dankesch\u00f6n geht an das gro\u00dfe Helferfeld, die die Durchf\u00fchrung der KidsCup Veranstaltung in B\u00f6blingen \u00fcberhaupt erst m\u00f6glich gemacht haben! Ein Dank geht auch an unseren<br \/>Kooperationspartner AOK Baden-W\u00fcrttemberg und unseren Sponsor Kreissparkasse B\u00f6blingen<\/p>\r\n<h4 dir=\"auto\">Neue Beitragsstruktur ab 2026 beschlossen:<\/h4>\r\n<p dir=\"auto\">einstimmig wurde auf der Jahreshauptversammlung 2025 die neue Beitragsstruktur ab 2026 beschlossen. Die moderate Anpassung soll dazu beitragen das laufende Gesch\u00e4ft ohne Verlust abzuschlie\u00dfen.<\/p>\r\n<table width=\"491\">\r\n<tbody>\r\n<tr>\r\n<td width=\"284\">\r\n<p>&nbsp;<\/p>\r\n<\/td>\r\n<td width=\"76\">\r\n<p><span style=\"color: #ff0000;\">Bisheriger Beitrag<\/span><\/p>\r\n<\/td>\r\n<td width=\"132\">\r\n<p><span style=\"color: #339966;\">Neuer Beitrag<\/span><\/p>\r\n<\/td>\r\n<\/tr>\r\n<tr>\r\n<td width=\"284\">\r\n<p>Erwachsener\/Jugendlicher\/1. Kind<\/p>\r\n<\/td>\r\n<td width=\"76\">\r\n<p><span style=\"color: #ff0000;\">40 Euro<\/span><\/p>\r\n<\/td>\r\n<td width=\"132\">\r\n<p><span style=\"color: #339966;\">60 Euro<\/span><\/p>\r\n<\/td>\r\n<\/tr>\r\n<tr>\r\n<td width=\"284\">\r\n<p>ab dem 2. Kind\/ \/Student\/Azubi\/FSJ\/BuFDi<\/p>\r\n<\/td>\r\n<td width=\"76\">\r\n<p><span style=\"color: #ff0000;\">25 Euro<\/span><\/p>\r\n<\/td>\r\n<td width=\"132\">\r\n<p><span style=\"color: #339966;\">30 Euro<\/span><\/p>\r\n<\/td>\r\n<\/tr>\r\n<tr>\r\n<td width=\"284\">\r\n<p>Trainer\/Vorstand<\/p>\r\n<\/td>\r\n<td width=\"76\">\r\n<p><span style=\"color: #ff0000;\">40 Euro<\/span><\/p>\r\n<\/td>\r\n<td width=\"132\">\r\n<p><span style=\"color: #339966;\">30 Euro<\/span><\/p>\r\n<\/td>\r\n<\/tr>\r\n<tr>\r\n<td width=\"284\">\r\n<p>Ehrenmitglied<\/p>\r\n<\/td>\r\n<td width=\"76\">\r\n<p><span style=\"color: #ff0000;\">freigestellt<\/span><\/p>\r\n<\/td>\r\n<td width=\"132\">\r\n<p><span style=\"color: #339966;\">freigestellt<\/span><\/p>\r\n<\/td>\r\n<\/tr>\r\n<\/tbody>\r\n<\/table>\r\n<\/div>\r\n<\/div>\r\n<\/div>\r\n<\/div>\r\n<\/div>\r\n<h4><em>Die SV B\u00f6blingen Leichtathletik sucht Verst\u00e4rkung f\u00fcr den rasant steigenden Nachwuchs<\/em><\/h4>\r\n<p>Nachwuchssorgen haben wir garantiert nicht. Das gute Trainingsangebot in der Leichtathletik wird in B\u00f6blingen, insbesondere bei den ganz jungen Athletinnen und Athleten, sehr stark nachgefragt. Dem wollen wir durch eine Verst\u00e4rkung des Trainerteams Rechnung tragen.<\/p>\r\n<h5>Wir suchen ab weiterhin:<\/h5>\r\n<p>Eine oder mehrere Trainer\/-innen Leichtathletik mit C-Lizenz oder erfahrene \u00dcbungsleiter\/-innen mit viel Freude am Sport und Motivation das w\u00f6chentliche Training, sowie die Wettkampfbetreuung \u00fcbernimmt. Die Altersgruppen k\u00f6nnen in Abstimmung mit unserem Trainerteam festgelegt werden. Ebenso ergibt sich dadurch der bevorzugte Trainingstag, wobei nat\u00fcrlich in Abstimmung auch der Wochentag gewechselt werden kann. Das Training findet im Sommer im Stadion an der Stuttgarter Stra\u00dfe statt. Im Winter stehen verschiedene Hallen in der Stadt B\u00f6blingen zur Verf\u00fcgung. Das Leichtathletik Schwerpunkte werden auf die Altersgruppe ausgerichtet und in Abstimmung mit der sportlichen Leitung festgelegt. Wir bieten: &#8211; Qualifizierung und Weiterbildung auf Vereinskosten &#8211; \u00dcbungsleiter-Aufwandsentsch\u00e4digungen &#8211; und ein attraktives Stadion<\/p>\r\n<!-- \/wp:post-content -->\r\n\r\n<!-- wp:paragraph \/-->\r\n\r\n<!-- wp:paragraph -->\r\n<p><strong>Lust auf MEHR Nachrichten aus der Leichathletik? <a href=\"mailto:leichtathletik-newsletter@sv-boeblingen.de?subject=Newsletter-Abo\">Newsletter abonnieren!<\/a><\/strong> Besucht uns auch auf <a href=\"https:\/\/www.facebook.com\/svb.leichtathletik\" target=\"_blank\" rel=\"noopener noreferrer\"><img loading=\"lazy\" decoding=\"async\" class=\"alignnone wp-image-152\" style=\"display: inline-block; vertical-align: bottom;\" src=\"https:\/\/www.sv-boeblingen.de\/leichtathletikneu\/wp-content\/uploads\/2020\/03\/facebook_icon.png\" alt=\"\" width=\"68\" height=\"18\" \/> <\/a>und auf\u00a0 <a href=\"https:\/\/www.instagram.com\/svb.leichtathletik_aktive\/\" target=\"_blank\" rel=\"https:\/\/www.instagram.com\/svb.leichtathletik_aktive\/ noopener\"><img loading=\"lazy\" decoding=\"async\" class=\"alignnone wp-image-835 size-full\" src=\"https:\/\/www.sv-boeblingen.de\/leichtathletik\/wp-content\/uploads\/2023\/02\/Instagram-32x32-1.png\" alt=\"\" width=\"32\" height=\"32\" \/><\/a> \u00a0 \u00a0 \u00a0<\/p>","protected":false},"excerpt":{"rendered":"<p>News Jahreshauptversammlung 2026 Wir laden Euch\/Sie recht herzlich zu unserer Jahreshauptversammlung ein.\u00a0Wann: Freitag, den 17. April 2026 um 19 UhrWo: Restaurant S\u00fcdlicht Paladion (Nebenraum)Tagesordnung:1. Begr\u00fc\u00dfung und Bericht der stellvertretenden Abteilungsleiter\/innen2. Bericht sportliche Leitung3. Kassenbericht 20254. Bericht des Rechnungs- und Kassenpr\u00fcfungsausschusses undBeschlussfassung \u00fcber die Entlastung des Vorstandes und derGesch\u00e4ftsstelle f\u00fcr das Rechnungsjahr 20255. Neuwahlen Delegierte6. VerschiedenesWir [&hellip;]<\/p>\n","protected":false},"author":1,"featured_media":0,"parent":0,"menu_order":0,"comment_status":"closed","ping_status":"open","template":"","meta":{"footnotes":""},"class_list":["post-2","page","type-page","status-publish","hentry"],"yoast_head":"<!-- This site is optimized with the Yoast SEO plugin v22.2 - https:\/\/yoast.com\/wordpress\/plugins\/seo\/ -->\n<title>NEWS - Leichtathletik - Sportvereinigung B\u00f6blingen e.V.<\/title>\n<meta name=\"robots\" content=\"index, follow, max-snippet:-1, max-image-preview:large, max-video-preview:-1\" \/>\n<link rel=\"canonical\" href=\"https:\/\/www.sv-boeblingen.de\/leichtathletik\/\" \/>\n<meta property=\"og:locale\" content=\"de_DE\" \/>\n<meta property=\"og:type\" content=\"article\" \/>\n<meta property=\"og:title\" content=\"NEWS - Leichtathletik - Sportvereinigung B\u00f6blingen e.V.\" \/>\n<meta property=\"og:description\" content=\"News Jahreshauptversammlung 2026 Wir laden Euch\/Sie recht herzlich zu unserer Jahreshauptversammlung ein.\u00a0Wann: Freitag, den 17. April 2026 um 19 UhrWo: Restaurant S\u00fcdlicht Paladion (Nebenraum)Tagesordnung:1. Begr\u00fc\u00dfung und Bericht der stellvertretenden Abteilungsleiter\/innen2. Bericht sportliche Leitung3. Kassenbericht 20254. Bericht des Rechnungs- und Kassenpr\u00fcfungsausschusses undBeschlussfassung \u00fcber die Entlastung des Vorstandes und derGesch\u00e4ftsstelle f\u00fcr das Rechnungsjahr 20255. Neuwahlen Delegierte6. VerschiedenesWir [&hellip;]\" \/>\n<meta property=\"og:url\" content=\"https:\/\/www.sv-boeblingen.de\/leichtathletik\/\" \/>\n<meta property=\"og:site_name\" content=\"Leichtathletik - Sportvereinigung B\u00f6blingen e.V.\" \/>\n<meta property=\"article:modified_time\" content=\"2026-02-24T19:45:14+00:00\" \/>\n<meta property=\"og:image\" content=\"https:\/\/www.sv-boeblingen.de\/leichtathletik\/wp-content\/uploads\/2026\/01\/Screenshot_20260117-1659032.jpg\" \/>\n<meta name=\"twitter:card\" content=\"summary_large_image\" \/>\n<meta name=\"twitter:label1\" content=\"Gesch\u00e4tzte Lesezeit\" \/>\n\t<meta name=\"twitter:data1\" content=\"5\u00a0Minuten\" \/>\n<script type=\"application\/ld+json\" class=\"yoast-schema-graph\">{\"@context\":\"https:\/\/schema.org\",\"@graph\":[{\"@type\":\"WebPage\",\"@id\":\"https:\/\/www.sv-boeblingen.de\/leichtathletik\/\",\"url\":\"https:\/\/www.sv-boeblingen.de\/leichtathletik\/\",\"name\":\"NEWS - Leichtathletik - Sportvereinigung B\u00f6blingen e.V.\",\"isPartOf\":{\"@id\":\"https:\/\/www.sv-boeblingen.de\/leichtathletik\/#website\"},\"primaryImageOfPage\":{\"@id\":\"https:\/\/www.sv-boeblingen.de\/leichtathletik\/#primaryimage\"},\"image\":{\"@id\":\"https:\/\/www.sv-boeblingen.de\/leichtathletik\/#primaryimage\"},\"thumbnailUrl\":\"https:\/\/www.sv-boeblingen.de\/leichtathletik\/wp-content\/uploads\/2026\/01\/Screenshot_20260117-1659032.jpg\",\"datePublished\":\"2017-12-20T17:03:17+00:00\",\"dateModified\":\"2026-02-24T19:45:14+00:00\",\"breadcrumb\":{\"@id\":\"https:\/\/www.sv-boeblingen.de\/leichtathletik\/#breadcrumb\"},\"inLanguage\":\"de\",\"potentialAction\":[{\"@type\":\"ReadAction\",\"target\":[\"https:\/\/www.sv-boeblingen.de\/leichtathletik\/\"]}]},{\"@type\":\"ImageObject\",\"inLanguage\":\"de\",\"@id\":\"https:\/\/www.sv-boeblingen.de\/leichtathletik\/#primaryimage\",\"url\":\"https:\/\/www.sv-boeblingen.de\/leichtathletik\/wp-content\/uploads\/2026\/01\/Screenshot_20260117-1659032.jpg\",\"contentUrl\":\"https:\/\/www.sv-boeblingen.de\/leichtathletik\/wp-content\/uploads\/2026\/01\/Screenshot_20260117-1659032.jpg\",\"width\":1440,\"height\":1488},{\"@type\":\"BreadcrumbList\",\"@id\":\"https:\/\/www.sv-boeblingen.de\/leichtathletik\/#breadcrumb\",\"itemListElement\":[{\"@type\":\"ListItem\",\"position\":1,\"name\":\"Home\",\"item\":\"https:\/\/www.sv-boeblingen.de\/leichtathletik\/\"},{\"@type\":\"ListItem\",\"position\":2,\"name\":\"NEWS\"}]},{\"@type\":\"WebSite\",\"@id\":\"https:\/\/www.sv-boeblingen.de\/leichtathletik\/#website\",\"url\":\"https:\/\/www.sv-boeblingen.de\/leichtathletik\/\",\"name\":\"Leichtathletik - Sportvereinigung B\u00f6blingen e.V.\",\"description\":\"Wir bewegen B\u00f6blingen.\",\"potentialAction\":[{\"@type\":\"SearchAction\",\"target\":{\"@type\":\"EntryPoint\",\"urlTemplate\":\"https:\/\/www.sv-boeblingen.de\/leichtathletik\/?s={search_term_string}\"},\"query-input\":\"required name=search_term_string\"}],\"inLanguage\":\"de\"}]}<\/script>\n<!-- \/ Yoast SEO plugin. -->","yoast_head_json":{"title":"NEWS - Leichtathletik - Sportvereinigung B\u00f6blingen e.V.","robots":{"index":"index","follow":"follow","max-snippet":"max-snippet:-1","max-image-preview":"max-image-preview:large","max-video-preview":"max-video-preview:-1"},"canonical":"https:\/\/www.sv-boeblingen.de\/leichtathletik\/","og_locale":"de_DE","og_type":"article","og_title":"NEWS - Leichtathletik - Sportvereinigung B\u00f6blingen e.V.","og_description":"News Jahreshauptversammlung 2026 Wir laden Euch\/Sie recht herzlich zu unserer Jahreshauptversammlung ein.\u00a0Wann: Freitag, den 17. April 2026 um 19 UhrWo: Restaurant S\u00fcdlicht Paladion (Nebenraum)Tagesordnung:1. Begr\u00fc\u00dfung und Bericht der stellvertretenden Abteilungsleiter\/innen2. Bericht sportliche Leitung3. Kassenbericht 20254. Bericht des Rechnungs- und Kassenpr\u00fcfungsausschusses undBeschlussfassung \u00fcber die Entlastung des Vorstandes und derGesch\u00e4ftsstelle f\u00fcr das Rechnungsjahr 20255. Neuwahlen Delegierte6. VerschiedenesWir [&hellip;]","og_url":"https:\/\/www.sv-boeblingen.de\/leichtathletik\/","og_site_name":"Leichtathletik - Sportvereinigung B\u00f6blingen e.V.","article_modified_time":"2026-02-24T19:45:14+00:00","og_image":[{"url":"https:\/\/www.sv-boeblingen.de\/leichtathletik\/wp-content\/uploads\/2026\/01\/Screenshot_20260117-1659032.jpg"}],"twitter_card":"summary_large_image","twitter_misc":{"Gesch\u00e4tzte Lesezeit":"5\u00a0Minuten"},"schema":{"@context":"https:\/\/schema.org","@graph":[{"@type":"WebPage","@id":"https:\/\/www.sv-boeblingen.de\/leichtathletik\/","url":"https:\/\/www.sv-boeblingen.de\/leichtathletik\/","name":"NEWS - Leichtathletik - Sportvereinigung B\u00f6blingen e.V.","isPartOf":{"@id":"https:\/\/www.sv-boeblingen.de\/leichtathletik\/#website"},"primaryImageOfPage":{"@id":"https:\/\/www.sv-boeblingen.de\/leichtathletik\/#primaryimage"},"image":{"@id":"https:\/\/www.sv-boeblingen.de\/leichtathletik\/#primaryimage"},"thumbnailUrl":"https:\/\/www.sv-boeblingen.de\/leichtathletik\/wp-content\/uploads\/2026\/01\/Screenshot_20260117-1659032.jpg","datePublished":"2017-12-20T17:03:17+00:00","dateModified":"2026-02-24T19:45:14+00:00","breadcrumb":{"@id":"https:\/\/www.sv-boeblingen.de\/leichtathletik\/#breadcrumb"},"inLanguage":"de","potentialAction":[{"@type":"ReadAction","target":["https:\/\/www.sv-boeblingen.de\/leichtathletik\/"]}]},{"@type":"ImageObject","inLanguage":"de","@id":"https:\/\/www.sv-boeblingen.de\/leichtathletik\/#primaryimage","url":"https:\/\/www.sv-boeblingen.de\/leichtathletik\/wp-content\/uploads\/2026\/01\/Screenshot_20260117-1659032.jpg","contentUrl":"https:\/\/www.sv-boeblingen.de\/leichtathletik\/wp-content\/uploads\/2026\/01\/Screenshot_20260117-1659032.jpg","width":1440,"height":1488},{"@type":"BreadcrumbList","@id":"https:\/\/www.sv-boeblingen.de\/leichtathletik\/#breadcrumb","itemListElement":[{"@type":"ListItem","position":1,"name":"Home","item":"https:\/\/www.sv-boeblingen.de\/leichtathletik\/"},{"@type":"ListItem","position":2,"name":"NEWS"}]},{"@type":"WebSite","@id":"https:\/\/www.sv-boeblingen.de\/leichtathletik\/#website","url":"https:\/\/www.sv-boeblingen.de\/leichtathletik\/","name":"Leichtathletik - Sportvereinigung B\u00f6blingen e.V.","description":"Wir bewegen B\u00f6blingen.","potentialAction":[{"@type":"SearchAction","target":{"@type":"EntryPoint","urlTemplate":"https:\/\/www.sv-boeblingen.de\/leichtathletik\/?s={search_term_string}"},"query-input":"required name=search_term_string"}],"inLanguage":"de"}]}},"_links":{"self":[{"href":"https:\/\/www.sv-boeblingen.de\/leichtathletik\/wp-json\/wp\/v2\/pages\/2","targetHints":{"allow":["GET"]}}],"collection":[{"href":"https:\/\/www.sv-boeblingen.de\/leichtathletik\/wp-json\/wp\/v2\/pages"}],"about":[{"href":"https:\/\/www.sv-boeblingen.de\/leichtathletik\/wp-json\/wp\/v2\/types\/page"}],"author":[{"embeddable":true,"href":"https:\/\/www.sv-boeblingen.de\/leichtathletik\/wp-json\/wp\/v2\/users\/1"}],"replies":[{"embeddable":true,"href":"https:\/\/www.sv-boeblingen.de\/leichtathletik\/wp-json\/wp\/v2\/comments?post=2"}],"version-history":[{"count":59,"href":"https:\/\/www.sv-boeblingen.de\/leichtathletik\/wp-json\/wp\/v2\/pages\/2\/revisions"}],"predecessor-version":[{"id":1253,"href":"https:\/\/www.sv-boeblingen.de\/leichtathletik\/wp-json\/wp\/v2\/pages\/2\/revisions\/1253"}],"wp:attachment":[{"href":"https:\/\/www.sv-boeblingen.de\/leichtathletik\/wp-json\/wp\/v2\/media?parent=2"}],"curies":[{"name":"wp","href":"https:\/\/api.w.org\/{rel}","templated":true}]}}