{"id":177,"date":"2020-04-15T20:45:27","date_gmt":"2020-04-15T18:45:27","guid":{"rendered":"http:\/\/www.sv-boeblingen.de\/leichtathletikneu\/?page_id=177"},"modified":"2024-03-10T14:41:38","modified_gmt":"2024-03-10T13:41:38","slug":"trainingszeiten","status":"publish","type":"page","link":"https:\/\/www.sv-boeblingen.de\/leichtathletik\/trainingszeiten\/","title":{"rendered":"TRAININGSZEITEN"},"content":{"rendered":"<h2>Trainingszeiten<\/h2>\r\n<div class=\"wp-block-group\">\r\n<div class=\"wp-block-group__inner-container\">\r\n<p class=\"has-text-color has-very-dark-gray-color\"><strong>Ab April eines Jahres<\/strong> trainieren wir in der Regel alle im Stadion an der Stuttgarter Stra\u00dfe. Treffpunkt ist in der Baracke (&#8222;Datscha&#8220;) am 100m Zieleinlauf.<br \/><strong>Ab Oktober eines Jahres<\/strong> trainieren wir getrennt in verschiedenen Sporthallen in B\u00f6blingen.<\/p>\r\n\r\n\r\n\r\n<p><strong>Achtung. einige Gruppen haben aktuell einen Aufnahmestopp! Daher vorher auf unserer Trainingsseite schauen, ob Kapazit\u00e4ten frei sind.<\/strong> Wir begr\u00fc\u00dfen es ausdr\u00fccklich, wenn junge Athleten bevor sie zu uns sto\u00dfen, bei uns im Training schnuppern. Erst danach erwarten wir einen Vereinsbeitritt. <strong>Zum Schnuppern bitte NICHT direkt beim Training vorbeischauen, sondern vorher in unserer Gesch\u00e4ftsstelle anfragen, ob auch Platz und Zeit in der Trainingsgruppe vor Ort ist.<\/strong> Ein Anruf bei unserer Gesch\u00e4ftsstelle bringt hier Kl\u00e4rung.<\/p>\r\n<h4><em>Die SV B\u00f6blingen Leichtathletik sucht Verst\u00e4rkung f\u00fcr den rasant steigenden Nachwuchs<\/em><\/h4>\r\n<p>Nachwuchssorgen haben wir garantiert nicht. Das gute Trainingsangebot in der Leichtathletik wird in B\u00f6blingen, insbesondere bei den ganz jungen Athletinnen und Athleten, sehr stark nachgefragt. Dem wollen wir durch eine Verst\u00e4rkung des Trainerteams Rechnung tragen.<\/p>\r\n<h5>Wir suchen permanent:<\/h5>\r\n<p>Eine oder mehrere Trainer\/-innen Leichtathletik mit C-Lizenz oder erfahrene \u00dcbungsleiter\/-innen mit viel Freude am Sport und Motivation das w\u00f6chentliche Training, sowie die Wettkampfbetreuung \u00fcbernimmt. Die Altersgruppen k\u00f6nnen in Abstimmung mit unserem Trainerteam festgelegt werden. Ebenso ergibt sich dadurch der bevorzugte Trainingstag, wobei nat\u00fcrlich in Abstimmung auch der Wochentag gewechselt werden kann.<\/p>\r\n<p>Das Training findet im Sommer im Stadion an der Stuttgarter Stra\u00dfe statt. Im Winter stehen verschiedene Hallen in der Stadt B\u00f6blingen zur Verf\u00fcgung.<\/p>\r\n<p>Das Leichtathletik Schwerpunkte werden auf die Altersgruppe ausgerichtet und in Abstimmung mit der sportlichen Leitung festgelegt.<\/p>\r\n<p>Wir bieten: <br \/>&#8211; Qualifizierung und Weiterbildung auf Vereinskosten<br \/>&#8211; \u00dcbungsleiter-Aufwandsentsch\u00e4digungen<br \/>&#8211; und ein attraktives Stadion<\/p>\r\n<\/div>\r\n<\/div>\r\n<!-- \/wp:post-content -->\r\n\r\n<!-- wp:table {\"className\":\"is-style-stripes\"} \/-->","protected":false},"excerpt":{"rendered":"<p>Trainingszeiten Ab April eines Jahres trainieren wir in der Regel alle im Stadion an der Stuttgarter Stra\u00dfe. Treffpunkt ist in der Baracke (&#8222;Datscha&#8220;) am 100m Zieleinlauf.Ab Oktober eines Jahres trainieren wir getrennt in verschiedenen Sporthallen in B\u00f6blingen. Achtung. einige Gruppen haben aktuell einen Aufnahmestopp! Daher vorher auf unserer Trainingsseite schauen, ob Kapazit\u00e4ten frei sind. Wir [&hellip;]<\/p>\n","protected":false},"author":3,"featured_media":0,"parent":0,"menu_order":0,"comment_status":"closed","ping_status":"closed","template":"","meta":{"footnotes":""},"class_list":["post-177","page","type-page","status-publish","hentry"],"yoast_head":"<!-- This site is optimized with the Yoast SEO plugin v22.2 - https:\/\/yoast.com\/wordpress\/plugins\/seo\/ -->\n<title>TRAININGSZEITEN - Leichtathletik - Sportvereinigung B\u00f6blingen e.V.<\/title>\n<meta name=\"robots\" content=\"index, follow, max-snippet:-1, max-image-preview:large, max-video-preview:-1\" \/>\n<link rel=\"canonical\" href=\"https:\/\/www.sv-boeblingen.de\/leichtathletik\/trainingszeiten\/\" \/>\n<meta property=\"og:locale\" content=\"de_DE\" \/>\n<meta property=\"og:type\" content=\"article\" \/>\n<meta property=\"og:title\" content=\"TRAININGSZEITEN - Leichtathletik - Sportvereinigung B\u00f6blingen e.V.\" \/>\n<meta property=\"og:description\" content=\"Trainingszeiten Ab April eines Jahres trainieren wir in der Regel alle im Stadion an der Stuttgarter Stra\u00dfe. Treffpunkt ist in der Baracke (&#8222;Datscha&#8220;) am 100m Zieleinlauf.Ab Oktober eines Jahres trainieren wir getrennt in verschiedenen Sporthallen in B\u00f6blingen. Achtung. einige Gruppen haben aktuell einen Aufnahmestopp! Daher vorher auf unserer Trainingsseite schauen, ob Kapazit\u00e4ten frei sind. Wir [&hellip;]\" \/>\n<meta property=\"og:url\" content=\"https:\/\/www.sv-boeblingen.de\/leichtathletik\/trainingszeiten\/\" \/>\n<meta property=\"og:site_name\" content=\"Leichtathletik - Sportvereinigung B\u00f6blingen e.V.\" \/>\n<meta property=\"article:modified_time\" content=\"2024-03-10T13:41:38+00:00\" \/>\n<meta name=\"twitter:card\" content=\"summary_large_image\" \/>\n<meta name=\"twitter:label1\" content=\"Gesch\u00e4tzte Lesezeit\" \/>\n\t<meta name=\"twitter:data1\" content=\"2\u00a0Minuten\" \/>\n<script type=\"application\/ld+json\" class=\"yoast-schema-graph\">{\"@context\":\"https:\/\/schema.org\",\"@graph\":[{\"@type\":\"WebPage\",\"@id\":\"https:\/\/www.sv-boeblingen.de\/leichtathletik\/trainingszeiten\/\",\"url\":\"https:\/\/www.sv-boeblingen.de\/leichtathletik\/trainingszeiten\/\",\"name\":\"TRAININGSZEITEN - Leichtathletik - Sportvereinigung B\u00f6blingen e.V.\",\"isPartOf\":{\"@id\":\"https:\/\/www.sv-boeblingen.de\/leichtathletik\/#website\"},\"datePublished\":\"2020-04-15T18:45:27+00:00\",\"dateModified\":\"2024-03-10T13:41:38+00:00\",\"breadcrumb\":{\"@id\":\"https:\/\/www.sv-boeblingen.de\/leichtathletik\/trainingszeiten\/#breadcrumb\"},\"inLanguage\":\"de\",\"potentialAction\":[{\"@type\":\"ReadAction\",\"target\":[\"https:\/\/www.sv-boeblingen.de\/leichtathletik\/trainingszeiten\/\"]}]},{\"@type\":\"BreadcrumbList\",\"@id\":\"https:\/\/www.sv-boeblingen.de\/leichtathletik\/trainingszeiten\/#breadcrumb\",\"itemListElement\":[{\"@type\":\"ListItem\",\"position\":1,\"name\":\"Home\",\"item\":\"https:\/\/www.sv-boeblingen.de\/leichtathletik\/\"},{\"@type\":\"ListItem\",\"position\":2,\"name\":\"TRAININGSZEITEN\"}]},{\"@type\":\"WebSite\",\"@id\":\"https:\/\/www.sv-boeblingen.de\/leichtathletik\/#website\",\"url\":\"https:\/\/www.sv-boeblingen.de\/leichtathletik\/\",\"name\":\"Leichtathletik - Sportvereinigung B\u00f6blingen e.V.\",\"description\":\"Wir bewegen B\u00f6blingen.\",\"potentialAction\":[{\"@type\":\"SearchAction\",\"target\":{\"@type\":\"EntryPoint\",\"urlTemplate\":\"https:\/\/www.sv-boeblingen.de\/leichtathletik\/?s={search_term_string}\"},\"query-input\":\"required name=search_term_string\"}],\"inLanguage\":\"de\"}]}<\/script>\n<!-- \/ Yoast SEO plugin. -->","yoast_head_json":{"title":"TRAININGSZEITEN - Leichtathletik - Sportvereinigung B\u00f6blingen e.V.","robots":{"index":"index","follow":"follow","max-snippet":"max-snippet:-1","max-image-preview":"max-image-preview:large","max-video-preview":"max-video-preview:-1"},"canonical":"https:\/\/www.sv-boeblingen.de\/leichtathletik\/trainingszeiten\/","og_locale":"de_DE","og_type":"article","og_title":"TRAININGSZEITEN - Leichtathletik - Sportvereinigung B\u00f6blingen e.V.","og_description":"Trainingszeiten Ab April eines Jahres trainieren wir in der Regel alle im Stadion an der Stuttgarter Stra\u00dfe. Treffpunkt ist in der Baracke (&#8222;Datscha&#8220;) am 100m Zieleinlauf.Ab Oktober eines Jahres trainieren wir getrennt in verschiedenen Sporthallen in B\u00f6blingen. Achtung. einige Gruppen haben aktuell einen Aufnahmestopp! Daher vorher auf unserer Trainingsseite schauen, ob Kapazit\u00e4ten frei sind. Wir [&hellip;]","og_url":"https:\/\/www.sv-boeblingen.de\/leichtathletik\/trainingszeiten\/","og_site_name":"Leichtathletik - Sportvereinigung B\u00f6blingen e.V.","article_modified_time":"2024-03-10T13:41:38+00:00","twitter_card":"summary_large_image","twitter_misc":{"Gesch\u00e4tzte Lesezeit":"2\u00a0Minuten"},"schema":{"@context":"https:\/\/schema.org","@graph":[{"@type":"WebPage","@id":"https:\/\/www.sv-boeblingen.de\/leichtathletik\/trainingszeiten\/","url":"https:\/\/www.sv-boeblingen.de\/leichtathletik\/trainingszeiten\/","name":"TRAININGSZEITEN - Leichtathletik - Sportvereinigung B\u00f6blingen e.V.","isPartOf":{"@id":"https:\/\/www.sv-boeblingen.de\/leichtathletik\/#website"},"datePublished":"2020-04-15T18:45:27+00:00","dateModified":"2024-03-10T13:41:38+00:00","breadcrumb":{"@id":"https:\/\/www.sv-boeblingen.de\/leichtathletik\/trainingszeiten\/#breadcrumb"},"inLanguage":"de","potentialAction":[{"@type":"ReadAction","target":["https:\/\/www.sv-boeblingen.de\/leichtathletik\/trainingszeiten\/"]}]},{"@type":"BreadcrumbList","@id":"https:\/\/www.sv-boeblingen.de\/leichtathletik\/trainingszeiten\/#breadcrumb","itemListElement":[{"@type":"ListItem","position":1,"name":"Home","item":"https:\/\/www.sv-boeblingen.de\/leichtathletik\/"},{"@type":"ListItem","position":2,"name":"TRAININGSZEITEN"}]},{"@type":"WebSite","@id":"https:\/\/www.sv-boeblingen.de\/leichtathletik\/#website","url":"https:\/\/www.sv-boeblingen.de\/leichtathletik\/","name":"Leichtathletik - Sportvereinigung B\u00f6blingen e.V.","description":"Wir bewegen B\u00f6blingen.","potentialAction":[{"@type":"SearchAction","target":{"@type":"EntryPoint","urlTemplate":"https:\/\/www.sv-boeblingen.de\/leichtathletik\/?s={search_term_string}"},"query-input":"required name=search_term_string"}],"inLanguage":"de"}]}},"_links":{"self":[{"href":"https:\/\/www.sv-boeblingen.de\/leichtathletik\/wp-json\/wp\/v2\/pages\/177","targetHints":{"allow":["GET"]}}],"collection":[{"href":"https:\/\/www.sv-boeblingen.de\/leichtathletik\/wp-json\/wp\/v2\/pages"}],"about":[{"href":"https:\/\/www.sv-boeblingen.de\/leichtathletik\/wp-json\/wp\/v2\/types\/page"}],"author":[{"embeddable":true,"href":"https:\/\/www.sv-boeblingen.de\/leichtathletik\/wp-json\/wp\/v2\/users\/3"}],"replies":[{"embeddable":true,"href":"https:\/\/www.sv-boeblingen.de\/leichtathletik\/wp-json\/wp\/v2\/comments?post=177"}],"version-history":[{"count":21,"href":"https:\/\/www.sv-boeblingen.de\/leichtathletik\/wp-json\/wp\/v2\/pages\/177\/revisions"}],"predecessor-version":[{"id":1037,"href":"https:\/\/www.sv-boeblingen.de\/leichtathletik\/wp-json\/wp\/v2\/pages\/177\/revisions\/1037"}],"wp:attachment":[{"href":"https:\/\/www.sv-boeblingen.de\/leichtathletik\/wp-json\/wp\/v2\/media?parent=177"}],"curies":[{"name":"wp","href":"https:\/\/api.w.org\/{rel}","templated":true}]}}